{"id":10007,"date":"2019-10-30T14:26:52","date_gmt":"2019-10-30T14:26:52","guid":{"rendered":"https:\/\/www.anticopomario.com\/?post_type=product&#038;p=10007"},"modified":"2025-04-17T06:22:16","modified_gmt":"2025-04-17T06:22:16","slug":"rugginosa","status":"publish","type":"product","link":"https:\/\/www.anticopomario.com\/en\/product\/rugginosa\/","title":{"rendered":"MELO RUGGINOSA"},"content":{"rendered":"<div class=\"wpb-content-wrapper\"><p>[vc_row][vc_column][vc_column_text]<strong>Caratteristiche:<\/strong>\u00a0<em>Riznosa<\/em> \u00e8 una cultivar gi\u00e0 citata nel 1813 negli &#8220;Annali dell&#8217;agricoltura del Regno d&#8217;Italia&#8221; da Giuseppe Portapuglia tra le variet\u00e0 di melo presenti nel piacentino. <em>Riznosa<\/em> presenta frutti di forma globoso &#8211; conica, con pezzatura medio &#8211; piccola (peso medio 140 g). Il peduncolo \u00e8 corto, di grossezza media. La buccia \u00e8 completamente rugginosa, ruvida e opaca. La polpa \u00e8 di colore bianco, tenera, fondente e succosa, dal sapore zuccherino.<\/p>\n<p><strong>Epoca di fioritura:<\/strong>\u00a0II\u00b0 decade di Aprile<\/p>\n<p><strong>Impollinazione:<\/strong> Necessaria, impollinatori consigliati: <em><strong><a href=\"https:\/\/www.anticopomario.com\/index4.php?id0=0&amp;id1=3&amp;id2=50&amp;id3=6&amp;id4=10&amp;prodotti_id=530\" target=\"_blank\" rel=\"noopener noreferrer\" data-cke-saved-href=\"https:\/\/www.anticopomario.com\/index4.php?id0=0&amp;id1=3&amp;id2=50&amp;id3=6&amp;id4=10&amp;prodotti_id=530\">Abbondanza<\/a><\/strong><\/em><\/p>\n<p><strong>Epoca di raccolta:<\/strong>\u00a0III\u00b0 decade di Settembre<\/p>\n<p><strong>Editore:<\/strong> libera da vincoli[\/vc_column_text][\/vc_column][\/vc_row]<\/p>\n<\/div>","protected":false},"excerpt":{"rendered":"<p><strong>Caratteristiche:<\/strong>\u00a0<em>Riznosa<\/em> \u00e8 una cultivar gi\u00e0 citata nel 1813 negli &#8220;Annali dell&#8217;agricoltura del Regno d&#8217;Italia&#8221; da Giuseppe Portapuglia tra le variet\u00e0 di melo presenti nel piacentino. <em>Riznosa<\/em> presenta frutti di forma globoso &#8211; conica, con pezzatura medio &#8211; piccola (peso medio 140 g). Il peduncolo \u00e8 corto, di grossezza media. La buccia \u00e8 completamente rugginosa, ruvida e opaca. La polpa \u00e8 di colore bianco, tenera, fondente e succosa, dal sapore zuccherino.<\/p>\n<p><strong>Epoca di fioritura:<\/strong>\u00a0II\u00b0 decade di Aprile<\/p>\n<p><strong>Impollinazione:<\/strong> Necessaria, impollinatori consigliati: <em><strong><a href=\"https:\/\/www.anticopomario.com\/index4.php?id0=0&amp;id1=3&amp;id2=50&amp;id3=6&amp;id4=10&amp;prodotti_id=530\" target=\"_blank\" rel=\"noopener noreferrer\" data-cke-saved-href=\"https:\/\/www.anticopomario.com\/index4.php?id0=0&amp;id1=3&amp;id2=50&amp;id3=6&amp;id4=10&amp;prodotti_id=530\">Abbondanza<\/a><\/strong><\/em><\/p>\n<p><strong>Epoca di raccolta:<\/strong>\u00a0III\u00b0 decade di Settembre<\/p>\n<p><strong>Editore:<\/strong> libera da vincoli<\/p>\n","protected":false},"featured_media":10010,"template":"","meta":[],"product_brand":[],"product_cat":[232,110],"product_tag":[],"class_list":{"0":"post-10007","1":"product","2":"type-product","3":"status-publish","4":"has-post-thumbnail","6":"product_cat-mele-antiche","7":"product_cat-varieta-antiche","8":"product_shipping_class-piante-da-frutto","10":"first","11":"outofstock","12":"shipping-taxable","13":"purchasable","14":"product-type-simple"},"yoast_head":"<!-- This site is optimized with the Yoast SEO plugin v27.3 - https:\/\/yoast.com\/product\/yoast-seo-wordpress\/ -->\n<title>Piante di mele online su AnticoPomario | melo RUGGINOSA<\/title>\n<meta name=\"description\" content=\"Acquista online la tua pianta di mele. Melo RUGGINOSA. Confronta le piante da frutto,le variet\u00e0 antiche e le viti dei vivai Dalmonte.\" \/>\n<meta name=\"robots\" content=\"index, follow, max-snippet:-1, max-image-preview:large, max-video-preview:-1\" \/>\n<link rel=\"canonical\" href=\"https:\/\/www.anticopomario.com\/prodotto\/rugginosa\/\" \/>\n<meta property=\"og:locale\" content=\"en_US\" \/>\n<meta property=\"og:type\" content=\"article\" \/>\n<meta property=\"og:title\" content=\"Piante di mele online su AnticoPomario | melo RUGGINOSA\" \/>\n<meta property=\"og:description\" content=\"Acquista online la tua pianta di mele. Melo RUGGINOSA. Confronta le piante da frutto,le variet\u00e0 antiche e le viti dei vivai Dalmonte.\" \/>\n<meta property=\"og:url\" content=\"https:\/\/www.anticopomario.com\/prodotto\/rugginosa\/\" \/>\n<meta property=\"og:site_name\" content=\"Antico Pomario\" \/>\n<meta property=\"article:publisher\" content=\"https:\/\/www.facebook.com\/AnticoPomario\" \/>\n<meta property=\"article:modified_time\" content=\"2025-04-17T06:22:16+00:00\" \/>\n<meta property=\"og:image\" content=\"https:\/\/www.anticopomario.com\/wp-content\/uploads\/2019\/10\/m_rugginosa_2-scaled.jpg\" \/>\n\t<meta property=\"og:image:width\" content=\"1733\" \/>\n\t<meta property=\"og:image:height\" content=\"1300\" \/>\n\t<meta property=\"og:image:type\" content=\"image\/jpeg\" \/>\n<meta name=\"twitter:card\" content=\"summary_large_image\" \/>\n<script type=\"application\/ld+json\" class=\"yoast-schema-graph\">{\"@context\":\"https:\\\/\\\/schema.org\",\"@graph\":[{\"@type\":\"WebPage\",\"@id\":\"https:\\\/\\\/www.anticopomario.com\\\/prodotto\\\/rugginosa\\\/\",\"url\":\"https:\\\/\\\/www.anticopomario.com\\\/prodotto\\\/rugginosa\\\/\",\"name\":\"Piante di mele online su AnticoPomario | melo RUGGINOSA\",\"isPartOf\":{\"@id\":\"https:\\\/\\\/www.anticopomario.com\\\/#website\"},\"primaryImageOfPage\":{\"@id\":\"https:\\\/\\\/www.anticopomario.com\\\/prodotto\\\/rugginosa\\\/#primaryimage\"},\"image\":{\"@id\":\"https:\\\/\\\/www.anticopomario.com\\\/prodotto\\\/rugginosa\\\/#primaryimage\"},\"thumbnailUrl\":\"https:\\\/\\\/www.anticopomario.com\\\/wp-content\\\/uploads\\\/2019\\\/10\\\/m_rugginosa_2-scaled.jpg\",\"datePublished\":\"2019-10-30T14:26:52+00:00\",\"dateModified\":\"2025-04-17T06:22:16+00:00\",\"description\":\"Acquista online la tua pianta di mele. Melo RUGGINOSA. Confronta le piante da frutto,le variet\u00e0 antiche e le viti dei vivai Dalmonte.\",\"breadcrumb\":{\"@id\":\"https:\\\/\\\/www.anticopomario.com\\\/prodotto\\\/rugginosa\\\/#breadcrumb\"},\"inLanguage\":\"en-US\",\"potentialAction\":[{\"@type\":\"ReadAction\",\"target\":[\"https:\\\/\\\/www.anticopomario.com\\\/prodotto\\\/rugginosa\\\/\"]}]},{\"@type\":\"ImageObject\",\"inLanguage\":\"en-US\",\"@id\":\"https:\\\/\\\/www.anticopomario.com\\\/prodotto\\\/rugginosa\\\/#primaryimage\",\"url\":\"https:\\\/\\\/www.anticopomario.com\\\/wp-content\\\/uploads\\\/2019\\\/10\\\/m_rugginosa_2-scaled.jpg\",\"contentUrl\":\"https:\\\/\\\/www.anticopomario.com\\\/wp-content\\\/uploads\\\/2019\\\/10\\\/m_rugginosa_2-scaled.jpg\",\"width\":1733,\"height\":1300,\"caption\":\"foto melo rugginosa\"},{\"@type\":\"BreadcrumbList\",\"@id\":\"https:\\\/\\\/www.anticopomario.com\\\/prodotto\\\/rugginosa\\\/#breadcrumb\",\"itemListElement\":[{\"@type\":\"ListItem\",\"position\":1,\"name\":\"Home\",\"item\":\"https:\\\/\\\/www.anticopomario.com\\\/\"},{\"@type\":\"ListItem\",\"position\":2,\"name\":\"Shop\",\"item\":\"https:\\\/\\\/www.anticopomario.com\\\/shop\\\/\"},{\"@type\":\"ListItem\",\"position\":3,\"name\":\"MELO RUGGINOSA\"}]},{\"@type\":\"WebSite\",\"@id\":\"https:\\\/\\\/www.anticopomario.com\\\/#website\",\"url\":\"https:\\\/\\\/www.anticopomario.com\\\/\",\"name\":\"Antico Pomario\",\"description\":\"Piante da frutto, variet\u00e0 antiche, barbatelle di vite e specie da riscoprire\",\"publisher\":{\"@id\":\"https:\\\/\\\/www.anticopomario.com\\\/#organization\"},\"potentialAction\":[{\"@type\":\"SearchAction\",\"target\":{\"@type\":\"EntryPoint\",\"urlTemplate\":\"https:\\\/\\\/www.anticopomario.com\\\/?s={search_term_string}\"},\"query-input\":{\"@type\":\"PropertyValueSpecification\",\"valueRequired\":true,\"valueName\":\"search_term_string\"}}],\"inLanguage\":\"en-US\"},{\"@type\":\"Organization\",\"@id\":\"https:\\\/\\\/www.anticopomario.com\\\/#organization\",\"name\":\"Dalmonte Guido e Vittorio Vivai\",\"url\":\"https:\\\/\\\/www.anticopomario.com\\\/\",\"logo\":{\"@type\":\"ImageObject\",\"inLanguage\":\"en-US\",\"@id\":\"https:\\\/\\\/www.anticopomario.com\\\/#\\\/schema\\\/logo\\\/image\\\/\",\"url\":\"https:\\\/\\\/www.anticopomario.com\\\/wp-content\\\/uploads\\\/2019\\\/10\\\/Logo-Dalmonte-1.jpg\",\"contentUrl\":\"https:\\\/\\\/www.anticopomario.com\\\/wp-content\\\/uploads\\\/2019\\\/10\\\/Logo-Dalmonte-1.jpg\",\"width\":504,\"height\":356,\"caption\":\"Dalmonte Guido e Vittorio Vivai\"},\"image\":{\"@id\":\"https:\\\/\\\/www.anticopomario.com\\\/#\\\/schema\\\/logo\\\/image\\\/\"},\"sameAs\":[\"https:\\\/\\\/www.facebook.com\\\/AnticoPomario\"]}]}<\/script>\n<!-- \/ Yoast SEO plugin. -->","yoast_head_json":{"title":"Piante di mele online su AnticoPomario | melo RUGGINOSA","description":"Acquista online la tua pianta di mele. Melo RUGGINOSA. Confronta le piante da frutto,le variet\u00e0 antiche e le viti dei vivai Dalmonte.","robots":{"index":"index","follow":"follow","max-snippet":"max-snippet:-1","max-image-preview":"max-image-preview:large","max-video-preview":"max-video-preview:-1"},"canonical":"https:\/\/www.anticopomario.com\/prodotto\/rugginosa\/","og_locale":"en_US","og_type":"article","og_title":"Piante di mele online su AnticoPomario | melo RUGGINOSA","og_description":"Acquista online la tua pianta di mele. Melo RUGGINOSA. Confronta le piante da frutto,le variet\u00e0 antiche e le viti dei vivai Dalmonte.","og_url":"https:\/\/www.anticopomario.com\/prodotto\/rugginosa\/","og_site_name":"Antico Pomario","article_publisher":"https:\/\/www.facebook.com\/AnticoPomario","article_modified_time":"2025-04-17T06:22:16+00:00","og_image":[{"width":1733,"height":1300,"url":"https:\/\/www.anticopomario.com\/wp-content\/uploads\/2019\/10\/m_rugginosa_2-scaled.jpg","type":"image\/jpeg"}],"twitter_card":"summary_large_image","schema":{"@context":"https:\/\/schema.org","@graph":[{"@type":"WebPage","@id":"https:\/\/www.anticopomario.com\/prodotto\/rugginosa\/","url":"https:\/\/www.anticopomario.com\/prodotto\/rugginosa\/","name":"Piante di mele online su AnticoPomario | melo RUGGINOSA","isPartOf":{"@id":"https:\/\/www.anticopomario.com\/#website"},"primaryImageOfPage":{"@id":"https:\/\/www.anticopomario.com\/prodotto\/rugginosa\/#primaryimage"},"image":{"@id":"https:\/\/www.anticopomario.com\/prodotto\/rugginosa\/#primaryimage"},"thumbnailUrl":"https:\/\/www.anticopomario.com\/wp-content\/uploads\/2019\/10\/m_rugginosa_2-scaled.jpg","datePublished":"2019-10-30T14:26:52+00:00","dateModified":"2025-04-17T06:22:16+00:00","description":"Acquista online la tua pianta di mele. Melo RUGGINOSA. Confronta le piante da frutto,le variet\u00e0 antiche e le viti dei vivai Dalmonte.","breadcrumb":{"@id":"https:\/\/www.anticopomario.com\/prodotto\/rugginosa\/#breadcrumb"},"inLanguage":"en-US","potentialAction":[{"@type":"ReadAction","target":["https:\/\/www.anticopomario.com\/prodotto\/rugginosa\/"]}]},{"@type":"ImageObject","inLanguage":"en-US","@id":"https:\/\/www.anticopomario.com\/prodotto\/rugginosa\/#primaryimage","url":"https:\/\/www.anticopomario.com\/wp-content\/uploads\/2019\/10\/m_rugginosa_2-scaled.jpg","contentUrl":"https:\/\/www.anticopomario.com\/wp-content\/uploads\/2019\/10\/m_rugginosa_2-scaled.jpg","width":1733,"height":1300,"caption":"foto melo rugginosa"},{"@type":"BreadcrumbList","@id":"https:\/\/www.anticopomario.com\/prodotto\/rugginosa\/#breadcrumb","itemListElement":[{"@type":"ListItem","position":1,"name":"Home","item":"https:\/\/www.anticopomario.com\/"},{"@type":"ListItem","position":2,"name":"Shop","item":"https:\/\/www.anticopomario.com\/shop\/"},{"@type":"ListItem","position":3,"name":"MELO RUGGINOSA"}]},{"@type":"WebSite","@id":"https:\/\/www.anticopomario.com\/#website","url":"https:\/\/www.anticopomario.com\/","name":"Antico Pomario","description":"Piante da frutto, variet\u00e0 antiche, barbatelle di vite e specie da riscoprire","publisher":{"@id":"https:\/\/www.anticopomario.com\/#organization"},"potentialAction":[{"@type":"SearchAction","target":{"@type":"EntryPoint","urlTemplate":"https:\/\/www.anticopomario.com\/?s={search_term_string}"},"query-input":{"@type":"PropertyValueSpecification","valueRequired":true,"valueName":"search_term_string"}}],"inLanguage":"en-US"},{"@type":"Organization","@id":"https:\/\/www.anticopomario.com\/#organization","name":"Dalmonte Guido e Vittorio Vivai","url":"https:\/\/www.anticopomario.com\/","logo":{"@type":"ImageObject","inLanguage":"en-US","@id":"https:\/\/www.anticopomario.com\/#\/schema\/logo\/image\/","url":"https:\/\/www.anticopomario.com\/wp-content\/uploads\/2019\/10\/Logo-Dalmonte-1.jpg","contentUrl":"https:\/\/www.anticopomario.com\/wp-content\/uploads\/2019\/10\/Logo-Dalmonte-1.jpg","width":504,"height":356,"caption":"Dalmonte Guido e Vittorio Vivai"},"image":{"@id":"https:\/\/www.anticopomario.com\/#\/schema\/logo\/image\/"},"sameAs":["https:\/\/www.facebook.com\/AnticoPomario"]}]}},"_links":{"self":[{"href":"https:\/\/www.anticopomario.com\/en\/wp-json\/wp\/v2\/product\/10007","targetHints":{"allow":["GET"]}}],"collection":[{"href":"https:\/\/www.anticopomario.com\/en\/wp-json\/wp\/v2\/product"}],"about":[{"href":"https:\/\/www.anticopomario.com\/en\/wp-json\/wp\/v2\/types\/product"}],"wp:featuredmedia":[{"embeddable":true,"href":"https:\/\/www.anticopomario.com\/en\/wp-json\/wp\/v2\/media\/10010"}],"wp:attachment":[{"href":"https:\/\/www.anticopomario.com\/en\/wp-json\/wp\/v2\/media?parent=10007"}],"wp:term":[{"taxonomy":"product_brand","embeddable":true,"href":"https:\/\/www.anticopomario.com\/en\/wp-json\/wp\/v2\/product_brand?post=10007"},{"taxonomy":"product_cat","embeddable":true,"href":"https:\/\/www.anticopomario.com\/en\/wp-json\/wp\/v2\/product_cat?post=10007"},{"taxonomy":"product_tag","embeddable":true,"href":"https:\/\/www.anticopomario.com\/en\/wp-json\/wp\/v2\/product_tag?post=10007"}],"curies":[{"name":"wp","href":"https:\/\/api.w.org\/{rel}","templated":true}]}}