{"id":10481,"date":"2019-11-06T09:14:41","date_gmt":"2019-11-06T09:14:41","guid":{"rendered":"https:\/\/www.anticopomario.com\/?post_type=product&#038;p=10481"},"modified":"2024-11-29T09:49:33","modified_gmt":"2024-11-29T09:49:33","slug":"vite-da-tavola-italia","status":"publish","type":"product","link":"https:\/\/www.anticopomario.com\/en\/product\/vite-da-tavola-italia\/","title":{"rendered":"Vite da tavola APIRENA BIANCA PRECOCE"},"content":{"rendered":"<div class=\"wpb-content-wrapper\"><p>[vc_row][vc_column][vc_column_text]<\/p>\n<div align=\"justify\">\n<p><strong>Caratteristiche:<\/strong> un&#8217;uva <em><strong>apirena bianca <\/strong><\/em>interessante per la sua precocit\u00e0, per l&#8217;attrattivit\u00e0 del grappolo e per la buona tolleranza alla frigoconservazione. Il vitigno \u00e8 dotato di buona vigoria e discreta fertilit\u00e0, i grappoli presentano buona resistenza alla manipolazione ed al trasporto. Possiede una buona affinit\u00e0 con i pi\u00f9 comuni portinnesti della vite <a href=\"http:\/\/catalogoviti.politicheagricole.it\/result.php?codice=615\" target=\"_blank\" rel=\"noopener noreferrer\" data-cke-saved-href=\"http:\/\/catalogoviti.politicheagricole.it\/result.php?codice=615\"><em><strong>(S.O. 4<\/strong><\/em><\/a>,\u00a0 <a href=\"http:\/\/catalogoviti.politicheagricole.it\/result.php?codice=610\" target=\"_blank\" rel=\"noopener noreferrer\" data-cke-saved-href=\"http:\/\/catalogoviti.politicheagricole.it\/result.php?codice=610\"><em><strong>Kober 5BB<\/strong><\/em><\/a>). <em>\u00a0P<\/em>resenta un grappolo grande, spargolo, di forma piramidale, alato. Il peduncolo \u00e8 di lunghezza media, spesso legnoso alla base. Gli acini sono grandi, di forma ovoidale, con buccia spessa ma tenera di colore giallo ambrato, dalla polpa soda e croccante, gustosa. I vinaccioli sono verdi e rudimentali, non disturbano durante l&#8217;assaggio<\/p>\n<p><strong>Germogliamento:<\/strong> Media<\/p>\n<p><strong>Fioritura:<\/strong> Media<\/p>\n<p><strong>Maturazione:<\/strong> I\u00b0 decade di Agosto<\/p>\n<\/div>\n<p>[\/vc_column_text][\/vc_column][\/vc_row]<\/p>\n<\/div>","protected":false},"excerpt":{"rendered":"<div align=\"justify\">\n<p><strong>Caratteristiche:<\/strong> un&#8217;uva <em><strong>apirena bianca <\/strong><\/em>interessante per la sua precocit\u00e0, per l&#8217;attrattivit\u00e0 del grappolo e per la buona tolleranza alla frigoconservazione. Il vitigno \u00e8 dotato di buona vigoria e discreta fertilit\u00e0, i grappoli presentano buona resistenza alla manipolazione ed al trasporto. Possiede una buona affinit\u00e0 con i pi\u00f9 comuni portinnesti della vite <a href=\"http:\/\/catalogoviti.politicheagricole.it\/result.php?codice=615\" target=\"_blank\" rel=\"noopener noreferrer\" data-cke-saved-href=\"http:\/\/catalogoviti.politicheagricole.it\/result.php?codice=615\"><em><strong>(S.O. 4<\/strong><\/em><\/a>,\u00a0 <a href=\"http:\/\/catalogoviti.politicheagricole.it\/result.php?codice=610\" target=\"_blank\" rel=\"noopener noreferrer\" data-cke-saved-href=\"http:\/\/catalogoviti.politicheagricole.it\/result.php?codice=610\"><em><strong>Kober 5BB<\/strong><\/em><\/a>). <em>\u00a0P<\/em>resenta un grappolo grande, spargolo, di forma piramidale, alato. Il peduncolo \u00e8 di lunghezza media, spesso legnoso alla base. Gli acini sono grandi, di forma ovoidale, con buccia spessa ma tenera di colore giallo ambrato, dalla polpa soda e croccante, gustosa. I vinaccioli sono verdi e rudimentali, non disturbano durante l&#8217;assaggio<\/p>\n<p><strong>Germogliamento:<\/strong> Media<\/p>\n<p><strong>Fioritura:<\/strong> Media<\/p>\n<p><strong>Maturazione:<\/strong> I\u00b0 decade di Agosto<\/p>\n<\/div>\n","protected":false},"featured_media":10845,"template":"","meta":[],"product_brand":[],"product_cat":[111,274],"product_tag":[],"class_list":{"0":"post-10481","1":"product","2":"type-product","3":"status-publish","4":"has-post-thumbnail","6":"product_cat-barbatelle-di-vite","7":"product_cat-uva-da-tavola-bianca","8":"product_shipping_class-viti","10":"first","11":"outofstock","12":"shipping-taxable","13":"purchasable","14":"product-type-simple"},"yoast_head":"<!-- This site is optimized with the Yoast SEO plugin v27.3 - https:\/\/yoast.com\/product\/yoast-seo-wordpress\/ -->\n<title>Piante di vite online su AnticoPomario | Vite da tavola APIRENA BIANCA<\/title>\n<meta name=\"description\" content=\"Acquista online le barbatelle di vite. APIRENA BIANCA PRECOCE . Scopri le altre vartit\u00e0 di vite, le piante da frutto e le variet\u00e0 antiche online su AnticoPomario\" \/>\n<meta name=\"robots\" content=\"index, follow, max-snippet:-1, max-image-preview:large, max-video-preview:-1\" \/>\n<link rel=\"canonical\" href=\"https:\/\/www.anticopomario.com\/prodotto\/vite-da-tavola-italia\/\" \/>\n<meta property=\"og:locale\" content=\"en_US\" \/>\n<meta property=\"og:type\" content=\"article\" \/>\n<meta property=\"og:title\" content=\"Piante di vite online su AnticoPomario | Vite da tavola APIRENA BIANCA\" \/>\n<meta property=\"og:description\" content=\"Acquista online le barbatelle di vite. APIRENA BIANCA PRECOCE . Scopri le altre vartit\u00e0 di vite, le piante da frutto e le variet\u00e0 antiche online su AnticoPomario\" \/>\n<meta property=\"og:url\" content=\"https:\/\/www.anticopomario.com\/prodotto\/vite-da-tavola-italia\/\" \/>\n<meta property=\"og:site_name\" content=\"Antico Pomario\" \/>\n<meta property=\"article:publisher\" content=\"https:\/\/www.facebook.com\/AnticoPomario\" \/>\n<meta property=\"article:modified_time\" content=\"2024-11-29T09:49:33+00:00\" \/>\n<meta property=\"og:image\" content=\"https:\/\/www.anticopomario.com\/wp-content\/uploads\/2019\/11\/aphrodite-Uva-da-tavola-bianca-Barbatelle-AnticoPomario-Dalmonte-vivai-viti-e1732873757484.jpg\" \/>\n\t<meta property=\"og:image:width\" content=\"226\" \/>\n\t<meta property=\"og:image:height\" content=\"257\" \/>\n\t<meta property=\"og:image:type\" content=\"image\/jpeg\" \/>\n<meta name=\"twitter:card\" content=\"summary_large_image\" \/>\n<script type=\"application\/ld+json\" class=\"yoast-schema-graph\">{\"@context\":\"https:\\\/\\\/schema.org\",\"@graph\":[{\"@type\":\"WebPage\",\"@id\":\"https:\\\/\\\/www.anticopomario.com\\\/prodotto\\\/vite-da-tavola-italia\\\/\",\"url\":\"https:\\\/\\\/www.anticopomario.com\\\/prodotto\\\/vite-da-tavola-italia\\\/\",\"name\":\"Piante di vite online su AnticoPomario | Vite da tavola APIRENA BIANCA\",\"isPartOf\":{\"@id\":\"https:\\\/\\\/www.anticopomario.com\\\/#website\"},\"primaryImageOfPage\":{\"@id\":\"https:\\\/\\\/www.anticopomario.com\\\/prodotto\\\/vite-da-tavola-italia\\\/#primaryimage\"},\"image\":{\"@id\":\"https:\\\/\\\/www.anticopomario.com\\\/prodotto\\\/vite-da-tavola-italia\\\/#primaryimage\"},\"thumbnailUrl\":\"https:\\\/\\\/www.anticopomario.com\\\/wp-content\\\/uploads\\\/2019\\\/11\\\/aphrodite-Uva-da-tavola-bianca-Barbatelle-AnticoPomario-Dalmonte-vivai-viti-e1732873862547.jpg\",\"datePublished\":\"2019-11-06T09:14:41+00:00\",\"dateModified\":\"2024-11-29T09:49:33+00:00\",\"description\":\"Acquista online le barbatelle di vite. APIRENA BIANCA PRECOCE . Scopri le altre vartit\u00e0 di vite, le piante da frutto e le variet\u00e0 antiche online su AnticoPomario\",\"breadcrumb\":{\"@id\":\"https:\\\/\\\/www.anticopomario.com\\\/prodotto\\\/vite-da-tavola-italia\\\/#breadcrumb\"},\"inLanguage\":\"en-US\",\"potentialAction\":[{\"@type\":\"ReadAction\",\"target\":[\"https:\\\/\\\/www.anticopomario.com\\\/prodotto\\\/vite-da-tavola-italia\\\/\"]}]},{\"@type\":\"ImageObject\",\"inLanguage\":\"en-US\",\"@id\":\"https:\\\/\\\/www.anticopomario.com\\\/prodotto\\\/vite-da-tavola-italia\\\/#primaryimage\",\"url\":\"https:\\\/\\\/www.anticopomario.com\\\/wp-content\\\/uploads\\\/2019\\\/11\\\/aphrodite-Uva-da-tavola-bianca-Barbatelle-AnticoPomario-Dalmonte-vivai-viti-e1732873862547.jpg\",\"contentUrl\":\"https:\\\/\\\/www.anticopomario.com\\\/wp-content\\\/uploads\\\/2019\\\/11\\\/aphrodite-Uva-da-tavola-bianca-Barbatelle-AnticoPomario-Dalmonte-vivai-viti-e1732873862547.jpg\",\"width\":261,\"height\":260,\"caption\":\"foto dei grappoli d'uva Uva da tavola bianca 2\"},{\"@type\":\"BreadcrumbList\",\"@id\":\"https:\\\/\\\/www.anticopomario.com\\\/prodotto\\\/vite-da-tavola-italia\\\/#breadcrumb\",\"itemListElement\":[{\"@type\":\"ListItem\",\"position\":1,\"name\":\"Home\",\"item\":\"https:\\\/\\\/www.anticopomario.com\\\/\"},{\"@type\":\"ListItem\",\"position\":2,\"name\":\"Shop\",\"item\":\"https:\\\/\\\/www.anticopomario.com\\\/shop\\\/\"},{\"@type\":\"ListItem\",\"position\":3,\"name\":\"Vite da tavola APIRENA BIANCA PRECOCE\"}]},{\"@type\":\"WebSite\",\"@id\":\"https:\\\/\\\/www.anticopomario.com\\\/#website\",\"url\":\"https:\\\/\\\/www.anticopomario.com\\\/\",\"name\":\"Antico Pomario\",\"description\":\"Piante da frutto, variet\u00e0 antiche, barbatelle di vite e specie da riscoprire\",\"publisher\":{\"@id\":\"https:\\\/\\\/www.anticopomario.com\\\/#organization\"},\"potentialAction\":[{\"@type\":\"SearchAction\",\"target\":{\"@type\":\"EntryPoint\",\"urlTemplate\":\"https:\\\/\\\/www.anticopomario.com\\\/?s={search_term_string}\"},\"query-input\":{\"@type\":\"PropertyValueSpecification\",\"valueRequired\":true,\"valueName\":\"search_term_string\"}}],\"inLanguage\":\"en-US\"},{\"@type\":\"Organization\",\"@id\":\"https:\\\/\\\/www.anticopomario.com\\\/#organization\",\"name\":\"Dalmonte Guido e Vittorio Vivai\",\"url\":\"https:\\\/\\\/www.anticopomario.com\\\/\",\"logo\":{\"@type\":\"ImageObject\",\"inLanguage\":\"en-US\",\"@id\":\"https:\\\/\\\/www.anticopomario.com\\\/#\\\/schema\\\/logo\\\/image\\\/\",\"url\":\"https:\\\/\\\/www.anticopomario.com\\\/wp-content\\\/uploads\\\/2019\\\/10\\\/Logo-Dalmonte-1.jpg\",\"contentUrl\":\"https:\\\/\\\/www.anticopomario.com\\\/wp-content\\\/uploads\\\/2019\\\/10\\\/Logo-Dalmonte-1.jpg\",\"width\":504,\"height\":356,\"caption\":\"Dalmonte Guido e Vittorio Vivai\"},\"image\":{\"@id\":\"https:\\\/\\\/www.anticopomario.com\\\/#\\\/schema\\\/logo\\\/image\\\/\"},\"sameAs\":[\"https:\\\/\\\/www.facebook.com\\\/AnticoPomario\"]}]}<\/script>\n<!-- \/ Yoast SEO plugin. -->","yoast_head_json":{"title":"Piante di vite online su AnticoPomario | Vite da tavola APIRENA BIANCA","description":"Acquista online le barbatelle di vite. APIRENA BIANCA PRECOCE . Scopri le altre vartit\u00e0 di vite, le piante da frutto e le variet\u00e0 antiche online su AnticoPomario","robots":{"index":"index","follow":"follow","max-snippet":"max-snippet:-1","max-image-preview":"max-image-preview:large","max-video-preview":"max-video-preview:-1"},"canonical":"https:\/\/www.anticopomario.com\/prodotto\/vite-da-tavola-italia\/","og_locale":"en_US","og_type":"article","og_title":"Piante di vite online su AnticoPomario | Vite da tavola APIRENA BIANCA","og_description":"Acquista online le barbatelle di vite. APIRENA BIANCA PRECOCE . Scopri le altre vartit\u00e0 di vite, le piante da frutto e le variet\u00e0 antiche online su AnticoPomario","og_url":"https:\/\/www.anticopomario.com\/prodotto\/vite-da-tavola-italia\/","og_site_name":"Antico Pomario","article_publisher":"https:\/\/www.facebook.com\/AnticoPomario","article_modified_time":"2024-11-29T09:49:33+00:00","og_image":[{"width":226,"height":257,"url":"https:\/\/www.anticopomario.com\/wp-content\/uploads\/2019\/11\/aphrodite-Uva-da-tavola-bianca-Barbatelle-AnticoPomario-Dalmonte-vivai-viti-e1732873757484.jpg","type":"image\/jpeg"}],"twitter_card":"summary_large_image","schema":{"@context":"https:\/\/schema.org","@graph":[{"@type":"WebPage","@id":"https:\/\/www.anticopomario.com\/prodotto\/vite-da-tavola-italia\/","url":"https:\/\/www.anticopomario.com\/prodotto\/vite-da-tavola-italia\/","name":"Piante di vite online su AnticoPomario | Vite da tavola APIRENA BIANCA","isPartOf":{"@id":"https:\/\/www.anticopomario.com\/#website"},"primaryImageOfPage":{"@id":"https:\/\/www.anticopomario.com\/prodotto\/vite-da-tavola-italia\/#primaryimage"},"image":{"@id":"https:\/\/www.anticopomario.com\/prodotto\/vite-da-tavola-italia\/#primaryimage"},"thumbnailUrl":"https:\/\/www.anticopomario.com\/wp-content\/uploads\/2019\/11\/aphrodite-Uva-da-tavola-bianca-Barbatelle-AnticoPomario-Dalmonte-vivai-viti-e1732873862547.jpg","datePublished":"2019-11-06T09:14:41+00:00","dateModified":"2024-11-29T09:49:33+00:00","description":"Acquista online le barbatelle di vite. APIRENA BIANCA PRECOCE . Scopri le altre vartit\u00e0 di vite, le piante da frutto e le variet\u00e0 antiche online su AnticoPomario","breadcrumb":{"@id":"https:\/\/www.anticopomario.com\/prodotto\/vite-da-tavola-italia\/#breadcrumb"},"inLanguage":"en-US","potentialAction":[{"@type":"ReadAction","target":["https:\/\/www.anticopomario.com\/prodotto\/vite-da-tavola-italia\/"]}]},{"@type":"ImageObject","inLanguage":"en-US","@id":"https:\/\/www.anticopomario.com\/prodotto\/vite-da-tavola-italia\/#primaryimage","url":"https:\/\/www.anticopomario.com\/wp-content\/uploads\/2019\/11\/aphrodite-Uva-da-tavola-bianca-Barbatelle-AnticoPomario-Dalmonte-vivai-viti-e1732873862547.jpg","contentUrl":"https:\/\/www.anticopomario.com\/wp-content\/uploads\/2019\/11\/aphrodite-Uva-da-tavola-bianca-Barbatelle-AnticoPomario-Dalmonte-vivai-viti-e1732873862547.jpg","width":261,"height":260,"caption":"foto dei grappoli d'uva Uva da tavola bianca 2"},{"@type":"BreadcrumbList","@id":"https:\/\/www.anticopomario.com\/prodotto\/vite-da-tavola-italia\/#breadcrumb","itemListElement":[{"@type":"ListItem","position":1,"name":"Home","item":"https:\/\/www.anticopomario.com\/"},{"@type":"ListItem","position":2,"name":"Shop","item":"https:\/\/www.anticopomario.com\/shop\/"},{"@type":"ListItem","position":3,"name":"Vite da tavola APIRENA BIANCA PRECOCE"}]},{"@type":"WebSite","@id":"https:\/\/www.anticopomario.com\/#website","url":"https:\/\/www.anticopomario.com\/","name":"Antico Pomario","description":"Piante da frutto, variet\u00e0 antiche, barbatelle di vite e specie da riscoprire","publisher":{"@id":"https:\/\/www.anticopomario.com\/#organization"},"potentialAction":[{"@type":"SearchAction","target":{"@type":"EntryPoint","urlTemplate":"https:\/\/www.anticopomario.com\/?s={search_term_string}"},"query-input":{"@type":"PropertyValueSpecification","valueRequired":true,"valueName":"search_term_string"}}],"inLanguage":"en-US"},{"@type":"Organization","@id":"https:\/\/www.anticopomario.com\/#organization","name":"Dalmonte Guido e Vittorio Vivai","url":"https:\/\/www.anticopomario.com\/","logo":{"@type":"ImageObject","inLanguage":"en-US","@id":"https:\/\/www.anticopomario.com\/#\/schema\/logo\/image\/","url":"https:\/\/www.anticopomario.com\/wp-content\/uploads\/2019\/10\/Logo-Dalmonte-1.jpg","contentUrl":"https:\/\/www.anticopomario.com\/wp-content\/uploads\/2019\/10\/Logo-Dalmonte-1.jpg","width":504,"height":356,"caption":"Dalmonte Guido e Vittorio Vivai"},"image":{"@id":"https:\/\/www.anticopomario.com\/#\/schema\/logo\/image\/"},"sameAs":["https:\/\/www.facebook.com\/AnticoPomario"]}]}},"_links":{"self":[{"href":"https:\/\/www.anticopomario.com\/en\/wp-json\/wp\/v2\/product\/10481","targetHints":{"allow":["GET"]}}],"collection":[{"href":"https:\/\/www.anticopomario.com\/en\/wp-json\/wp\/v2\/product"}],"about":[{"href":"https:\/\/www.anticopomario.com\/en\/wp-json\/wp\/v2\/types\/product"}],"wp:featuredmedia":[{"embeddable":true,"href":"https:\/\/www.anticopomario.com\/en\/wp-json\/wp\/v2\/media\/10845"}],"wp:attachment":[{"href":"https:\/\/www.anticopomario.com\/en\/wp-json\/wp\/v2\/media?parent=10481"}],"wp:term":[{"taxonomy":"product_brand","embeddable":true,"href":"https:\/\/www.anticopomario.com\/en\/wp-json\/wp\/v2\/product_brand?post=10481"},{"taxonomy":"product_cat","embeddable":true,"href":"https:\/\/www.anticopomario.com\/en\/wp-json\/wp\/v2\/product_cat?post=10481"},{"taxonomy":"product_tag","embeddable":true,"href":"https:\/\/www.anticopomario.com\/en\/wp-json\/wp\/v2\/product_tag?post=10481"}],"curies":[{"name":"wp","href":"https:\/\/api.w.org\/{rel}","templated":true}]}}