{"id":10960,"date":"2019-11-14T10:50:03","date_gmt":"2019-11-14T10:50:03","guid":{"rendered":"https:\/\/www.anticopomario.com\/?post_type=product&#038;p=10960"},"modified":"2026-03-31T07:45:33","modified_gmt":"2026-03-31T07:45:33","slug":"vite-da-vino-famoso","status":"publish","type":"product","link":"https:\/\/www.anticopomario.com\/en\/product\/vite-da-vino-famoso\/","title":{"rendered":"Vite da vino FAMOSO"},"content":{"rendered":"<div class=\"wpb-content-wrapper\"><p>[vc_row][vc_column][vc_column_text]<\/p>\n<div align=\"justify\">\n<div align=\"justify\">\n<p><strong>Caratteristiche:<\/strong>\u00a0Il <em>Famoso<\/em>\u00a0\u00e8\u00a0presente in <em><strong><a href=\"https:\/\/it.wikipedia.org\/wiki\/Romagna\" target=\"_blank\" rel=\"noopener noreferrer\" data-cke-saved-href=\"https:\/\/it.wikipedia.org\/wiki\/Romagna\">Romagna<\/a><\/strong><\/em> almeno dal 1800,\u00a0attualmente \u00e8 coltivato nelle zone di <em><strong><a href=\"https:\/\/it.wikipedia.org\/wiki\/Forl%C3%AC\" target=\"_blank\" rel=\"noopener noreferrer\" data-cke-saved-href=\"https:\/\/it.wikipedia.org\/wiki\/Forl%C3%AC\">Forl\u00ec<\/a><\/strong><\/em>, <em><strong><a href=\"https:\/\/it.wikipedia.org\/wiki\/Bertinoro\" target=\"_blank\" rel=\"noopener noreferrer\" data-cke-saved-href=\"https:\/\/it.wikipedia.org\/wiki\/Bertinoro\">Bertinoro<\/a><\/strong><\/em> e <em><strong><a href=\"https:\/\/it.wikipedia.org\/wiki\/Castrocaro_Terme_e_Terra_del_Sole\" target=\"_blank\" rel=\"noopener noreferrer\" data-cke-saved-href=\"https:\/\/it.wikipedia.org\/wiki\/Castrocaro_Terme_e_Terra_del_Sole\">Castrocaro<\/a><\/strong><\/em>, nelle colline intorno a <em><strong><a href=\"https:\/\/it.wikipedia.org\/wiki\/Cesena\" target=\"_blank\" rel=\"noopener noreferrer\" data-cke-saved-href=\"https:\/\/it.wikipedia.org\/wiki\/Cesena\">Cesena<\/a><\/strong><\/em>, <em><strong><a href=\"https:\/\/it.wikipedia.org\/wiki\/Brisighella\" target=\"_blank\" rel=\"noopener noreferrer\" data-cke-saved-href=\"https:\/\/it.wikipedia.org\/wiki\/Brisighella\">Brisighella<\/a><\/strong><\/em> e <em><strong><a href=\"https:\/\/it.wikipedia.org\/wiki\/Riolo_Terme\" target=\"_blank\" rel=\"noopener noreferrer\" data-cke-saved-href=\"https:\/\/it.wikipedia.org\/wiki\/Riolo_Terme\">Riolo<\/a><\/strong><\/em>.\u00a0Il\u00a0vitigno \u00e8 dotato di\u00a0vigoria medio-alta,\u00a0buona fertilit\u00e0 (discreta quella delle gemme basali), produttivit\u00e0 medio alta anche con potatura a sperone. Per quanto riguarda gli aspetti fenologici, ha un comportamento medio in tutte le fasi essendo risultato pi\u00f9 tardivo di circa 10 giorni rispetto allo Chardonnay.\u00a0Il <em>Famoso<\/em> risulta particolarmente adatto negli ambienti pedo-collinari dove esprime la massima potenzialit\u00e0 enologiche ma\u00a0pu\u00f2 trovare spazio anche in pianura, dove l&#8217;eventuale elevata produttivit\u00e0 pu\u00f2 essere controllata con opportune tecniche colturali. <em>Famoso<\/em>\u00a0presenta un grappolo di dimensioni medie, forma conica, spesso con un&#8217;ala, tendenzialmente spargolo. L&#8217;acino \u00e8 di dimesioni medie, troncovoide, con buccia di colore verde-giallo abbastanza spessa e consistente, pruinoso. La polpa \u00e8 abbastanza consistente, non colorata, ha sapore dolce e leggermente moscato<\/p>\n<p><strong>Germogliamento:<\/strong>\u00a0II\u00b0 decade Aprile\u00a0(+ 10 <a href=\"https:\/\/www.anticopomario.com\/index4.php?id0=0&amp;id1=3&amp;id2=50&amp;id3=15&amp;id4=21&amp;prodotti_id=182\" target=\"_blank\" rel=\"noopener noreferrer\" data-cke-saved-href=\"https:\/\/www.anticopomario.com\/index4.php?id0=0&amp;id1=3&amp;id2=50&amp;id3=15&amp;id4=21&amp;prodotti_id=182\"><em><strong>Chardonnay<\/strong><\/em><\/a>)<\/p>\n<p><strong>Fioritura:<\/strong>\u00a0III\u00b0 decade di Maggio &#8211; I\u00b0 decade di Giugno (+ 7<a href=\"https:\/\/www.anticopomario.com\/index4.php?id0=0&amp;id1=3&amp;id2=50&amp;id3=15&amp;id4=21&amp;prodotti_id=182\" target=\"_blank\" rel=\"noopener noreferrer\" data-cke-saved-href=\"https:\/\/www.anticopomario.com\/index4.php?id0=0&amp;id1=3&amp;id2=50&amp;id3=15&amp;id4=21&amp;prodotti_id=182\"><em><strong> Chardonnay<\/strong><\/em><\/a>)<\/p>\n<p><strong>Maturazione:<\/strong> II\u00b0 decade di Settembre (Medio precoce)<\/p>\n<\/div>\n<div align=\"justify\"><strong>Caratteristiche enologiche:<\/strong> <em>Famoso<\/em> pu\u00f2 produrre\u00a0vini di diversa tipologia, dal fermo al frizzante, ma tutti caratterizzati da notevole intensit\u00e0 di aromi.\u00a0I vini presentano un quadro olfattivo molto intenso che ricorda il vino Moscato, con note fiorali dolci, di frutta esotica, di drupa matura e frutta essiccata. Al gusto mostra acidit\u00e0 media, buona morbidezza e struttura<\/div>\n<div align=\"justify\"><\/div>\n<div align=\"justify\"><strong>Editore:<\/strong> Libero da vincoli<\/div>\n<\/div>\n<p>[\/vc_column_text][\/vc_column][\/vc_row]<\/p>\n<\/div>","protected":false},"excerpt":{"rendered":"<div align=\"justify\"><strong>Caratteristiche:<\/strong>\u00a0Il <em>Famoso<\/em>\u00a0\u00e8\u00a0presente in <em><strong><a href=\"https:\/\/it.wikipedia.org\/wiki\/Romagna\" target=\"_blank\" rel=\"noopener noreferrer\" data-cke-saved-href=\"https:\/\/it.wikipedia.org\/wiki\/Romagna\">Romagna<\/a><\/strong><\/em> almeno dal 1800,\u00a0attualmente \u00e8 coltivato nelle zone di <em><strong><a href=\"https:\/\/it.wikipedia.org\/wiki\/Forl%C3%AC\" target=\"_blank\" rel=\"noopener noreferrer\" data-cke-saved-href=\"https:\/\/it.wikipedia.org\/wiki\/Forl%C3%AC\">Forl\u00ec<\/a><\/strong><\/em>, <em><strong><a href=\"https:\/\/it.wikipedia.org\/wiki\/Bertinoro\" target=\"_blank\" rel=\"noopener noreferrer\" data-cke-saved-href=\"https:\/\/it.wikipedia.org\/wiki\/Bertinoro\">Bertinoro<\/a><\/strong><\/em> e <em><strong><a href=\"https:\/\/it.wikipedia.org\/wiki\/Castrocaro_Terme_e_Terra_del_Sole\" target=\"_blank\" rel=\"noopener noreferrer\" data-cke-saved-href=\"https:\/\/it.wikipedia.org\/wiki\/Castrocaro_Terme_e_Terra_del_Sole\">Castrocaro<\/a><\/strong><\/em>, nelle colline intorno a <em><strong><a href=\"https:\/\/it.wikipedia.org\/wiki\/Cesena\" target=\"_blank\" rel=\"noopener noreferrer\" data-cke-saved-href=\"https:\/\/it.wikipedia.org\/wiki\/Cesena\">Cesena<\/a><\/strong><\/em>, <em><strong><a href=\"https:\/\/it.wikipedia.org\/wiki\/Brisighella\" target=\"_blank\" rel=\"noopener noreferrer\" data-cke-saved-href=\"https:\/\/it.wikipedia.org\/wiki\/Brisighella\">Brisighella<\/a><\/strong><\/em> e <em><strong><a href=\"https:\/\/it.wikipedia.org\/wiki\/Riolo_Terme\" target=\"_blank\" rel=\"noopener noreferrer\" data-cke-saved-href=\"https:\/\/it.wikipedia.org\/wiki\/Riolo_Terme\">Riolo<\/a><\/strong><\/em>.\u00a0Il\u00a0vitigno \u00e8 dotato di\u00a0vigoria medio-alta,\u00a0buona fertilit\u00e0 (discreta quella delle gemme basali), produttivit\u00e0 medio alta anche con potatura a sperone. Per quanto riguarda gli aspetti fenologici, ha un comportamento medio in tutte le fasi essendo risultato pi\u00f9 tardivo di circa 10 giorni rispetto allo Chardonnay.\u00a0Il <em>Famoso<\/em> risulta particolarmente adatto negli ambienti pedo-collinari dove esprime la massima potenzialit\u00e0 enologiche ma\u00a0pu\u00f2 trovare spazio anche in pianura, dove l&#8217;eventuale elevata produttivit\u00e0 pu\u00f2 essere controllata con opportune tecniche colturali. <em>Famoso<\/em>\u00a0presenta un grappolo di dimensioni medie, forma conica, spesso con un&#8217;ala, tendenzialmente spargolo. L&#8217;acino \u00e8 di dimesioni medie, troncovoide, con buccia di colore verde-giallo abbastanza spessa e consistente, pruinoso. La polpa \u00e8 abbastanza consistente, non colorata, ha sapore dolce e leggermente moscato<\/p>\n<p><strong>Germogliamento:<\/strong>\u00a0II\u00b0 decade Aprile\u00a0(+ 10 <a href=\"https:\/\/www.anticopomario.com\/index4.php?id0=0&amp;id1=3&amp;id2=50&amp;id3=15&amp;id4=21&amp;prodotti_id=182\" target=\"_blank\" rel=\"noopener noreferrer\" data-cke-saved-href=\"https:\/\/www.anticopomario.com\/index4.php?id0=0&amp;id1=3&amp;id2=50&amp;id3=15&amp;id4=21&amp;prodotti_id=182\"><em><strong>Chardonnay<\/strong><\/em><\/a>)<\/p>\n<p><strong>Fioritura:<\/strong>\u00a0III\u00b0 decade di Maggio &#8211; I\u00b0 decade di Giugno (+ 7<a href=\"https:\/\/www.anticopomario.com\/index4.php?id0=0&amp;id1=3&amp;id2=50&amp;id3=15&amp;id4=21&amp;prodotti_id=182\" target=\"_blank\" rel=\"noopener noreferrer\" data-cke-saved-href=\"https:\/\/www.anticopomario.com\/index4.php?id0=0&amp;id1=3&amp;id2=50&amp;id3=15&amp;id4=21&amp;prodotti_id=182\"><em><strong> Chardonnay<\/strong><\/em><\/a>)<\/p>\n<p><strong>Maturazione:<\/strong> II\u00b0 decade di Settembre (Medio precoce)<\/div>\n<div align=\"justify\">\n<strong>Caratteristiche enologiche:<\/strong> <em>Famoso<\/em> pu\u00f2 produrre\u00a0vini di diversa tipologia, dal fermo al frizzante, ma tutti caratterizzati da notevole intensit\u00e0 di aromi.\u00a0I vini presentano un quadro olfattivo molto intenso che ricorda il vino Moscato, con note fiorali dolci, di frutta esotica, di drupa matura e frutta essiccata. Al gusto mostra acidit\u00e0 media, buona morbidezza e struttura<\/div>\n<div align=\"justify\"><\/div>\n<div align=\"justify\"><strong>Editore:<\/strong> Libero da vincoli<\/div>\n","protected":false},"featured_media":10961,"template":"","meta":[],"product_brand":[],"product_cat":[111,214],"product_tag":[],"class_list":{"0":"post-10960","1":"product","2":"type-product","3":"status-publish","4":"has-post-thumbnail","6":"product_cat-barbatelle-di-vite","7":"product_cat-vitigno-a-bacca-bianca","8":"product_shipping_class-viti","10":"first","11":"outofstock","12":"shipping-taxable","13":"purchasable","14":"product-type-simple"},"yoast_head":"<!-- This site is optimized with the Yoast SEO plugin v27.3 - https:\/\/yoast.com\/product\/yoast-seo-wordpress\/ -->\n<title>Piante di vite online su AnticoPomario | Vitigno FAMOSO<\/title>\n<meta name=\"description\" content=\"Acquista online le barbatelle di vite. Vitigno FAMOSO. Scopri le vartit\u00e0 di vite,le piante da frutto e le variet\u00e0 antiche online su AnticoPomario\" \/>\n<meta name=\"robots\" content=\"index, follow, max-snippet:-1, max-image-preview:large, max-video-preview:-1\" \/>\n<link rel=\"canonical\" href=\"https:\/\/www.anticopomario.com\/prodotto\/vite-da-vino-famoso\/\" \/>\n<meta property=\"og:locale\" content=\"en_US\" \/>\n<meta property=\"og:type\" content=\"article\" \/>\n<meta property=\"og:title\" content=\"Piante di vite online su AnticoPomario | Vitigno FAMOSO\" \/>\n<meta property=\"og:description\" content=\"Acquista online le barbatelle di vite. Vitigno FAMOSO. Scopri le vartit\u00e0 di vite,le piante da frutto e le variet\u00e0 antiche online su AnticoPomario\" \/>\n<meta property=\"og:url\" content=\"https:\/\/www.anticopomario.com\/prodotto\/vite-da-vino-famoso\/\" \/>\n<meta property=\"og:site_name\" content=\"Antico Pomario\" \/>\n<meta property=\"article:publisher\" content=\"https:\/\/www.facebook.com\/AnticoPomario\" \/>\n<meta property=\"article:modified_time\" content=\"2026-03-31T07:45:33+00:00\" \/>\n<meta property=\"og:image\" content=\"https:\/\/www.anticopomario.com\/wp-content\/uploads\/2019\/11\/v_famoso_1-Uva-da-vino-rossa-Barbatelle-AnticoPomario-Dalmonte-vivai-viti.jpg\" \/>\n\t<meta property=\"og:image:width\" content=\"670\" \/>\n\t<meta property=\"og:image:height\" content=\"695\" \/>\n\t<meta property=\"og:image:type\" content=\"image\/jpeg\" \/>\n<meta name=\"twitter:card\" content=\"summary_large_image\" \/>\n<script type=\"application\/ld+json\" class=\"yoast-schema-graph\">{\"@context\":\"https:\\\/\\\/schema.org\",\"@graph\":[{\"@type\":\"WebPage\",\"@id\":\"https:\\\/\\\/www.anticopomario.com\\\/prodotto\\\/vite-da-vino-famoso\\\/\",\"url\":\"https:\\\/\\\/www.anticopomario.com\\\/prodotto\\\/vite-da-vino-famoso\\\/\",\"name\":\"Piante di vite online su AnticoPomario | Vitigno FAMOSO\",\"isPartOf\":{\"@id\":\"https:\\\/\\\/www.anticopomario.com\\\/#website\"},\"primaryImageOfPage\":{\"@id\":\"https:\\\/\\\/www.anticopomario.com\\\/prodotto\\\/vite-da-vino-famoso\\\/#primaryimage\"},\"image\":{\"@id\":\"https:\\\/\\\/www.anticopomario.com\\\/prodotto\\\/vite-da-vino-famoso\\\/#primaryimage\"},\"thumbnailUrl\":\"https:\\\/\\\/www.anticopomario.com\\\/wp-content\\\/uploads\\\/2019\\\/11\\\/v_famoso_1-Uva-da-vino-rossa-Barbatelle-AnticoPomario-Dalmonte-vivai-viti.jpg\",\"datePublished\":\"2019-11-14T10:50:03+00:00\",\"dateModified\":\"2026-03-31T07:45:33+00:00\",\"description\":\"Acquista online le barbatelle di vite. Vitigno FAMOSO. Scopri le vartit\u00e0 di vite,le piante da frutto e le variet\u00e0 antiche online su AnticoPomario\",\"breadcrumb\":{\"@id\":\"https:\\\/\\\/www.anticopomario.com\\\/prodotto\\\/vite-da-vino-famoso\\\/#breadcrumb\"},\"inLanguage\":\"en-US\",\"potentialAction\":[{\"@type\":\"ReadAction\",\"target\":[\"https:\\\/\\\/www.anticopomario.com\\\/prodotto\\\/vite-da-vino-famoso\\\/\"]}]},{\"@type\":\"ImageObject\",\"inLanguage\":\"en-US\",\"@id\":\"https:\\\/\\\/www.anticopomario.com\\\/prodotto\\\/vite-da-vino-famoso\\\/#primaryimage\",\"url\":\"https:\\\/\\\/www.anticopomario.com\\\/wp-content\\\/uploads\\\/2019\\\/11\\\/v_famoso_1-Uva-da-vino-rossa-Barbatelle-AnticoPomario-Dalmonte-vivai-viti.jpg\",\"contentUrl\":\"https:\\\/\\\/www.anticopomario.com\\\/wp-content\\\/uploads\\\/2019\\\/11\\\/v_famoso_1-Uva-da-vino-rossa-Barbatelle-AnticoPomario-Dalmonte-vivai-viti.jpg\",\"width\":670,\"height\":695,\"caption\":\"foto dei frutti delle barbatelle di vite famoso_1\"},{\"@type\":\"BreadcrumbList\",\"@id\":\"https:\\\/\\\/www.anticopomario.com\\\/prodotto\\\/vite-da-vino-famoso\\\/#breadcrumb\",\"itemListElement\":[{\"@type\":\"ListItem\",\"position\":1,\"name\":\"Home\",\"item\":\"https:\\\/\\\/www.anticopomario.com\\\/\"},{\"@type\":\"ListItem\",\"position\":2,\"name\":\"Shop\",\"item\":\"https:\\\/\\\/www.anticopomario.com\\\/shop\\\/\"},{\"@type\":\"ListItem\",\"position\":3,\"name\":\"Vite da vino FAMOSO\"}]},{\"@type\":\"WebSite\",\"@id\":\"https:\\\/\\\/www.anticopomario.com\\\/#website\",\"url\":\"https:\\\/\\\/www.anticopomario.com\\\/\",\"name\":\"Antico Pomario\",\"description\":\"Piante da frutto, variet\u00e0 antiche, barbatelle di vite e specie da riscoprire\",\"publisher\":{\"@id\":\"https:\\\/\\\/www.anticopomario.com\\\/#organization\"},\"potentialAction\":[{\"@type\":\"SearchAction\",\"target\":{\"@type\":\"EntryPoint\",\"urlTemplate\":\"https:\\\/\\\/www.anticopomario.com\\\/?s={search_term_string}\"},\"query-input\":{\"@type\":\"PropertyValueSpecification\",\"valueRequired\":true,\"valueName\":\"search_term_string\"}}],\"inLanguage\":\"en-US\"},{\"@type\":\"Organization\",\"@id\":\"https:\\\/\\\/www.anticopomario.com\\\/#organization\",\"name\":\"Dalmonte Guido e Vittorio Vivai\",\"url\":\"https:\\\/\\\/www.anticopomario.com\\\/\",\"logo\":{\"@type\":\"ImageObject\",\"inLanguage\":\"en-US\",\"@id\":\"https:\\\/\\\/www.anticopomario.com\\\/#\\\/schema\\\/logo\\\/image\\\/\",\"url\":\"https:\\\/\\\/www.anticopomario.com\\\/wp-content\\\/uploads\\\/2019\\\/10\\\/Logo-Dalmonte-1.jpg\",\"contentUrl\":\"https:\\\/\\\/www.anticopomario.com\\\/wp-content\\\/uploads\\\/2019\\\/10\\\/Logo-Dalmonte-1.jpg\",\"width\":504,\"height\":356,\"caption\":\"Dalmonte Guido e Vittorio Vivai\"},\"image\":{\"@id\":\"https:\\\/\\\/www.anticopomario.com\\\/#\\\/schema\\\/logo\\\/image\\\/\"},\"sameAs\":[\"https:\\\/\\\/www.facebook.com\\\/AnticoPomario\"]}]}<\/script>\n<!-- \/ Yoast SEO plugin. -->","yoast_head_json":{"title":"Piante di vite online su AnticoPomario | Vitigno FAMOSO","description":"Acquista online le barbatelle di vite. Vitigno FAMOSO. Scopri le vartit\u00e0 di vite,le piante da frutto e le variet\u00e0 antiche online su AnticoPomario","robots":{"index":"index","follow":"follow","max-snippet":"max-snippet:-1","max-image-preview":"max-image-preview:large","max-video-preview":"max-video-preview:-1"},"canonical":"https:\/\/www.anticopomario.com\/prodotto\/vite-da-vino-famoso\/","og_locale":"en_US","og_type":"article","og_title":"Piante di vite online su AnticoPomario | Vitigno FAMOSO","og_description":"Acquista online le barbatelle di vite. Vitigno FAMOSO. Scopri le vartit\u00e0 di vite,le piante da frutto e le variet\u00e0 antiche online su AnticoPomario","og_url":"https:\/\/www.anticopomario.com\/prodotto\/vite-da-vino-famoso\/","og_site_name":"Antico Pomario","article_publisher":"https:\/\/www.facebook.com\/AnticoPomario","article_modified_time":"2026-03-31T07:45:33+00:00","og_image":[{"width":670,"height":695,"url":"https:\/\/www.anticopomario.com\/wp-content\/uploads\/2019\/11\/v_famoso_1-Uva-da-vino-rossa-Barbatelle-AnticoPomario-Dalmonte-vivai-viti.jpg","type":"image\/jpeg"}],"twitter_card":"summary_large_image","schema":{"@context":"https:\/\/schema.org","@graph":[{"@type":"WebPage","@id":"https:\/\/www.anticopomario.com\/prodotto\/vite-da-vino-famoso\/","url":"https:\/\/www.anticopomario.com\/prodotto\/vite-da-vino-famoso\/","name":"Piante di vite online su AnticoPomario | Vitigno FAMOSO","isPartOf":{"@id":"https:\/\/www.anticopomario.com\/#website"},"primaryImageOfPage":{"@id":"https:\/\/www.anticopomario.com\/prodotto\/vite-da-vino-famoso\/#primaryimage"},"image":{"@id":"https:\/\/www.anticopomario.com\/prodotto\/vite-da-vino-famoso\/#primaryimage"},"thumbnailUrl":"https:\/\/www.anticopomario.com\/wp-content\/uploads\/2019\/11\/v_famoso_1-Uva-da-vino-rossa-Barbatelle-AnticoPomario-Dalmonte-vivai-viti.jpg","datePublished":"2019-11-14T10:50:03+00:00","dateModified":"2026-03-31T07:45:33+00:00","description":"Acquista online le barbatelle di vite. Vitigno FAMOSO. Scopri le vartit\u00e0 di vite,le piante da frutto e le variet\u00e0 antiche online su AnticoPomario","breadcrumb":{"@id":"https:\/\/www.anticopomario.com\/prodotto\/vite-da-vino-famoso\/#breadcrumb"},"inLanguage":"en-US","potentialAction":[{"@type":"ReadAction","target":["https:\/\/www.anticopomario.com\/prodotto\/vite-da-vino-famoso\/"]}]},{"@type":"ImageObject","inLanguage":"en-US","@id":"https:\/\/www.anticopomario.com\/prodotto\/vite-da-vino-famoso\/#primaryimage","url":"https:\/\/www.anticopomario.com\/wp-content\/uploads\/2019\/11\/v_famoso_1-Uva-da-vino-rossa-Barbatelle-AnticoPomario-Dalmonte-vivai-viti.jpg","contentUrl":"https:\/\/www.anticopomario.com\/wp-content\/uploads\/2019\/11\/v_famoso_1-Uva-da-vino-rossa-Barbatelle-AnticoPomario-Dalmonte-vivai-viti.jpg","width":670,"height":695,"caption":"foto dei frutti delle barbatelle di vite famoso_1"},{"@type":"BreadcrumbList","@id":"https:\/\/www.anticopomario.com\/prodotto\/vite-da-vino-famoso\/#breadcrumb","itemListElement":[{"@type":"ListItem","position":1,"name":"Home","item":"https:\/\/www.anticopomario.com\/"},{"@type":"ListItem","position":2,"name":"Shop","item":"https:\/\/www.anticopomario.com\/shop\/"},{"@type":"ListItem","position":3,"name":"Vite da vino FAMOSO"}]},{"@type":"WebSite","@id":"https:\/\/www.anticopomario.com\/#website","url":"https:\/\/www.anticopomario.com\/","name":"Antico Pomario","description":"Piante da frutto, variet\u00e0 antiche, barbatelle di vite e specie da riscoprire","publisher":{"@id":"https:\/\/www.anticopomario.com\/#organization"},"potentialAction":[{"@type":"SearchAction","target":{"@type":"EntryPoint","urlTemplate":"https:\/\/www.anticopomario.com\/?s={search_term_string}"},"query-input":{"@type":"PropertyValueSpecification","valueRequired":true,"valueName":"search_term_string"}}],"inLanguage":"en-US"},{"@type":"Organization","@id":"https:\/\/www.anticopomario.com\/#organization","name":"Dalmonte Guido e Vittorio Vivai","url":"https:\/\/www.anticopomario.com\/","logo":{"@type":"ImageObject","inLanguage":"en-US","@id":"https:\/\/www.anticopomario.com\/#\/schema\/logo\/image\/","url":"https:\/\/www.anticopomario.com\/wp-content\/uploads\/2019\/10\/Logo-Dalmonte-1.jpg","contentUrl":"https:\/\/www.anticopomario.com\/wp-content\/uploads\/2019\/10\/Logo-Dalmonte-1.jpg","width":504,"height":356,"caption":"Dalmonte Guido e Vittorio Vivai"},"image":{"@id":"https:\/\/www.anticopomario.com\/#\/schema\/logo\/image\/"},"sameAs":["https:\/\/www.facebook.com\/AnticoPomario"]}]}},"_links":{"self":[{"href":"https:\/\/www.anticopomario.com\/en\/wp-json\/wp\/v2\/product\/10960","targetHints":{"allow":["GET"]}}],"collection":[{"href":"https:\/\/www.anticopomario.com\/en\/wp-json\/wp\/v2\/product"}],"about":[{"href":"https:\/\/www.anticopomario.com\/en\/wp-json\/wp\/v2\/types\/product"}],"wp:featuredmedia":[{"embeddable":true,"href":"https:\/\/www.anticopomario.com\/en\/wp-json\/wp\/v2\/media\/10961"}],"wp:attachment":[{"href":"https:\/\/www.anticopomario.com\/en\/wp-json\/wp\/v2\/media?parent=10960"}],"wp:term":[{"taxonomy":"product_brand","embeddable":true,"href":"https:\/\/www.anticopomario.com\/en\/wp-json\/wp\/v2\/product_brand?post=10960"},{"taxonomy":"product_cat","embeddable":true,"href":"https:\/\/www.anticopomario.com\/en\/wp-json\/wp\/v2\/product_cat?post=10960"},{"taxonomy":"product_tag","embeddable":true,"href":"https:\/\/www.anticopomario.com\/en\/wp-json\/wp\/v2\/product_tag?post=10960"}],"curies":[{"name":"wp","href":"https:\/\/api.w.org\/{rel}","templated":true}]}}