{"id":11009,"date":"2019-11-14T14:25:54","date_gmt":"2019-11-14T14:25:54","guid":{"rendered":"https:\/\/www.anticopomario.com\/?post_type=product&#038;p=11009"},"modified":"2026-03-31T07:45:10","modified_gmt":"2026-03-31T07:45:10","slug":"vite-da-vino-spergola","status":"publish","type":"product","link":"https:\/\/www.anticopomario.com\/en\/product\/vite-da-vino-spergola\/","title":{"rendered":"Vite da vino SPERGOLA"},"content":{"rendered":"<div class=\"wpb-content-wrapper\"><p>[vc_row][vc_column][vc_column_text]<\/p>\n<div align=\"justify\">\n<div align=\"justify\">\n<p><strong>Caratteristiche:<\/strong> La <em>Spergola<\/em> attualmente \u00e8 coltivata esclusivamente nei terreni collinari e pedecollinari della provincia di Reggio Emilia, a lungo \u00e8 stata confusa con il <em><strong><a href=\"http:\/\/catalogoviti.politicheagricole.it\/result.php?codice=221\" target=\"_blank\" rel=\"noopener noreferrer\" data-cke-saved-href=\"http:\/\/catalogoviti.politicheagricole.it\/result.php?codice=221\">Sauvignon bianco.<\/a><\/strong><\/em><br \/>\n<em>Spergola<\/em> presenta un grappolo di media grandezza, forma cilindrico piramidale, mediamente compatto, spesso alato, un p\u00f2 tozzo. Gli acini sono sferoidali, medio piccoli, leggermente schiacciati. La buccia \u00e8 pruinosa di colore verde giallastro.<\/p>\n<p><strong>Germogliamento: <\/strong>II\u00b0 decade di Marzo<\/p>\n<p><strong>Fioritura: <\/strong>III\u00b0 decade di Maggio<\/p>\n<p><strong>Maturazione:<\/strong>\u00a0II\u00b0 &#8211; III\u00b0 decade di Settembre<\/p>\n<p><strong>Caratteristiche enologiche:<\/strong>\u00a0<em>Spergola<\/em> produce, quando vinificata in purezza, un vino dal colore paglierino non molto accentuato, spesso con riflessi verdognoli. All&#8217;olfatto \u00e8 leggero e fresco. Al gusto presenta una spiccata sapidit\u00e0 ed una acidit\u00e0 sostenuta, che lo rende adatto alla spumantizzazione<\/p>\n<p><strong>Editore:<\/strong> Libera da vincoli<\/p>\n<p><sup>(*)<\/sup> = <em>selezione in corso di iscrizione al <a href=\"http:\/\/catalogoviti.politicheagricole.it\/catalogo.php\" data-cke-saved-href=\"http:\/\/catalogoviti.politicheagricole.it\/catalogo.php\">Registro Nazionale delle Variet\u00e0 di Vite<\/a><\/em><\/p>\n<\/div>\n<\/div>\n<p>[\/vc_column_text][\/vc_column][\/vc_row]<\/p>\n<\/div>","protected":false},"excerpt":{"rendered":"<div align=\"justify\">\n<p><strong>Caratteristiche:<\/strong> La <em>Spergola<\/em> attualmente \u00e8 coltivata esclusivamente nei terreni collinari e pedecollinari della provincia di Reggio Emilia, a lungo \u00e8 stata confusa con il <em><strong><a href=\"http:\/\/catalogoviti.politicheagricole.it\/result.php?codice=221\" target=\"_blank\" rel=\"noopener noreferrer\" data-cke-saved-href=\"http:\/\/catalogoviti.politicheagricole.it\/result.php?codice=221\">Sauvignon bianco.<\/a><\/strong><\/em><br \/>\n<em>Spergola<\/em> presenta un grappolo di media grandezza, forma cilindrico piramidale, mediamente compatto, spesso alato, un p\u00f2 tozzo. Gli acini sono sferoidali, medio piccoli, leggermente schiacciati. La buccia \u00e8 pruinosa di colore verde giallastro.<\/p>\n<p><strong>Germogliamento: <\/strong>II\u00b0 decade di Marzo<\/p>\n<p><strong>Fioritura: <\/strong>III\u00b0 decade di Maggio<\/p>\n<p><strong>Maturazione:<\/strong>\u00a0II\u00b0 &#8211; III\u00b0 decade di Settembre<\/p>\n<p><strong>Caratteristiche enologiche:<\/strong>\u00a0<em>Spergola<\/em> produce, quando vinificata in purezza, un vino dal colore paglierino non molto accentuato, spesso con riflessi verdognoli. All&#8217;olfatto \u00e8 leggero e fresco. Al gusto presenta una spiccata sapidit\u00e0 ed una acidit\u00e0 sostenuta, che lo rende adatto alla spumantizzazione<\/p>\n<p><strong>Editore:<\/strong> Libera da vincoli<\/p>\n<p><sup>(*)<\/sup> = <em>selezione in corso di iscrizione al <a href=\"http:\/\/catalogoviti.politicheagricole.it\/catalogo.php\" data-cke-saved-href=\"http:\/\/catalogoviti.politicheagricole.it\/catalogo.php\">Registro Nazionale delle Variet\u00e0 di Vite<\/a><\/em><\/p>\n<\/div>\n","protected":false},"featured_media":11010,"template":"","meta":[],"product_brand":[],"product_cat":[111,214],"product_tag":[],"class_list":{"0":"post-11009","1":"product","2":"type-product","3":"status-publish","4":"has-post-thumbnail","6":"product_cat-barbatelle-di-vite","7":"product_cat-vitigno-a-bacca-bianca","8":"product_shipping_class-viti","10":"first","11":"outofstock","12":"shipping-taxable","13":"purchasable","14":"product-type-simple"},"yoast_head":"<!-- This site is optimized with the Yoast SEO plugin v27.3 - https:\/\/yoast.com\/product\/yoast-seo-wordpress\/ -->\n<title>Piante di vite online su AnticoPomario | Vitigno SPERGOLA<\/title>\n<meta name=\"description\" content=\"Acquista online le barbatelle di vite. Vitigno SPERGOLA. Scopri le vartit\u00e0 di vite,le piante da frutto e le variet\u00e0 antiche online su AnticoPomario.\" \/>\n<meta name=\"robots\" content=\"index, follow, max-snippet:-1, max-image-preview:large, max-video-preview:-1\" \/>\n<link rel=\"canonical\" href=\"https:\/\/www.anticopomario.com\/prodotto\/vite-da-vino-spergola\/\" \/>\n<meta property=\"og:locale\" content=\"en_US\" \/>\n<meta property=\"og:type\" content=\"article\" \/>\n<meta property=\"og:title\" content=\"Piante di vite online su AnticoPomario | Vitigno SPERGOLA\" \/>\n<meta property=\"og:description\" content=\"Acquista online le barbatelle di vite. Vitigno SPERGOLA. Scopri le vartit\u00e0 di vite,le piante da frutto e le variet\u00e0 antiche online su AnticoPomario.\" \/>\n<meta property=\"og:url\" content=\"https:\/\/www.anticopomario.com\/prodotto\/vite-da-vino-spergola\/\" \/>\n<meta property=\"og:site_name\" content=\"Antico Pomario\" \/>\n<meta property=\"article:publisher\" content=\"https:\/\/www.facebook.com\/AnticoPomario\" \/>\n<meta property=\"article:modified_time\" content=\"2026-03-31T07:45:10+00:00\" \/>\n<meta property=\"og:image\" content=\"https:\/\/www.anticopomario.com\/wp-content\/uploads\/2019\/11\/spergola-Uva-da-vino-rossa-Barbatelle-AnticoPomario-Dalmonte-vivai-viti.jpg\" \/>\n\t<meta property=\"og:image:width\" content=\"1300\" \/>\n\t<meta property=\"og:image:height\" content=\"1316\" \/>\n\t<meta property=\"og:image:type\" content=\"image\/jpeg\" \/>\n<meta name=\"twitter:card\" content=\"summary_large_image\" \/>\n<script type=\"application\/ld+json\" class=\"yoast-schema-graph\">{\"@context\":\"https:\\\/\\\/schema.org\",\"@graph\":[{\"@type\":\"WebPage\",\"@id\":\"https:\\\/\\\/www.anticopomario.com\\\/prodotto\\\/vite-da-vino-spergola\\\/\",\"url\":\"https:\\\/\\\/www.anticopomario.com\\\/prodotto\\\/vite-da-vino-spergola\\\/\",\"name\":\"Piante di vite online su AnticoPomario | Vitigno SPERGOLA\",\"isPartOf\":{\"@id\":\"https:\\\/\\\/www.anticopomario.com\\\/#website\"},\"primaryImageOfPage\":{\"@id\":\"https:\\\/\\\/www.anticopomario.com\\\/prodotto\\\/vite-da-vino-spergola\\\/#primaryimage\"},\"image\":{\"@id\":\"https:\\\/\\\/www.anticopomario.com\\\/prodotto\\\/vite-da-vino-spergola\\\/#primaryimage\"},\"thumbnailUrl\":\"https:\\\/\\\/www.anticopomario.com\\\/wp-content\\\/uploads\\\/2019\\\/11\\\/spergola-Uva-da-vino-rossa-Barbatelle-AnticoPomario-Dalmonte-vivai-viti.jpg\",\"datePublished\":\"2019-11-14T14:25:54+00:00\",\"dateModified\":\"2026-03-31T07:45:10+00:00\",\"description\":\"Acquista online le barbatelle di vite. Vitigno SPERGOLA. Scopri le vartit\u00e0 di vite,le piante da frutto e le variet\u00e0 antiche online su AnticoPomario.\",\"breadcrumb\":{\"@id\":\"https:\\\/\\\/www.anticopomario.com\\\/prodotto\\\/vite-da-vino-spergola\\\/#breadcrumb\"},\"inLanguage\":\"en-US\",\"potentialAction\":[{\"@type\":\"ReadAction\",\"target\":[\"https:\\\/\\\/www.anticopomario.com\\\/prodotto\\\/vite-da-vino-spergola\\\/\"]}]},{\"@type\":\"ImageObject\",\"inLanguage\":\"en-US\",\"@id\":\"https:\\\/\\\/www.anticopomario.com\\\/prodotto\\\/vite-da-vino-spergola\\\/#primaryimage\",\"url\":\"https:\\\/\\\/www.anticopomario.com\\\/wp-content\\\/uploads\\\/2019\\\/11\\\/spergola-Uva-da-vino-rossa-Barbatelle-AnticoPomario-Dalmonte-vivai-viti.jpg\",\"contentUrl\":\"https:\\\/\\\/www.anticopomario.com\\\/wp-content\\\/uploads\\\/2019\\\/11\\\/spergola-Uva-da-vino-rossa-Barbatelle-AnticoPomario-Dalmonte-vivai-viti.jpg\",\"width\":1300,\"height\":1316,\"caption\":\"foto dei frutti delle barbatelle di vite spergola\"},{\"@type\":\"BreadcrumbList\",\"@id\":\"https:\\\/\\\/www.anticopomario.com\\\/prodotto\\\/vite-da-vino-spergola\\\/#breadcrumb\",\"itemListElement\":[{\"@type\":\"ListItem\",\"position\":1,\"name\":\"Home\",\"item\":\"https:\\\/\\\/www.anticopomario.com\\\/\"},{\"@type\":\"ListItem\",\"position\":2,\"name\":\"Shop\",\"item\":\"https:\\\/\\\/www.anticopomario.com\\\/shop\\\/\"},{\"@type\":\"ListItem\",\"position\":3,\"name\":\"Vite da vino SPERGOLA\"}]},{\"@type\":\"WebSite\",\"@id\":\"https:\\\/\\\/www.anticopomario.com\\\/#website\",\"url\":\"https:\\\/\\\/www.anticopomario.com\\\/\",\"name\":\"Antico Pomario\",\"description\":\"Piante da frutto, variet\u00e0 antiche, barbatelle di vite e specie da riscoprire\",\"publisher\":{\"@id\":\"https:\\\/\\\/www.anticopomario.com\\\/#organization\"},\"potentialAction\":[{\"@type\":\"SearchAction\",\"target\":{\"@type\":\"EntryPoint\",\"urlTemplate\":\"https:\\\/\\\/www.anticopomario.com\\\/?s={search_term_string}\"},\"query-input\":{\"@type\":\"PropertyValueSpecification\",\"valueRequired\":true,\"valueName\":\"search_term_string\"}}],\"inLanguage\":\"en-US\"},{\"@type\":\"Organization\",\"@id\":\"https:\\\/\\\/www.anticopomario.com\\\/#organization\",\"name\":\"Dalmonte Guido e Vittorio Vivai\",\"url\":\"https:\\\/\\\/www.anticopomario.com\\\/\",\"logo\":{\"@type\":\"ImageObject\",\"inLanguage\":\"en-US\",\"@id\":\"https:\\\/\\\/www.anticopomario.com\\\/#\\\/schema\\\/logo\\\/image\\\/\",\"url\":\"https:\\\/\\\/www.anticopomario.com\\\/wp-content\\\/uploads\\\/2019\\\/10\\\/Logo-Dalmonte-1.jpg\",\"contentUrl\":\"https:\\\/\\\/www.anticopomario.com\\\/wp-content\\\/uploads\\\/2019\\\/10\\\/Logo-Dalmonte-1.jpg\",\"width\":504,\"height\":356,\"caption\":\"Dalmonte Guido e Vittorio Vivai\"},\"image\":{\"@id\":\"https:\\\/\\\/www.anticopomario.com\\\/#\\\/schema\\\/logo\\\/image\\\/\"},\"sameAs\":[\"https:\\\/\\\/www.facebook.com\\\/AnticoPomario\"]}]}<\/script>\n<!-- \/ Yoast SEO plugin. -->","yoast_head_json":{"title":"Piante di vite online su AnticoPomario | Vitigno SPERGOLA","description":"Acquista online le barbatelle di vite. Vitigno SPERGOLA. Scopri le vartit\u00e0 di vite,le piante da frutto e le variet\u00e0 antiche online su AnticoPomario.","robots":{"index":"index","follow":"follow","max-snippet":"max-snippet:-1","max-image-preview":"max-image-preview:large","max-video-preview":"max-video-preview:-1"},"canonical":"https:\/\/www.anticopomario.com\/prodotto\/vite-da-vino-spergola\/","og_locale":"en_US","og_type":"article","og_title":"Piante di vite online su AnticoPomario | Vitigno SPERGOLA","og_description":"Acquista online le barbatelle di vite. Vitigno SPERGOLA. Scopri le vartit\u00e0 di vite,le piante da frutto e le variet\u00e0 antiche online su AnticoPomario.","og_url":"https:\/\/www.anticopomario.com\/prodotto\/vite-da-vino-spergola\/","og_site_name":"Antico Pomario","article_publisher":"https:\/\/www.facebook.com\/AnticoPomario","article_modified_time":"2026-03-31T07:45:10+00:00","og_image":[{"width":1300,"height":1316,"url":"https:\/\/www.anticopomario.com\/wp-content\/uploads\/2019\/11\/spergola-Uva-da-vino-rossa-Barbatelle-AnticoPomario-Dalmonte-vivai-viti.jpg","type":"image\/jpeg"}],"twitter_card":"summary_large_image","schema":{"@context":"https:\/\/schema.org","@graph":[{"@type":"WebPage","@id":"https:\/\/www.anticopomario.com\/prodotto\/vite-da-vino-spergola\/","url":"https:\/\/www.anticopomario.com\/prodotto\/vite-da-vino-spergola\/","name":"Piante di vite online su AnticoPomario | Vitigno SPERGOLA","isPartOf":{"@id":"https:\/\/www.anticopomario.com\/#website"},"primaryImageOfPage":{"@id":"https:\/\/www.anticopomario.com\/prodotto\/vite-da-vino-spergola\/#primaryimage"},"image":{"@id":"https:\/\/www.anticopomario.com\/prodotto\/vite-da-vino-spergola\/#primaryimage"},"thumbnailUrl":"https:\/\/www.anticopomario.com\/wp-content\/uploads\/2019\/11\/spergola-Uva-da-vino-rossa-Barbatelle-AnticoPomario-Dalmonte-vivai-viti.jpg","datePublished":"2019-11-14T14:25:54+00:00","dateModified":"2026-03-31T07:45:10+00:00","description":"Acquista online le barbatelle di vite. Vitigno SPERGOLA. Scopri le vartit\u00e0 di vite,le piante da frutto e le variet\u00e0 antiche online su AnticoPomario.","breadcrumb":{"@id":"https:\/\/www.anticopomario.com\/prodotto\/vite-da-vino-spergola\/#breadcrumb"},"inLanguage":"en-US","potentialAction":[{"@type":"ReadAction","target":["https:\/\/www.anticopomario.com\/prodotto\/vite-da-vino-spergola\/"]}]},{"@type":"ImageObject","inLanguage":"en-US","@id":"https:\/\/www.anticopomario.com\/prodotto\/vite-da-vino-spergola\/#primaryimage","url":"https:\/\/www.anticopomario.com\/wp-content\/uploads\/2019\/11\/spergola-Uva-da-vino-rossa-Barbatelle-AnticoPomario-Dalmonte-vivai-viti.jpg","contentUrl":"https:\/\/www.anticopomario.com\/wp-content\/uploads\/2019\/11\/spergola-Uva-da-vino-rossa-Barbatelle-AnticoPomario-Dalmonte-vivai-viti.jpg","width":1300,"height":1316,"caption":"foto dei frutti delle barbatelle di vite spergola"},{"@type":"BreadcrumbList","@id":"https:\/\/www.anticopomario.com\/prodotto\/vite-da-vino-spergola\/#breadcrumb","itemListElement":[{"@type":"ListItem","position":1,"name":"Home","item":"https:\/\/www.anticopomario.com\/"},{"@type":"ListItem","position":2,"name":"Shop","item":"https:\/\/www.anticopomario.com\/shop\/"},{"@type":"ListItem","position":3,"name":"Vite da vino SPERGOLA"}]},{"@type":"WebSite","@id":"https:\/\/www.anticopomario.com\/#website","url":"https:\/\/www.anticopomario.com\/","name":"Antico Pomario","description":"Piante da frutto, variet\u00e0 antiche, barbatelle di vite e specie da riscoprire","publisher":{"@id":"https:\/\/www.anticopomario.com\/#organization"},"potentialAction":[{"@type":"SearchAction","target":{"@type":"EntryPoint","urlTemplate":"https:\/\/www.anticopomario.com\/?s={search_term_string}"},"query-input":{"@type":"PropertyValueSpecification","valueRequired":true,"valueName":"search_term_string"}}],"inLanguage":"en-US"},{"@type":"Organization","@id":"https:\/\/www.anticopomario.com\/#organization","name":"Dalmonte Guido e Vittorio Vivai","url":"https:\/\/www.anticopomario.com\/","logo":{"@type":"ImageObject","inLanguage":"en-US","@id":"https:\/\/www.anticopomario.com\/#\/schema\/logo\/image\/","url":"https:\/\/www.anticopomario.com\/wp-content\/uploads\/2019\/10\/Logo-Dalmonte-1.jpg","contentUrl":"https:\/\/www.anticopomario.com\/wp-content\/uploads\/2019\/10\/Logo-Dalmonte-1.jpg","width":504,"height":356,"caption":"Dalmonte Guido e Vittorio Vivai"},"image":{"@id":"https:\/\/www.anticopomario.com\/#\/schema\/logo\/image\/"},"sameAs":["https:\/\/www.facebook.com\/AnticoPomario"]}]}},"_links":{"self":[{"href":"https:\/\/www.anticopomario.com\/en\/wp-json\/wp\/v2\/product\/11009","targetHints":{"allow":["GET"]}}],"collection":[{"href":"https:\/\/www.anticopomario.com\/en\/wp-json\/wp\/v2\/product"}],"about":[{"href":"https:\/\/www.anticopomario.com\/en\/wp-json\/wp\/v2\/types\/product"}],"wp:featuredmedia":[{"embeddable":true,"href":"https:\/\/www.anticopomario.com\/en\/wp-json\/wp\/v2\/media\/11010"}],"wp:attachment":[{"href":"https:\/\/www.anticopomario.com\/en\/wp-json\/wp\/v2\/media?parent=11009"}],"wp:term":[{"taxonomy":"product_brand","embeddable":true,"href":"https:\/\/www.anticopomario.com\/en\/wp-json\/wp\/v2\/product_brand?post=11009"},{"taxonomy":"product_cat","embeddable":true,"href":"https:\/\/www.anticopomario.com\/en\/wp-json\/wp\/v2\/product_cat?post=11009"},{"taxonomy":"product_tag","embeddable":true,"href":"https:\/\/www.anticopomario.com\/en\/wp-json\/wp\/v2\/product_tag?post=11009"}],"curies":[{"name":"wp","href":"https:\/\/api.w.org\/{rel}","templated":true}]}}