{"id":11338,"date":"2019-11-20T13:51:01","date_gmt":"2019-11-20T13:51:01","guid":{"rendered":"https:\/\/www.anticopomario.com\/?post_type=product&#038;p=11338"},"modified":"2026-03-31T07:44:51","modified_gmt":"2026-03-31T07:44:51","slug":"corbezzolo","status":"publish","type":"product","link":"https:\/\/www.anticopomario.com\/en\/product\/corbezzolo\/","title":{"rendered":"CORBEZZOLO"},"content":{"rendered":"<div class=\"wpb-content-wrapper\"><p>[vc_row][vc_column][vc_column_text]<strong>Caratteristiche:<\/strong>\u00a0Il <em>Corbezzolo<\/em> \u00e8 un albero sempreverde appartenente alla famiglia delle Ericaceae caratteristico della macchia mediterranea. Presenta crescita lenta e spesso \u00e8 presente allo stato di arbusto, ma in zone vocate pu\u00f2 anche arrivare ad una altezza massima di 10-12 m. Le foglie sono di colore verde scuro sopra e pi\u00f9 chiare inferiormente, di forma ovale &#8211; lanceolata, in pratica simili a quelle dell&#8217;Alloro ma con margine seghettato. In autunno il <em>Corbezzolo <\/em>presenta contemporaneamente fiori e frutti. Il <em>Corbezzolo <\/em>\u00e8 una pianta consigliabile per gli appassionati di birdwatching poich\u00e8 i frutti attirano numerosi uccelli (merli, tordi, gazze, ghiandaie, colombi e tortore). \u00a0I frutti del <em>Corbezzolo<\/em> sono bacche rotonde dal sapore dolciastro, con buccia granulosa di colore variante dal giallo al rosso scarlatto secondo la maturit\u00e0. La polpa \u00e8 di colore giallo, carnosa e ricca di semi (anche 20 &#8211; 25 per frutto). All&#8217;assaggio il sapore \u00e8 dolce con retrogusto acido<\/p>\n<p><strong>Epoca di fioritura:<\/strong>\u00a0Autunno &#8211; Inverno (possono fiorire da Settembre a Febbraio). I fiori sono riuniti in pannocchie pendule di piccole campanelline lunghe non pi\u00f9 di 1 cm<\/p>\n<p><strong>Epoca di raccolta:<\/strong>\u00a0Autunno (da Settembre in poi)<\/p>\n<p><strong>Utilizzo del frutto:<\/strong> Consumo fresco (eventualmente pelati in macedonia al posto del Litchi), trasformazione (distillati di acquavite, vino di <em>Corbezzolo<\/em> tipico di Corsica e Sardegna, marmellate, gelatine, sciroppi), per infusi (utili come antinfiammatori e antisettici delle vie urinarie)<\/p>\n<p><strong>Editore:<\/strong> Libero da vincoli[\/vc_column_text][\/vc_column][\/vc_row]<\/p>\n<\/div>","protected":false},"excerpt":{"rendered":"<p><strong>Caratteristiche:<\/strong>\u00a0Il <em>Corbezzolo<\/em> \u00e8 un albero sempreverde appartenente alla famiglia delle Ericaceae caratteristico della macchia mediterranea. Presenta crescita lenta e spesso \u00e8 presente allo stato di arbusto, ma in zone vocate pu\u00f2 anche arrivare ad una altezza massima di 10-12 m. Le foglie sono di colore verde scuro sopra e pi\u00f9 chiare inferiormente, di forma ovale &#8211; lanceolata, in pratica simili a quelle dell&#8217;Alloro ma con margine seghettato. In autunno il <em>Corbezzolo <\/em>presenta contemporaneamente fiori e frutti. Il <em>Corbezzolo <\/em>\u00e8 una pianta consigliabile per gli appassionati di birdwatching poich\u00e8 i frutti attirano numerosi uccelli (merli, tordi, gazze, ghiandaie, colombi e tortore). \u00a0I frutti del <em>Corbezzolo<\/em> sono bacche rotonde dal sapore dolciastro, con buccia granulosa di colore variante dal giallo al rosso scarlatto secondo la maturit\u00e0. La polpa \u00e8 di colore giallo, carnosa e ricca di semi (anche 20 &#8211; 25 per frutto). All&#8217;assaggio il sapore \u00e8 dolce con retrogusto acido<\/p>\n<p><strong>Epoca di fioritura:<\/strong>\u00a0Autunno &#8211; Inverno (possono fiorire da Settembre a Febbraio). I fiori sono riuniti in pannocchie pendule di piccole campanelline lunghe non pi\u00f9 di 1 cm<\/p>\n<p><strong>Epoca di raccolta:<\/strong>\u00a0Autunno (da Settembre in poi)<\/p>\n<p><strong>Utilizzo del frutto:<\/strong> Consumo fresco (eventualmente pelati in macedonia al posto del Litchi), trasformazione (distillati di acquavite, vino di <em>Corbezzolo<\/em> tipico di Corsica e Sardegna, marmellate, gelatine, sciroppi), per infusi (utili come antinfiammatori e antisettici delle vie urinarie)<\/p>\n<p><strong>Editore:<\/strong> Libero da vincoli<\/p>\n","protected":false},"featured_media":11340,"template":"","meta":[],"product_brand":[],"product_cat":[255],"product_tag":[],"class_list":{"0":"post-11338","1":"product","2":"type-product","3":"status-publish","4":"has-post-thumbnail","6":"product_cat-specie-da-riscoprire","7":"product_shipping_class-piante-da-frutto","9":"first","10":"outofstock","11":"shipping-taxable","12":"purchasable","13":"product-type-simple"},"yoast_head":"<!-- This site is optimized with the Yoast SEO plugin v27.3 - https:\/\/yoast.com\/product\/yoast-seo-wordpress\/ -->\n<title>Pianta corbezzolo online | albero CORBEZZOLO una specie da riscoprire<\/title>\n<meta name=\"description\" content=\"Acquista la tua pianta corbezzoli online su AnticoPomario. Confronta e scopri le altre piante da frutto, le variet\u00e0 antiche e le viti dei vivai Dalmonte.\" \/>\n<meta name=\"robots\" content=\"index, follow, max-snippet:-1, max-image-preview:large, max-video-preview:-1\" \/>\n<link rel=\"canonical\" href=\"https:\/\/www.anticopomario.com\/prodotto\/corbezzolo\/\" \/>\n<meta property=\"og:locale\" content=\"en_US\" \/>\n<meta property=\"og:type\" content=\"article\" \/>\n<meta property=\"og:title\" content=\"Pianta corbezzolo online | albero CORBEZZOLO una specie da riscoprire\" \/>\n<meta property=\"og:description\" content=\"Acquista la tua pianta corbezzoli online su AnticoPomario. Confronta e scopri le altre piante da frutto, le variet\u00e0 antiche e le viti dei vivai Dalmonte.\" \/>\n<meta property=\"og:url\" content=\"https:\/\/www.anticopomario.com\/prodotto\/corbezzolo\/\" \/>\n<meta property=\"og:site_name\" content=\"Antico Pomario\" \/>\n<meta property=\"article:publisher\" content=\"https:\/\/www.facebook.com\/AnticoPomario\" \/>\n<meta property=\"article:modified_time\" content=\"2026-03-31T07:44:51+00:00\" \/>\n<meta property=\"og:image\" content=\"https:\/\/www.anticopomario.com\/wp-content\/uploads\/2019\/11\/corbezzolo-17-albero-di-corbezzoli-piante-antiche-online-Anticopomario-vivai-Dalmonte..jpg\" \/>\n\t<meta property=\"og:image:width\" content=\"520\" \/>\n\t<meta property=\"og:image:height\" content=\"520\" \/>\n\t<meta property=\"og:image:type\" content=\"image\/jpeg\" \/>\n<meta name=\"twitter:card\" content=\"summary_large_image\" \/>\n<script type=\"application\/ld+json\" class=\"yoast-schema-graph\">{\"@context\":\"https:\\\/\\\/schema.org\",\"@graph\":[{\"@type\":\"WebPage\",\"@id\":\"https:\\\/\\\/www.anticopomario.com\\\/prodotto\\\/corbezzolo\\\/\",\"url\":\"https:\\\/\\\/www.anticopomario.com\\\/prodotto\\\/corbezzolo\\\/\",\"name\":\"Pianta corbezzolo online | albero CORBEZZOLO una specie da riscoprire\",\"isPartOf\":{\"@id\":\"https:\\\/\\\/www.anticopomario.com\\\/#website\"},\"primaryImageOfPage\":{\"@id\":\"https:\\\/\\\/www.anticopomario.com\\\/prodotto\\\/corbezzolo\\\/#primaryimage\"},\"image\":{\"@id\":\"https:\\\/\\\/www.anticopomario.com\\\/prodotto\\\/corbezzolo\\\/#primaryimage\"},\"thumbnailUrl\":\"https:\\\/\\\/www.anticopomario.com\\\/wp-content\\\/uploads\\\/2019\\\/11\\\/corbezzolo-17-albero-di-corbezzoli-piante-antiche-online-Anticopomario-vivai-Dalmonte..jpg\",\"datePublished\":\"2019-11-20T13:51:01+00:00\",\"dateModified\":\"2026-03-31T07:44:51+00:00\",\"description\":\"Acquista la tua pianta corbezzoli online su AnticoPomario. Confronta e scopri le altre piante da frutto, le variet\u00e0 antiche e le viti dei vivai Dalmonte.\",\"breadcrumb\":{\"@id\":\"https:\\\/\\\/www.anticopomario.com\\\/prodotto\\\/corbezzolo\\\/#breadcrumb\"},\"inLanguage\":\"en-US\",\"potentialAction\":[{\"@type\":\"ReadAction\",\"target\":[\"https:\\\/\\\/www.anticopomario.com\\\/prodotto\\\/corbezzolo\\\/\"]}]},{\"@type\":\"ImageObject\",\"inLanguage\":\"en-US\",\"@id\":\"https:\\\/\\\/www.anticopomario.com\\\/prodotto\\\/corbezzolo\\\/#primaryimage\",\"url\":\"https:\\\/\\\/www.anticopomario.com\\\/wp-content\\\/uploads\\\/2019\\\/11\\\/corbezzolo-17-albero-di-corbezzoli-piante-antiche-online-Anticopomario-vivai-Dalmonte..jpg\",\"contentUrl\":\"https:\\\/\\\/www.anticopomario.com\\\/wp-content\\\/uploads\\\/2019\\\/11\\\/corbezzolo-17-albero-di-corbezzoli-piante-antiche-online-Anticopomario-vivai-Dalmonte..jpg\",\"width\":520,\"height\":520,\"caption\":\"Vendita pianta di corbezzoli\"},{\"@type\":\"BreadcrumbList\",\"@id\":\"https:\\\/\\\/www.anticopomario.com\\\/prodotto\\\/corbezzolo\\\/#breadcrumb\",\"itemListElement\":[{\"@type\":\"ListItem\",\"position\":1,\"name\":\"Home\",\"item\":\"https:\\\/\\\/www.anticopomario.com\\\/\"},{\"@type\":\"ListItem\",\"position\":2,\"name\":\"Shop\",\"item\":\"https:\\\/\\\/www.anticopomario.com\\\/shop\\\/\"},{\"@type\":\"ListItem\",\"position\":3,\"name\":\"CORBEZZOLO\"}]},{\"@type\":\"WebSite\",\"@id\":\"https:\\\/\\\/www.anticopomario.com\\\/#website\",\"url\":\"https:\\\/\\\/www.anticopomario.com\\\/\",\"name\":\"Antico Pomario\",\"description\":\"Piante da frutto, variet\u00e0 antiche, barbatelle di vite e specie da riscoprire\",\"publisher\":{\"@id\":\"https:\\\/\\\/www.anticopomario.com\\\/#organization\"},\"potentialAction\":[{\"@type\":\"SearchAction\",\"target\":{\"@type\":\"EntryPoint\",\"urlTemplate\":\"https:\\\/\\\/www.anticopomario.com\\\/?s={search_term_string}\"},\"query-input\":{\"@type\":\"PropertyValueSpecification\",\"valueRequired\":true,\"valueName\":\"search_term_string\"}}],\"inLanguage\":\"en-US\"},{\"@type\":\"Organization\",\"@id\":\"https:\\\/\\\/www.anticopomario.com\\\/#organization\",\"name\":\"Dalmonte Guido e Vittorio Vivai\",\"url\":\"https:\\\/\\\/www.anticopomario.com\\\/\",\"logo\":{\"@type\":\"ImageObject\",\"inLanguage\":\"en-US\",\"@id\":\"https:\\\/\\\/www.anticopomario.com\\\/#\\\/schema\\\/logo\\\/image\\\/\",\"url\":\"https:\\\/\\\/www.anticopomario.com\\\/wp-content\\\/uploads\\\/2019\\\/10\\\/Logo-Dalmonte-1.jpg\",\"contentUrl\":\"https:\\\/\\\/www.anticopomario.com\\\/wp-content\\\/uploads\\\/2019\\\/10\\\/Logo-Dalmonte-1.jpg\",\"width\":504,\"height\":356,\"caption\":\"Dalmonte Guido e Vittorio Vivai\"},\"image\":{\"@id\":\"https:\\\/\\\/www.anticopomario.com\\\/#\\\/schema\\\/logo\\\/image\\\/\"},\"sameAs\":[\"https:\\\/\\\/www.facebook.com\\\/AnticoPomario\"]}]}<\/script>\n<!-- \/ Yoast SEO plugin. -->","yoast_head_json":{"title":"Pianta corbezzolo online | albero CORBEZZOLO una specie da riscoprire","description":"Acquista la tua pianta corbezzoli online su AnticoPomario. Confronta e scopri le altre piante da frutto, le variet\u00e0 antiche e le viti dei vivai Dalmonte.","robots":{"index":"index","follow":"follow","max-snippet":"max-snippet:-1","max-image-preview":"max-image-preview:large","max-video-preview":"max-video-preview:-1"},"canonical":"https:\/\/www.anticopomario.com\/prodotto\/corbezzolo\/","og_locale":"en_US","og_type":"article","og_title":"Pianta corbezzolo online | albero CORBEZZOLO una specie da riscoprire","og_description":"Acquista la tua pianta corbezzoli online su AnticoPomario. Confronta e scopri le altre piante da frutto, le variet\u00e0 antiche e le viti dei vivai Dalmonte.","og_url":"https:\/\/www.anticopomario.com\/prodotto\/corbezzolo\/","og_site_name":"Antico Pomario","article_publisher":"https:\/\/www.facebook.com\/AnticoPomario","article_modified_time":"2026-03-31T07:44:51+00:00","og_image":[{"width":520,"height":520,"url":"https:\/\/www.anticopomario.com\/wp-content\/uploads\/2019\/11\/corbezzolo-17-albero-di-corbezzoli-piante-antiche-online-Anticopomario-vivai-Dalmonte..jpg","type":"image\/jpeg"}],"twitter_card":"summary_large_image","schema":{"@context":"https:\/\/schema.org","@graph":[{"@type":"WebPage","@id":"https:\/\/www.anticopomario.com\/prodotto\/corbezzolo\/","url":"https:\/\/www.anticopomario.com\/prodotto\/corbezzolo\/","name":"Pianta corbezzolo online | albero CORBEZZOLO una specie da riscoprire","isPartOf":{"@id":"https:\/\/www.anticopomario.com\/#website"},"primaryImageOfPage":{"@id":"https:\/\/www.anticopomario.com\/prodotto\/corbezzolo\/#primaryimage"},"image":{"@id":"https:\/\/www.anticopomario.com\/prodotto\/corbezzolo\/#primaryimage"},"thumbnailUrl":"https:\/\/www.anticopomario.com\/wp-content\/uploads\/2019\/11\/corbezzolo-17-albero-di-corbezzoli-piante-antiche-online-Anticopomario-vivai-Dalmonte..jpg","datePublished":"2019-11-20T13:51:01+00:00","dateModified":"2026-03-31T07:44:51+00:00","description":"Acquista la tua pianta corbezzoli online su AnticoPomario. Confronta e scopri le altre piante da frutto, le variet\u00e0 antiche e le viti dei vivai Dalmonte.","breadcrumb":{"@id":"https:\/\/www.anticopomario.com\/prodotto\/corbezzolo\/#breadcrumb"},"inLanguage":"en-US","potentialAction":[{"@type":"ReadAction","target":["https:\/\/www.anticopomario.com\/prodotto\/corbezzolo\/"]}]},{"@type":"ImageObject","inLanguage":"en-US","@id":"https:\/\/www.anticopomario.com\/prodotto\/corbezzolo\/#primaryimage","url":"https:\/\/www.anticopomario.com\/wp-content\/uploads\/2019\/11\/corbezzolo-17-albero-di-corbezzoli-piante-antiche-online-Anticopomario-vivai-Dalmonte..jpg","contentUrl":"https:\/\/www.anticopomario.com\/wp-content\/uploads\/2019\/11\/corbezzolo-17-albero-di-corbezzoli-piante-antiche-online-Anticopomario-vivai-Dalmonte..jpg","width":520,"height":520,"caption":"Vendita pianta di corbezzoli"},{"@type":"BreadcrumbList","@id":"https:\/\/www.anticopomario.com\/prodotto\/corbezzolo\/#breadcrumb","itemListElement":[{"@type":"ListItem","position":1,"name":"Home","item":"https:\/\/www.anticopomario.com\/"},{"@type":"ListItem","position":2,"name":"Shop","item":"https:\/\/www.anticopomario.com\/shop\/"},{"@type":"ListItem","position":3,"name":"CORBEZZOLO"}]},{"@type":"WebSite","@id":"https:\/\/www.anticopomario.com\/#website","url":"https:\/\/www.anticopomario.com\/","name":"Antico Pomario","description":"Piante da frutto, variet\u00e0 antiche, barbatelle di vite e specie da riscoprire","publisher":{"@id":"https:\/\/www.anticopomario.com\/#organization"},"potentialAction":[{"@type":"SearchAction","target":{"@type":"EntryPoint","urlTemplate":"https:\/\/www.anticopomario.com\/?s={search_term_string}"},"query-input":{"@type":"PropertyValueSpecification","valueRequired":true,"valueName":"search_term_string"}}],"inLanguage":"en-US"},{"@type":"Organization","@id":"https:\/\/www.anticopomario.com\/#organization","name":"Dalmonte Guido e Vittorio Vivai","url":"https:\/\/www.anticopomario.com\/","logo":{"@type":"ImageObject","inLanguage":"en-US","@id":"https:\/\/www.anticopomario.com\/#\/schema\/logo\/image\/","url":"https:\/\/www.anticopomario.com\/wp-content\/uploads\/2019\/10\/Logo-Dalmonte-1.jpg","contentUrl":"https:\/\/www.anticopomario.com\/wp-content\/uploads\/2019\/10\/Logo-Dalmonte-1.jpg","width":504,"height":356,"caption":"Dalmonte Guido e Vittorio Vivai"},"image":{"@id":"https:\/\/www.anticopomario.com\/#\/schema\/logo\/image\/"},"sameAs":["https:\/\/www.facebook.com\/AnticoPomario"]}]}},"_links":{"self":[{"href":"https:\/\/www.anticopomario.com\/en\/wp-json\/wp\/v2\/product\/11338","targetHints":{"allow":["GET"]}}],"collection":[{"href":"https:\/\/www.anticopomario.com\/en\/wp-json\/wp\/v2\/product"}],"about":[{"href":"https:\/\/www.anticopomario.com\/en\/wp-json\/wp\/v2\/types\/product"}],"wp:featuredmedia":[{"embeddable":true,"href":"https:\/\/www.anticopomario.com\/en\/wp-json\/wp\/v2\/media\/11340"}],"wp:attachment":[{"href":"https:\/\/www.anticopomario.com\/en\/wp-json\/wp\/v2\/media?parent=11338"}],"wp:term":[{"taxonomy":"product_brand","embeddable":true,"href":"https:\/\/www.anticopomario.com\/en\/wp-json\/wp\/v2\/product_brand?post=11338"},{"taxonomy":"product_cat","embeddable":true,"href":"https:\/\/www.anticopomario.com\/en\/wp-json\/wp\/v2\/product_cat?post=11338"},{"taxonomy":"product_tag","embeddable":true,"href":"https:\/\/www.anticopomario.com\/en\/wp-json\/wp\/v2\/product_tag?post=11338"}],"curies":[{"name":"wp","href":"https:\/\/api.w.org\/{rel}","templated":true}]}}