{"id":13532,"date":"2021-11-30T10:06:40","date_gmt":"2021-11-30T10:06:40","guid":{"rendered":"https:\/\/www.anticopomario.com\/?post_type=product&#038;p=13532"},"modified":"2026-03-31T07:11:25","modified_gmt":"2026-03-31T07:11:25","slug":"gelso-nero","status":"publish","type":"product","link":"https:\/\/www.anticopomario.com\/en\/product\/gelso-nero\/","title":{"rendered":"GELSO NERO"},"content":{"rendered":"<div class=\"wpb-content-wrapper\"><p>[vc_row][vc_column][vc_column_text]<strong>Caratteristiche: <\/strong>Il <strong>gelso nero<\/strong> (<em>morus nigra<\/em>), \u00e8 una pianta originaria della Persia, assomiglia molto al gelso bianco ma si mantiene su dimensioni un poco pi\u00f9 contenute e i suoi frutti sono pi\u00f9 pregiati. Le foglie del gelso nero sono di maggior dimensione e quindi pi\u00f9 decorative. L\u2019infuso delle foglie della variet\u00e0 nera, ha propriet\u00e0 antibiotiche e la polpa viene utilizzata nella cosmesi per l\u2019effetto lenitivo sulla pelle. Se storicamente \u00e8 sempre stata preferita la variet\u00e0 bianca, visto che i bachi da seta amavano pi\u00f9 le foglie del morus blanca, adesso che i gelsi si piantano per ragioni ornamentali o per le more viene solitamente preferito il morus nigra, che sta conoscendo una nuova diffusione.<\/p>\n<p><strong>Epoca di fioritura:<\/strong> La\u00a0<b>fioritura<\/b>\u00a0compare durante la stagione primaverile, quando la pianta si ricopre di infiorescenze color verde chiaro. Le variet\u00e0 coltivate per la produzione del frutto sono generalmente autofertili, ovvero presentano fiori dotati di organi floreali sia maschili che femminili portati sulla stessa infiorescenza.<\/p>\n<p><strong>Epoca di raccolta:<\/strong> III\u00b0 decade di Giugno<\/p>\n<p><strong>Utilizzo del frutto: <\/strong>Le foglie del gelso nero ideali per preparare un infuso, ottimo contro diabete, colesterolo e pressione alta. La radice \u00e8 utile per preparare un decotto diuretico, analgesico e lassativo. I frutti freschi o essiccati, si prestano per varie preparazioni in cucina, come granite, marmellata, gelato oppure nei dolci.[\/vc_column_text][\/vc_column][\/vc_row]<\/p>\n<\/div>","protected":false},"excerpt":{"rendered":"<p>[vc_row][vc_column][vc_column_text]Caratteristiche: Il gelso nero (morus nigra), \u00e8 una pianta originaria della Persia, [&hellip;]<\/p>\n","protected":false},"featured_media":13533,"template":"","meta":[],"product_brand":[],"product_cat":[255],"product_tag":[],"class_list":{"0":"post-13532","1":"product","2":"type-product","3":"status-publish","4":"has-post-thumbnail","6":"product_cat-specie-da-riscoprire","7":"product_shipping_class-piante-da-frutto","9":"first","10":"outofstock","11":"shipping-taxable","12":"purchasable","13":"product-type-simple"},"yoast_head":"<!-- This site is optimized with the Yoast SEO plugin v27.3 - https:\/\/yoast.com\/product\/yoast-seo-wordpress\/ -->\n<title>Pianta gelso online | albero GELSO NERO una specie da riscoprire<\/title>\n<meta name=\"description\" content=\"Acquista la tua pianta gelsi online su AnticoPomario. Confronta e scopri le altre piante da frutto, le variet\u00e0 antiche e le viti dei vivai Dalmonte.\" \/>\n<meta name=\"robots\" content=\"index, follow, max-snippet:-1, max-image-preview:large, max-video-preview:-1\" \/>\n<link rel=\"canonical\" href=\"https:\/\/www.anticopomario.com\/prodotto\/gelso-nero\/\" \/>\n<meta property=\"og:locale\" content=\"en_US\" \/>\n<meta property=\"og:type\" content=\"article\" \/>\n<meta property=\"og:title\" content=\"Pianta gelso online | albero GELSO NERO una specie da riscoprire\" \/>\n<meta property=\"og:description\" content=\"Acquista la tua pianta gelsi online su AnticoPomario. Confronta e scopri le altre piante da frutto, le variet\u00e0 antiche e le viti dei vivai Dalmonte.\" \/>\n<meta property=\"og:url\" content=\"https:\/\/www.anticopomario.com\/prodotto\/gelso-nero\/\" \/>\n<meta property=\"og:site_name\" content=\"Antico Pomario\" \/>\n<meta property=\"article:publisher\" content=\"https:\/\/www.facebook.com\/AnticoPomario\" \/>\n<meta property=\"article:modified_time\" content=\"2026-03-31T07:11:25+00:00\" \/>\n<meta property=\"og:image\" content=\"https:\/\/www.anticopomario.com\/wp-content\/uploads\/2021\/11\/gelso-mora-nera.jpg\" \/>\n\t<meta property=\"og:image:width\" content=\"1250\" \/>\n\t<meta property=\"og:image:height\" content=\"1237\" \/>\n\t<meta property=\"og:image:type\" content=\"image\/jpeg\" \/>\n<meta name=\"twitter:card\" content=\"summary_large_image\" \/>\n<script type=\"application\/ld+json\" class=\"yoast-schema-graph\">{\"@context\":\"https:\\\/\\\/schema.org\",\"@graph\":[{\"@type\":\"WebPage\",\"@id\":\"https:\\\/\\\/www.anticopomario.com\\\/prodotto\\\/gelso-nero\\\/\",\"url\":\"https:\\\/\\\/www.anticopomario.com\\\/prodotto\\\/gelso-nero\\\/\",\"name\":\"Pianta gelso online | albero GELSO NERO una specie da riscoprire\",\"isPartOf\":{\"@id\":\"https:\\\/\\\/www.anticopomario.com\\\/#website\"},\"primaryImageOfPage\":{\"@id\":\"https:\\\/\\\/www.anticopomario.com\\\/prodotto\\\/gelso-nero\\\/#primaryimage\"},\"image\":{\"@id\":\"https:\\\/\\\/www.anticopomario.com\\\/prodotto\\\/gelso-nero\\\/#primaryimage\"},\"thumbnailUrl\":\"https:\\\/\\\/www.anticopomario.com\\\/wp-content\\\/uploads\\\/2021\\\/11\\\/gelso-mora-nera.jpg\",\"datePublished\":\"2021-11-30T10:06:40+00:00\",\"dateModified\":\"2026-03-31T07:11:25+00:00\",\"description\":\"Acquista la tua pianta gelsi online su AnticoPomario. Confronta e scopri le altre piante da frutto, le variet\u00e0 antiche e le viti dei vivai Dalmonte.\",\"breadcrumb\":{\"@id\":\"https:\\\/\\\/www.anticopomario.com\\\/prodotto\\\/gelso-nero\\\/#breadcrumb\"},\"inLanguage\":\"en-US\",\"potentialAction\":[{\"@type\":\"ReadAction\",\"target\":[\"https:\\\/\\\/www.anticopomario.com\\\/prodotto\\\/gelso-nero\\\/\"]}]},{\"@type\":\"ImageObject\",\"inLanguage\":\"en-US\",\"@id\":\"https:\\\/\\\/www.anticopomario.com\\\/prodotto\\\/gelso-nero\\\/#primaryimage\",\"url\":\"https:\\\/\\\/www.anticopomario.com\\\/wp-content\\\/uploads\\\/2021\\\/11\\\/gelso-mora-nera.jpg\",\"contentUrl\":\"https:\\\/\\\/www.anticopomario.com\\\/wp-content\\\/uploads\\\/2021\\\/11\\\/gelso-mora-nera.jpg\",\"width\":1250,\"height\":1237},{\"@type\":\"BreadcrumbList\",\"@id\":\"https:\\\/\\\/www.anticopomario.com\\\/prodotto\\\/gelso-nero\\\/#breadcrumb\",\"itemListElement\":[{\"@type\":\"ListItem\",\"position\":1,\"name\":\"Home\",\"item\":\"https:\\\/\\\/www.anticopomario.com\\\/\"},{\"@type\":\"ListItem\",\"position\":2,\"name\":\"Shop\",\"item\":\"https:\\\/\\\/www.anticopomario.com\\\/shop\\\/\"},{\"@type\":\"ListItem\",\"position\":3,\"name\":\"GELSO NERO\"}]},{\"@type\":\"WebSite\",\"@id\":\"https:\\\/\\\/www.anticopomario.com\\\/#website\",\"url\":\"https:\\\/\\\/www.anticopomario.com\\\/\",\"name\":\"Antico Pomario\",\"description\":\"Piante da frutto, variet\u00e0 antiche, barbatelle di vite e specie da riscoprire\",\"publisher\":{\"@id\":\"https:\\\/\\\/www.anticopomario.com\\\/#organization\"},\"potentialAction\":[{\"@type\":\"SearchAction\",\"target\":{\"@type\":\"EntryPoint\",\"urlTemplate\":\"https:\\\/\\\/www.anticopomario.com\\\/?s={search_term_string}\"},\"query-input\":{\"@type\":\"PropertyValueSpecification\",\"valueRequired\":true,\"valueName\":\"search_term_string\"}}],\"inLanguage\":\"en-US\"},{\"@type\":\"Organization\",\"@id\":\"https:\\\/\\\/www.anticopomario.com\\\/#organization\",\"name\":\"Dalmonte Guido e Vittorio Vivai\",\"url\":\"https:\\\/\\\/www.anticopomario.com\\\/\",\"logo\":{\"@type\":\"ImageObject\",\"inLanguage\":\"en-US\",\"@id\":\"https:\\\/\\\/www.anticopomario.com\\\/#\\\/schema\\\/logo\\\/image\\\/\",\"url\":\"https:\\\/\\\/www.anticopomario.com\\\/wp-content\\\/uploads\\\/2019\\\/10\\\/Logo-Dalmonte-1.jpg\",\"contentUrl\":\"https:\\\/\\\/www.anticopomario.com\\\/wp-content\\\/uploads\\\/2019\\\/10\\\/Logo-Dalmonte-1.jpg\",\"width\":504,\"height\":356,\"caption\":\"Dalmonte Guido e Vittorio Vivai\"},\"image\":{\"@id\":\"https:\\\/\\\/www.anticopomario.com\\\/#\\\/schema\\\/logo\\\/image\\\/\"},\"sameAs\":[\"https:\\\/\\\/www.facebook.com\\\/AnticoPomario\"]}]}<\/script>\n<!-- \/ Yoast SEO plugin. -->","yoast_head_json":{"title":"Pianta gelso online | albero GELSO NERO una specie da riscoprire","description":"Acquista la tua pianta gelsi online su AnticoPomario. Confronta e scopri le altre piante da frutto, le variet\u00e0 antiche e le viti dei vivai Dalmonte.","robots":{"index":"index","follow":"follow","max-snippet":"max-snippet:-1","max-image-preview":"max-image-preview:large","max-video-preview":"max-video-preview:-1"},"canonical":"https:\/\/www.anticopomario.com\/prodotto\/gelso-nero\/","og_locale":"en_US","og_type":"article","og_title":"Pianta gelso online | albero GELSO NERO una specie da riscoprire","og_description":"Acquista la tua pianta gelsi online su AnticoPomario. Confronta e scopri le altre piante da frutto, le variet\u00e0 antiche e le viti dei vivai Dalmonte.","og_url":"https:\/\/www.anticopomario.com\/prodotto\/gelso-nero\/","og_site_name":"Antico Pomario","article_publisher":"https:\/\/www.facebook.com\/AnticoPomario","article_modified_time":"2026-03-31T07:11:25+00:00","og_image":[{"width":1250,"height":1237,"url":"https:\/\/www.anticopomario.com\/wp-content\/uploads\/2021\/11\/gelso-mora-nera.jpg","type":"image\/jpeg"}],"twitter_card":"summary_large_image","schema":{"@context":"https:\/\/schema.org","@graph":[{"@type":"WebPage","@id":"https:\/\/www.anticopomario.com\/prodotto\/gelso-nero\/","url":"https:\/\/www.anticopomario.com\/prodotto\/gelso-nero\/","name":"Pianta gelso online | albero GELSO NERO una specie da riscoprire","isPartOf":{"@id":"https:\/\/www.anticopomario.com\/#website"},"primaryImageOfPage":{"@id":"https:\/\/www.anticopomario.com\/prodotto\/gelso-nero\/#primaryimage"},"image":{"@id":"https:\/\/www.anticopomario.com\/prodotto\/gelso-nero\/#primaryimage"},"thumbnailUrl":"https:\/\/www.anticopomario.com\/wp-content\/uploads\/2021\/11\/gelso-mora-nera.jpg","datePublished":"2021-11-30T10:06:40+00:00","dateModified":"2026-03-31T07:11:25+00:00","description":"Acquista la tua pianta gelsi online su AnticoPomario. Confronta e scopri le altre piante da frutto, le variet\u00e0 antiche e le viti dei vivai Dalmonte.","breadcrumb":{"@id":"https:\/\/www.anticopomario.com\/prodotto\/gelso-nero\/#breadcrumb"},"inLanguage":"en-US","potentialAction":[{"@type":"ReadAction","target":["https:\/\/www.anticopomario.com\/prodotto\/gelso-nero\/"]}]},{"@type":"ImageObject","inLanguage":"en-US","@id":"https:\/\/www.anticopomario.com\/prodotto\/gelso-nero\/#primaryimage","url":"https:\/\/www.anticopomario.com\/wp-content\/uploads\/2021\/11\/gelso-mora-nera.jpg","contentUrl":"https:\/\/www.anticopomario.com\/wp-content\/uploads\/2021\/11\/gelso-mora-nera.jpg","width":1250,"height":1237},{"@type":"BreadcrumbList","@id":"https:\/\/www.anticopomario.com\/prodotto\/gelso-nero\/#breadcrumb","itemListElement":[{"@type":"ListItem","position":1,"name":"Home","item":"https:\/\/www.anticopomario.com\/"},{"@type":"ListItem","position":2,"name":"Shop","item":"https:\/\/www.anticopomario.com\/shop\/"},{"@type":"ListItem","position":3,"name":"GELSO NERO"}]},{"@type":"WebSite","@id":"https:\/\/www.anticopomario.com\/#website","url":"https:\/\/www.anticopomario.com\/","name":"Antico Pomario","description":"Piante da frutto, variet\u00e0 antiche, barbatelle di vite e specie da riscoprire","publisher":{"@id":"https:\/\/www.anticopomario.com\/#organization"},"potentialAction":[{"@type":"SearchAction","target":{"@type":"EntryPoint","urlTemplate":"https:\/\/www.anticopomario.com\/?s={search_term_string}"},"query-input":{"@type":"PropertyValueSpecification","valueRequired":true,"valueName":"search_term_string"}}],"inLanguage":"en-US"},{"@type":"Organization","@id":"https:\/\/www.anticopomario.com\/#organization","name":"Dalmonte Guido e Vittorio Vivai","url":"https:\/\/www.anticopomario.com\/","logo":{"@type":"ImageObject","inLanguage":"en-US","@id":"https:\/\/www.anticopomario.com\/#\/schema\/logo\/image\/","url":"https:\/\/www.anticopomario.com\/wp-content\/uploads\/2019\/10\/Logo-Dalmonte-1.jpg","contentUrl":"https:\/\/www.anticopomario.com\/wp-content\/uploads\/2019\/10\/Logo-Dalmonte-1.jpg","width":504,"height":356,"caption":"Dalmonte Guido e Vittorio Vivai"},"image":{"@id":"https:\/\/www.anticopomario.com\/#\/schema\/logo\/image\/"},"sameAs":["https:\/\/www.facebook.com\/AnticoPomario"]}]}},"_links":{"self":[{"href":"https:\/\/www.anticopomario.com\/en\/wp-json\/wp\/v2\/product\/13532","targetHints":{"allow":["GET"]}}],"collection":[{"href":"https:\/\/www.anticopomario.com\/en\/wp-json\/wp\/v2\/product"}],"about":[{"href":"https:\/\/www.anticopomario.com\/en\/wp-json\/wp\/v2\/types\/product"}],"wp:featuredmedia":[{"embeddable":true,"href":"https:\/\/www.anticopomario.com\/en\/wp-json\/wp\/v2\/media\/13533"}],"wp:attachment":[{"href":"https:\/\/www.anticopomario.com\/en\/wp-json\/wp\/v2\/media?parent=13532"}],"wp:term":[{"taxonomy":"product_brand","embeddable":true,"href":"https:\/\/www.anticopomario.com\/en\/wp-json\/wp\/v2\/product_brand?post=13532"},{"taxonomy":"product_cat","embeddable":true,"href":"https:\/\/www.anticopomario.com\/en\/wp-json\/wp\/v2\/product_cat?post=13532"},{"taxonomy":"product_tag","embeddable":true,"href":"https:\/\/www.anticopomario.com\/en\/wp-json\/wp\/v2\/product_tag?post=13532"}],"curies":[{"name":"wp","href":"https:\/\/api.w.org\/{rel}","templated":true}]}}