{"id":9367,"date":"2019-10-07T14:29:34","date_gmt":"2019-10-07T14:29:34","guid":{"rendered":"https:\/\/www.anticopomario.com\/?post_type=product&#038;p=9367"},"modified":"2024-09-30T08:01:15","modified_gmt":"2024-09-30T08:01:15","slug":"goldrich-sungiant","status":"publish","type":"product","link":"https:\/\/www.anticopomario.com\/en\/product\/goldrich-sungiant\/","title":{"rendered":"ALBICOCCO GOLDRICH (SUNGIANT)"},"content":{"rendered":"<div class=\"wpb-content-wrapper\"><p>[vc_row][vc_column][vc_column_text]<strong>Caratteristiche:\u00a0<\/strong>Goldrich \u00e8 una cultivar di albicocco (Prunus armeniaca) con elevata vigoria e produttivit\u00e0 costante. I frutti presentano buona tenuta sulla pianta, consentendo di proporre Goldrich per un lungo periodo sui mercati. \u00a0Goldrich presenta frutti di calibro grosso (peso medio 90 g), con buccia di un colore arancio intenso e molto attraente. La polpa \u00e8 color arancio. La qualit\u00e0 gustativa \u00e8 buona, specialmente a maturazione avanzata, presenta per\u00f2 una certa acidit\u00e0 della buccia.<\/p>\n<p><strong>Epoca di fioritura:<\/strong>\u00a0I\u00b0 decade di Marzo<\/p>\n<p><strong>Impollinazione:<\/strong> Parzialmente autosterile. Impollinatori consigliati: <a href=\"https:\/\/www.anticopomario.com\/index4.php?id0=0&amp;id1=3&amp;id2=50&amp;id3=13&amp;id4=18&amp;prodotti_id=114\" target=\"_blank\" rel=\"noopener noreferrer\" data-cke-saved-href=\"https:\/\/www.anticopomario.com\/index4.php?id0=0&amp;id1=3&amp;id2=50&amp;id3=13&amp;id4=18&amp;prodotti_id=114\"><em><strong>Portici<\/strong><\/em><\/a>, Sabbatani, <em><strong><a href=\"https:\/\/www.anticopomario.com\/index4.php?id0=0&amp;id1=3&amp;id2=50&amp;id3=13&amp;id4=18&amp;prodotti_id=102\" target=\"_blank\" rel=\"noopener noreferrer\" data-cke-saved-href=\"https:\/\/www.anticopomario.com\/index4.php?id0=0&amp;id1=3&amp;id2=50&amp;id3=13&amp;id4=18&amp;prodotti_id=102\">Bella di Imola<\/a><\/strong><\/em>, <em><strong><a href=\"https:\/\/www.anticopomario.com\/index4.php?id0=0&amp;id1=3&amp;id2=50&amp;id3=13&amp;id4=18&amp;prodotti_id=115\" target=\"_blank\" rel=\"noopener noreferrer\" data-cke-saved-href=\"https:\/\/www.anticopomario.com\/index4.php?id0=0&amp;id1=3&amp;id2=50&amp;id3=13&amp;id4=18&amp;prodotti_id=115\">Sancastrese<\/a><\/strong><\/em>, Vitillo, <a href=\"https:\/\/www.anticopomario.com\/index4.php?id0=0&amp;id1=3&amp;id2=50&amp;id3=13&amp;id4=18&amp;prodotti_id=18\" target=\"_blank\" rel=\"noopener noreferrer\" data-cke-saved-href=\"https:\/\/www.anticopomario.com\/index4.php?id0=0&amp;id1=3&amp;id2=50&amp;id3=13&amp;id4=18&amp;prodotti_id=18\"><em><strong>Ivonne Liverani<\/strong><\/em><\/a><\/p>\n<p><strong>Epoca di raccolta:<\/strong>\u00a0II\u00b0 decade di Giugno (- 8 Sancastrese)<\/p>\n<p><strong>Editore:<\/strong> libera da vincoli[\/vc_column_text][\/vc_column][\/vc_row]<\/p>\n<\/div>","protected":false},"excerpt":{"rendered":"<p><strong>Caratteristiche:\u00a0<\/strong>Goldrich \u00e8 una cultivar di albicocco (Prunus armeniaca) con elevata vigoria e produttivit\u00e0 costante. I frutti presentano buona tenuta sulla pianta, consentendo di proporre Goldrich per un lungo periodo sui mercati. \u00a0Goldrich presenta frutti di calibro grosso (peso medio 90 g), con buccia di un colore arancio intenso e molto attraente. La polpa \u00e8 color arancio. La qualit\u00e0 gustativa \u00e8 buona, specialmente a maturazione avanzata, presenta per\u00f2 una certa acidit\u00e0 della buccia.<\/p>\n<p><strong>Epoca di fioritura:<\/strong>\u00a0I\u00b0 decade di Marzo<\/p>\n<p><strong>Impollinazione:<\/strong> Parzialmente autosterile. Impollinatori consigliati: <a href=\"https:\/\/www.anticopomario.com\/index4.php?id0=0&amp;id1=3&amp;id2=50&amp;id3=13&amp;id4=18&amp;prodotti_id=114\" target=\"_blank\" rel=\"noopener noreferrer\" data-cke-saved-href=\"https:\/\/www.anticopomario.com\/index4.php?id0=0&amp;id1=3&amp;id2=50&amp;id3=13&amp;id4=18&amp;prodotti_id=114\"><em><strong>Portici<\/strong><\/em><\/a>, Sabbatani, <em><strong><a href=\"https:\/\/www.anticopomario.com\/index4.php?id0=0&amp;id1=3&amp;id2=50&amp;id3=13&amp;id4=18&amp;prodotti_id=102\" target=\"_blank\" rel=\"noopener noreferrer\" data-cke-saved-href=\"https:\/\/www.anticopomario.com\/index4.php?id0=0&amp;id1=3&amp;id2=50&amp;id3=13&amp;id4=18&amp;prodotti_id=102\">Bella di Imola<\/a><\/strong><\/em>, <em><strong><a href=\"https:\/\/www.anticopomario.com\/index4.php?id0=0&amp;id1=3&amp;id2=50&amp;id3=13&amp;id4=18&amp;prodotti_id=115\" target=\"_blank\" rel=\"noopener noreferrer\" data-cke-saved-href=\"https:\/\/www.anticopomario.com\/index4.php?id0=0&amp;id1=3&amp;id2=50&amp;id3=13&amp;id4=18&amp;prodotti_id=115\">Sancastrese<\/a><\/strong><\/em>, Vitillo, <a href=\"https:\/\/www.anticopomario.com\/index4.php?id0=0&amp;id1=3&amp;id2=50&amp;id3=13&amp;id4=18&amp;prodotti_id=18\" target=\"_blank\" rel=\"noopener noreferrer\" data-cke-saved-href=\"https:\/\/www.anticopomario.com\/index4.php?id0=0&amp;id1=3&amp;id2=50&amp;id3=13&amp;id4=18&amp;prodotti_id=18\"><em><strong>Ivonne Liverani<\/strong><\/em><\/a><\/p>\n<p><strong>Epoca di raccolta:<\/strong>\u00a0II\u00b0 decade di Giugno (- 8 Sancastrese)<\/p>\n<p><strong>Editore:<\/strong> libera da vincoli<\/p>\n","protected":false},"featured_media":9499,"template":"","meta":[],"product_brand":[],"product_cat":[234,109],"product_tag":[],"class_list":{"0":"post-9367","1":"product","2":"type-product","3":"status-publish","4":"has-post-thumbnail","6":"product_cat-albicocche-ciliegie","7":"product_cat-piante-da-frutto","8":"product_shipping_class-piante-da-frutto","10":"first","11":"outofstock","12":"shipping-taxable","13":"purchasable","14":"product-type-simple"},"yoast_head":"<!-- This site is optimized with the Yoast SEO plugin v27.3 - https:\/\/yoast.com\/product\/yoast-seo-wordpress\/ -->\n<title>Acquista online la tua pianta di albicocche | GOLDRICH grosso calibro<\/title>\n<meta name=\"description\" content=\"Pianta di albicocche GOLDRICH, confronta online le piante da frutto, le variet\u00e0 antiche e le viti dei vivai Dalmonte, progetta con noi il tuo frutteto.\" \/>\n<meta name=\"robots\" content=\"index, follow, max-snippet:-1, max-image-preview:large, max-video-preview:-1\" \/>\n<link rel=\"canonical\" href=\"https:\/\/www.anticopomario.com\/prodotto\/goldrich-sungiant\/\" \/>\n<meta property=\"og:locale\" content=\"en_US\" \/>\n<meta property=\"og:type\" content=\"article\" \/>\n<meta property=\"og:title\" content=\"Acquista online la tua pianta di albicocche | GOLDRICH grosso calibro\" \/>\n<meta property=\"og:description\" content=\"Pianta di albicocche GOLDRICH, confronta online le piante da frutto, le variet\u00e0 antiche e le viti dei vivai Dalmonte, progetta con noi il tuo frutteto.\" \/>\n<meta property=\"og:url\" content=\"https:\/\/www.anticopomario.com\/prodotto\/goldrich-sungiant\/\" \/>\n<meta property=\"og:site_name\" content=\"Antico Pomario\" \/>\n<meta property=\"article:publisher\" content=\"https:\/\/www.facebook.com\/AnticoPomario\" \/>\n<meta property=\"article:modified_time\" content=\"2024-09-30T08:01:15+00:00\" \/>\n<meta property=\"og:image\" content=\"https:\/\/www.anticopomario.com\/wp-content\/uploads\/2019\/10\/a_goldrich_4-1-e1727683272526.jpg\" \/>\n\t<meta property=\"og:image:width\" content=\"433\" \/>\n\t<meta property=\"og:image:height\" content=\"433\" \/>\n\t<meta property=\"og:image:type\" content=\"image\/jpeg\" \/>\n<meta name=\"twitter:card\" content=\"summary_large_image\" \/>\n<script type=\"application\/ld+json\" class=\"yoast-schema-graph\">{\"@context\":\"https:\\\/\\\/schema.org\",\"@graph\":[{\"@type\":\"WebPage\",\"@id\":\"https:\\\/\\\/www.anticopomario.com\\\/prodotto\\\/goldrich-sungiant\\\/\",\"url\":\"https:\\\/\\\/www.anticopomario.com\\\/prodotto\\\/goldrich-sungiant\\\/\",\"name\":\"Acquista online la tua pianta di albicocche | GOLDRICH grosso calibro\",\"isPartOf\":{\"@id\":\"https:\\\/\\\/www.anticopomario.com\\\/#website\"},\"primaryImageOfPage\":{\"@id\":\"https:\\\/\\\/www.anticopomario.com\\\/prodotto\\\/goldrich-sungiant\\\/#primaryimage\"},\"image\":{\"@id\":\"https:\\\/\\\/www.anticopomario.com\\\/prodotto\\\/goldrich-sungiant\\\/#primaryimage\"},\"thumbnailUrl\":\"https:\\\/\\\/www.anticopomario.com\\\/wp-content\\\/uploads\\\/2019\\\/10\\\/a_goldrich_4-1-e1727683272526.jpg\",\"datePublished\":\"2019-10-07T14:29:34+00:00\",\"dateModified\":\"2024-09-30T08:01:15+00:00\",\"description\":\"Pianta di albicocche GOLDRICH, confronta online le piante da frutto, le variet\u00e0 antiche e le viti dei vivai Dalmonte, progetta con noi il tuo frutteto.\",\"breadcrumb\":{\"@id\":\"https:\\\/\\\/www.anticopomario.com\\\/prodotto\\\/goldrich-sungiant\\\/#breadcrumb\"},\"inLanguage\":\"en-US\",\"potentialAction\":[{\"@type\":\"ReadAction\",\"target\":[\"https:\\\/\\\/www.anticopomario.com\\\/prodotto\\\/goldrich-sungiant\\\/\"]}]},{\"@type\":\"ImageObject\",\"inLanguage\":\"en-US\",\"@id\":\"https:\\\/\\\/www.anticopomario.com\\\/prodotto\\\/goldrich-sungiant\\\/#primaryimage\",\"url\":\"https:\\\/\\\/www.anticopomario.com\\\/wp-content\\\/uploads\\\/2019\\\/10\\\/a_goldrich_4-1-e1727683272526.jpg\",\"contentUrl\":\"https:\\\/\\\/www.anticopomario.com\\\/wp-content\\\/uploads\\\/2019\\\/10\\\/a_goldrich_4-1-e1727683272526.jpg\",\"width\":433,\"height\":433},{\"@type\":\"BreadcrumbList\",\"@id\":\"https:\\\/\\\/www.anticopomario.com\\\/prodotto\\\/goldrich-sungiant\\\/#breadcrumb\",\"itemListElement\":[{\"@type\":\"ListItem\",\"position\":1,\"name\":\"Home\",\"item\":\"https:\\\/\\\/www.anticopomario.com\\\/\"},{\"@type\":\"ListItem\",\"position\":2,\"name\":\"Shop\",\"item\":\"https:\\\/\\\/www.anticopomario.com\\\/shop\\\/\"},{\"@type\":\"ListItem\",\"position\":3,\"name\":\"ALBICOCCO GOLDRICH (SUNGIANT)\"}]},{\"@type\":\"WebSite\",\"@id\":\"https:\\\/\\\/www.anticopomario.com\\\/#website\",\"url\":\"https:\\\/\\\/www.anticopomario.com\\\/\",\"name\":\"Antico Pomario\",\"description\":\"Piante da frutto, variet\u00e0 antiche, barbatelle di vite e specie da riscoprire\",\"publisher\":{\"@id\":\"https:\\\/\\\/www.anticopomario.com\\\/#organization\"},\"potentialAction\":[{\"@type\":\"SearchAction\",\"target\":{\"@type\":\"EntryPoint\",\"urlTemplate\":\"https:\\\/\\\/www.anticopomario.com\\\/?s={search_term_string}\"},\"query-input\":{\"@type\":\"PropertyValueSpecification\",\"valueRequired\":true,\"valueName\":\"search_term_string\"}}],\"inLanguage\":\"en-US\"},{\"@type\":\"Organization\",\"@id\":\"https:\\\/\\\/www.anticopomario.com\\\/#organization\",\"name\":\"Dalmonte Guido e Vittorio Vivai\",\"url\":\"https:\\\/\\\/www.anticopomario.com\\\/\",\"logo\":{\"@type\":\"ImageObject\",\"inLanguage\":\"en-US\",\"@id\":\"https:\\\/\\\/www.anticopomario.com\\\/#\\\/schema\\\/logo\\\/image\\\/\",\"url\":\"https:\\\/\\\/www.anticopomario.com\\\/wp-content\\\/uploads\\\/2019\\\/10\\\/Logo-Dalmonte-1.jpg\",\"contentUrl\":\"https:\\\/\\\/www.anticopomario.com\\\/wp-content\\\/uploads\\\/2019\\\/10\\\/Logo-Dalmonte-1.jpg\",\"width\":504,\"height\":356,\"caption\":\"Dalmonte Guido e Vittorio Vivai\"},\"image\":{\"@id\":\"https:\\\/\\\/www.anticopomario.com\\\/#\\\/schema\\\/logo\\\/image\\\/\"},\"sameAs\":[\"https:\\\/\\\/www.facebook.com\\\/AnticoPomario\"]}]}<\/script>\n<!-- \/ Yoast SEO plugin. -->","yoast_head_json":{"title":"Acquista online la tua pianta di albicocche | GOLDRICH grosso calibro","description":"Pianta di albicocche GOLDRICH, confronta online le piante da frutto, le variet\u00e0 antiche e le viti dei vivai Dalmonte, progetta con noi il tuo frutteto.","robots":{"index":"index","follow":"follow","max-snippet":"max-snippet:-1","max-image-preview":"max-image-preview:large","max-video-preview":"max-video-preview:-1"},"canonical":"https:\/\/www.anticopomario.com\/prodotto\/goldrich-sungiant\/","og_locale":"en_US","og_type":"article","og_title":"Acquista online la tua pianta di albicocche | GOLDRICH grosso calibro","og_description":"Pianta di albicocche GOLDRICH, confronta online le piante da frutto, le variet\u00e0 antiche e le viti dei vivai Dalmonte, progetta con noi il tuo frutteto.","og_url":"https:\/\/www.anticopomario.com\/prodotto\/goldrich-sungiant\/","og_site_name":"Antico Pomario","article_publisher":"https:\/\/www.facebook.com\/AnticoPomario","article_modified_time":"2024-09-30T08:01:15+00:00","og_image":[{"width":433,"height":433,"url":"https:\/\/www.anticopomario.com\/wp-content\/uploads\/2019\/10\/a_goldrich_4-1-e1727683272526.jpg","type":"image\/jpeg"}],"twitter_card":"summary_large_image","schema":{"@context":"https:\/\/schema.org","@graph":[{"@type":"WebPage","@id":"https:\/\/www.anticopomario.com\/prodotto\/goldrich-sungiant\/","url":"https:\/\/www.anticopomario.com\/prodotto\/goldrich-sungiant\/","name":"Acquista online la tua pianta di albicocche | GOLDRICH grosso calibro","isPartOf":{"@id":"https:\/\/www.anticopomario.com\/#website"},"primaryImageOfPage":{"@id":"https:\/\/www.anticopomario.com\/prodotto\/goldrich-sungiant\/#primaryimage"},"image":{"@id":"https:\/\/www.anticopomario.com\/prodotto\/goldrich-sungiant\/#primaryimage"},"thumbnailUrl":"https:\/\/www.anticopomario.com\/wp-content\/uploads\/2019\/10\/a_goldrich_4-1-e1727683272526.jpg","datePublished":"2019-10-07T14:29:34+00:00","dateModified":"2024-09-30T08:01:15+00:00","description":"Pianta di albicocche GOLDRICH, confronta online le piante da frutto, le variet\u00e0 antiche e le viti dei vivai Dalmonte, progetta con noi il tuo frutteto.","breadcrumb":{"@id":"https:\/\/www.anticopomario.com\/prodotto\/goldrich-sungiant\/#breadcrumb"},"inLanguage":"en-US","potentialAction":[{"@type":"ReadAction","target":["https:\/\/www.anticopomario.com\/prodotto\/goldrich-sungiant\/"]}]},{"@type":"ImageObject","inLanguage":"en-US","@id":"https:\/\/www.anticopomario.com\/prodotto\/goldrich-sungiant\/#primaryimage","url":"https:\/\/www.anticopomario.com\/wp-content\/uploads\/2019\/10\/a_goldrich_4-1-e1727683272526.jpg","contentUrl":"https:\/\/www.anticopomario.com\/wp-content\/uploads\/2019\/10\/a_goldrich_4-1-e1727683272526.jpg","width":433,"height":433},{"@type":"BreadcrumbList","@id":"https:\/\/www.anticopomario.com\/prodotto\/goldrich-sungiant\/#breadcrumb","itemListElement":[{"@type":"ListItem","position":1,"name":"Home","item":"https:\/\/www.anticopomario.com\/"},{"@type":"ListItem","position":2,"name":"Shop","item":"https:\/\/www.anticopomario.com\/shop\/"},{"@type":"ListItem","position":3,"name":"ALBICOCCO GOLDRICH (SUNGIANT)"}]},{"@type":"WebSite","@id":"https:\/\/www.anticopomario.com\/#website","url":"https:\/\/www.anticopomario.com\/","name":"Antico Pomario","description":"Piante da frutto, variet\u00e0 antiche, barbatelle di vite e specie da riscoprire","publisher":{"@id":"https:\/\/www.anticopomario.com\/#organization"},"potentialAction":[{"@type":"SearchAction","target":{"@type":"EntryPoint","urlTemplate":"https:\/\/www.anticopomario.com\/?s={search_term_string}"},"query-input":{"@type":"PropertyValueSpecification","valueRequired":true,"valueName":"search_term_string"}}],"inLanguage":"en-US"},{"@type":"Organization","@id":"https:\/\/www.anticopomario.com\/#organization","name":"Dalmonte Guido e Vittorio Vivai","url":"https:\/\/www.anticopomario.com\/","logo":{"@type":"ImageObject","inLanguage":"en-US","@id":"https:\/\/www.anticopomario.com\/#\/schema\/logo\/image\/","url":"https:\/\/www.anticopomario.com\/wp-content\/uploads\/2019\/10\/Logo-Dalmonte-1.jpg","contentUrl":"https:\/\/www.anticopomario.com\/wp-content\/uploads\/2019\/10\/Logo-Dalmonte-1.jpg","width":504,"height":356,"caption":"Dalmonte Guido e Vittorio Vivai"},"image":{"@id":"https:\/\/www.anticopomario.com\/#\/schema\/logo\/image\/"},"sameAs":["https:\/\/www.facebook.com\/AnticoPomario"]}]}},"_links":{"self":[{"href":"https:\/\/www.anticopomario.com\/en\/wp-json\/wp\/v2\/product\/9367","targetHints":{"allow":["GET"]}}],"collection":[{"href":"https:\/\/www.anticopomario.com\/en\/wp-json\/wp\/v2\/product"}],"about":[{"href":"https:\/\/www.anticopomario.com\/en\/wp-json\/wp\/v2\/types\/product"}],"wp:featuredmedia":[{"embeddable":true,"href":"https:\/\/www.anticopomario.com\/en\/wp-json\/wp\/v2\/media\/9499"}],"wp:attachment":[{"href":"https:\/\/www.anticopomario.com\/en\/wp-json\/wp\/v2\/media?parent=9367"}],"wp:term":[{"taxonomy":"product_brand","embeddable":true,"href":"https:\/\/www.anticopomario.com\/en\/wp-json\/wp\/v2\/product_brand?post=9367"},{"taxonomy":"product_cat","embeddable":true,"href":"https:\/\/www.anticopomario.com\/en\/wp-json\/wp\/v2\/product_cat?post=9367"},{"taxonomy":"product_tag","embeddable":true,"href":"https:\/\/www.anticopomario.com\/en\/wp-json\/wp\/v2\/product_tag?post=9367"}],"curies":[{"name":"wp","href":"https:\/\/api.w.org\/{rel}","templated":true}]}}