{"id":9575,"date":"2019-10-28T13:54:43","date_gmt":"2019-10-28T13:54:43","guid":{"rendered":"https:\/\/www.anticopomario.com\/?post_type=product&#038;p=9575"},"modified":"2026-03-31T07:51:03","modified_gmt":"2026-03-31T07:51:03","slug":"pisana","status":"publish","type":"product","link":"https:\/\/www.anticopomario.com\/en\/product\/pisana\/","title":{"rendered":"ALBICOCCO PISANA"},"content":{"rendered":"<div class=\"wpb-content-wrapper\"><p>[vc_row][vc_column][vc_column_text]<\/p>\n<div align=\"justify\">\n<p><strong>Caratteristiche:<\/strong> Pisana \u00e8 una cultivar italiana originata dall&#8217;<a href=\"http:\/\/www.agr.unipi.it\/\" target=\"_blank\" rel=\"noopener noreferrer\" data-cke-saved-href=\"http:\/\/www.agr.unipi.it\/\"><em><strong>Universit\u00e0 di Pisa<\/strong><\/em><\/a>. \u00a0Ha media vigoria e produttivit\u00e0 buona e costante.\u00a0<em>Pisana<\/em> presenta frutti di grossa pezzatura e bell&#8217;aspetto. La buccia \u00e8 di colore giallo intenso e\u00a0presenta sovraccolore rosso. La polpa \u00e8 color arancio. La qualit\u00e0 gustativa dei frutti \u00e8 molto buona. <em>Pisana<\/em> \u00e8 tollerante al <em><strong><a href=\"http:\/\/it.wikipedia.org\/wiki\/Sharka\" target=\"_blank\" rel=\"noopener noreferrer\" data-cke-saved-href=\"http:\/\/it.wikipedia.org\/wiki\/Sharka\">Plum Pox Potyvirus (Sharka)<\/a><\/strong><\/em>, non mostrando sintomi evidenti anche dopo l&#8217;eventuale infezione<\/p>\n<p><strong>Epoca di fioritura:<\/strong> II\u00b0 decade di Marzo<\/p>\n<p><strong>Impollinazione:<\/strong> Autofertile<\/p>\n<p><strong>Epoca di raccolta:<\/strong> III\u00b0 decade di Luglio (+ 12 Sancastrese)<\/p>\n<p><strong>Editore:<\/strong> libera da vincoli<\/p>\n<\/div>\n<p>[\/vc_column_text][\/vc_column][\/vc_row]<\/p>\n<\/div>","protected":false},"excerpt":{"rendered":"<div align=\"justify\">\n<p><strong>Caratteristiche:<\/strong> Pisana \u00e8 una cultivar italiana originata dall&#8217;<a href=\"http:\/\/www.agr.unipi.it\/\" target=\"_blank\" rel=\"noopener noreferrer\" data-cke-saved-href=\"http:\/\/www.agr.unipi.it\/\"><em><strong>Universit\u00e0 di Pisa<\/strong><\/em><\/a>. \u00a0Ha media vigoria e produttivit\u00e0 buona e costante.\u00a0<em>Pisana<\/em> presenta frutti di grossa pezzatura e bell&#8217;aspetto. La buccia \u00e8 di colore giallo intenso e\u00a0presenta sovraccolore rosso. La polpa \u00e8 color arancio. La qualit\u00e0 gustativa dei frutti \u00e8 molto buona. <em>Pisana<\/em> \u00e8 tollerante al <em><strong><a href=\"http:\/\/it.wikipedia.org\/wiki\/Sharka\" target=\"_blank\" rel=\"noopener noreferrer\" data-cke-saved-href=\"http:\/\/it.wikipedia.org\/wiki\/Sharka\">Plum Pox Potyvirus (Sharka)<\/a><\/strong><\/em>, non mostrando sintomi evidenti anche dopo l&#8217;eventuale infezione<\/p>\n<p><strong>Epoca di fioritura:<\/strong> II\u00b0 decade di Marzo<\/p>\n<p><strong>Impollinazione:<\/strong> Autofertile<\/p>\n<p><strong>Epoca di raccolta:<\/strong> III\u00b0 decade di Luglio (+ 12 Sancastrese)<\/p>\n<p><strong>Editore:<\/strong> libera da vincoli<\/p>\n<\/div>\n","protected":false},"featured_media":13064,"template":"","meta":[],"product_brand":[],"product_cat":[231,110],"product_tag":[],"class_list":{"0":"post-9575","1":"product","2":"type-product","3":"status-publish","4":"has-post-thumbnail","6":"product_cat-albicocchi-susini-antichi","7":"product_cat-varieta-antiche","8":"product_shipping_class-piante-da-frutto","10":"first","11":"outofstock","12":"shipping-taxable","13":"purchasable","14":"product-type-simple"},"yoast_head":"<!-- This site is optimized with the Yoast SEO plugin v27.3 - https:\/\/yoast.com\/product\/yoast-seo-wordpress\/ -->\n<title>Acquista online la tua pianta di albicocche |\u00a0Pisana variet\u00e0 antica<\/title>\n<meta name=\"description\" content=\"Pianta di albicocche PISANA. Scopri le vartit\u00e0 antiche della linea AnticoPomario-vivai Dalmonte, le piante e le viti per progettare il tuo frutteto.\" \/>\n<meta name=\"robots\" content=\"index, follow, max-snippet:-1, max-image-preview:large, max-video-preview:-1\" \/>\n<link rel=\"canonical\" href=\"https:\/\/www.anticopomario.com\/prodotto\/pisana\/\" \/>\n<meta property=\"og:locale\" content=\"en_US\" \/>\n<meta property=\"og:type\" content=\"article\" \/>\n<meta property=\"og:title\" content=\"Acquista online la tua pianta di albicocche |\u00a0Pisana variet\u00e0 antica\" \/>\n<meta property=\"og:description\" content=\"Pianta di albicocche PISANA. Scopri le vartit\u00e0 antiche della linea AnticoPomario-vivai Dalmonte, le piante e le viti per progettare il tuo frutteto.\" \/>\n<meta property=\"og:url\" content=\"https:\/\/www.anticopomario.com\/prodotto\/pisana\/\" \/>\n<meta property=\"og:site_name\" content=\"Antico Pomario\" \/>\n<meta property=\"article:publisher\" content=\"https:\/\/www.facebook.com\/AnticoPomario\" \/>\n<meta property=\"article:modified_time\" content=\"2026-03-31T07:51:03+00:00\" \/>\n<meta property=\"og:image\" content=\"https:\/\/www.anticopomario.com\/wp-content\/uploads\/2019\/10\/172615_20170419160534.jpg\" \/>\n\t<meta property=\"og:image:width\" content=\"811\" \/>\n\t<meta property=\"og:image:height\" content=\"800\" \/>\n\t<meta property=\"og:image:type\" content=\"image\/jpeg\" \/>\n<meta name=\"twitter:card\" content=\"summary_large_image\" \/>\n<script type=\"application\/ld+json\" class=\"yoast-schema-graph\">{\"@context\":\"https:\\\/\\\/schema.org\",\"@graph\":[{\"@type\":\"WebPage\",\"@id\":\"https:\\\/\\\/www.anticopomario.com\\\/prodotto\\\/pisana\\\/\",\"url\":\"https:\\\/\\\/www.anticopomario.com\\\/prodotto\\\/pisana\\\/\",\"name\":\"Acquista online la tua pianta di albicocche |\u00a0Pisana variet\u00e0 antica\",\"isPartOf\":{\"@id\":\"https:\\\/\\\/www.anticopomario.com\\\/#website\"},\"primaryImageOfPage\":{\"@id\":\"https:\\\/\\\/www.anticopomario.com\\\/prodotto\\\/pisana\\\/#primaryimage\"},\"image\":{\"@id\":\"https:\\\/\\\/www.anticopomario.com\\\/prodotto\\\/pisana\\\/#primaryimage\"},\"thumbnailUrl\":\"https:\\\/\\\/www.anticopomario.com\\\/wp-content\\\/uploads\\\/2019\\\/10\\\/172615_20170419160534.jpg\",\"datePublished\":\"2019-10-28T13:54:43+00:00\",\"dateModified\":\"2026-03-31T07:51:03+00:00\",\"description\":\"Pianta di albicocche PISANA. Scopri le vartit\u00e0 antiche della linea AnticoPomario-vivai Dalmonte, le piante e le viti per progettare il tuo frutteto.\",\"breadcrumb\":{\"@id\":\"https:\\\/\\\/www.anticopomario.com\\\/prodotto\\\/pisana\\\/#breadcrumb\"},\"inLanguage\":\"en-US\",\"potentialAction\":[{\"@type\":\"ReadAction\",\"target\":[\"https:\\\/\\\/www.anticopomario.com\\\/prodotto\\\/pisana\\\/\"]}]},{\"@type\":\"ImageObject\",\"inLanguage\":\"en-US\",\"@id\":\"https:\\\/\\\/www.anticopomario.com\\\/prodotto\\\/pisana\\\/#primaryimage\",\"url\":\"https:\\\/\\\/www.anticopomario.com\\\/wp-content\\\/uploads\\\/2019\\\/10\\\/172615_20170419160534.jpg\",\"contentUrl\":\"https:\\\/\\\/www.anticopomario.com\\\/wp-content\\\/uploads\\\/2019\\\/10\\\/172615_20170419160534.jpg\",\"width\":811,\"height\":800},{\"@type\":\"BreadcrumbList\",\"@id\":\"https:\\\/\\\/www.anticopomario.com\\\/prodotto\\\/pisana\\\/#breadcrumb\",\"itemListElement\":[{\"@type\":\"ListItem\",\"position\":1,\"name\":\"Home\",\"item\":\"https:\\\/\\\/www.anticopomario.com\\\/\"},{\"@type\":\"ListItem\",\"position\":2,\"name\":\"Shop\",\"item\":\"https:\\\/\\\/www.anticopomario.com\\\/shop\\\/\"},{\"@type\":\"ListItem\",\"position\":3,\"name\":\"ALBICOCCO PISANA\"}]},{\"@type\":\"WebSite\",\"@id\":\"https:\\\/\\\/www.anticopomario.com\\\/#website\",\"url\":\"https:\\\/\\\/www.anticopomario.com\\\/\",\"name\":\"Antico Pomario\",\"description\":\"Piante da frutto, variet\u00e0 antiche, barbatelle di vite e specie da riscoprire\",\"publisher\":{\"@id\":\"https:\\\/\\\/www.anticopomario.com\\\/#organization\"},\"potentialAction\":[{\"@type\":\"SearchAction\",\"target\":{\"@type\":\"EntryPoint\",\"urlTemplate\":\"https:\\\/\\\/www.anticopomario.com\\\/?s={search_term_string}\"},\"query-input\":{\"@type\":\"PropertyValueSpecification\",\"valueRequired\":true,\"valueName\":\"search_term_string\"}}],\"inLanguage\":\"en-US\"},{\"@type\":\"Organization\",\"@id\":\"https:\\\/\\\/www.anticopomario.com\\\/#organization\",\"name\":\"Dalmonte Guido e Vittorio Vivai\",\"url\":\"https:\\\/\\\/www.anticopomario.com\\\/\",\"logo\":{\"@type\":\"ImageObject\",\"inLanguage\":\"en-US\",\"@id\":\"https:\\\/\\\/www.anticopomario.com\\\/#\\\/schema\\\/logo\\\/image\\\/\",\"url\":\"https:\\\/\\\/www.anticopomario.com\\\/wp-content\\\/uploads\\\/2019\\\/10\\\/Logo-Dalmonte-1.jpg\",\"contentUrl\":\"https:\\\/\\\/www.anticopomario.com\\\/wp-content\\\/uploads\\\/2019\\\/10\\\/Logo-Dalmonte-1.jpg\",\"width\":504,\"height\":356,\"caption\":\"Dalmonte Guido e Vittorio Vivai\"},\"image\":{\"@id\":\"https:\\\/\\\/www.anticopomario.com\\\/#\\\/schema\\\/logo\\\/image\\\/\"},\"sameAs\":[\"https:\\\/\\\/www.facebook.com\\\/AnticoPomario\"]}]}<\/script>\n<!-- \/ Yoast SEO plugin. -->","yoast_head_json":{"title":"Acquista online la tua pianta di albicocche |\u00a0Pisana variet\u00e0 antica","description":"Pianta di albicocche PISANA. Scopri le vartit\u00e0 antiche della linea AnticoPomario-vivai Dalmonte, le piante e le viti per progettare il tuo frutteto.","robots":{"index":"index","follow":"follow","max-snippet":"max-snippet:-1","max-image-preview":"max-image-preview:large","max-video-preview":"max-video-preview:-1"},"canonical":"https:\/\/www.anticopomario.com\/prodotto\/pisana\/","og_locale":"en_US","og_type":"article","og_title":"Acquista online la tua pianta di albicocche |\u00a0Pisana variet\u00e0 antica","og_description":"Pianta di albicocche PISANA. Scopri le vartit\u00e0 antiche della linea AnticoPomario-vivai Dalmonte, le piante e le viti per progettare il tuo frutteto.","og_url":"https:\/\/www.anticopomario.com\/prodotto\/pisana\/","og_site_name":"Antico Pomario","article_publisher":"https:\/\/www.facebook.com\/AnticoPomario","article_modified_time":"2026-03-31T07:51:03+00:00","og_image":[{"width":811,"height":800,"url":"https:\/\/www.anticopomario.com\/wp-content\/uploads\/2019\/10\/172615_20170419160534.jpg","type":"image\/jpeg"}],"twitter_card":"summary_large_image","schema":{"@context":"https:\/\/schema.org","@graph":[{"@type":"WebPage","@id":"https:\/\/www.anticopomario.com\/prodotto\/pisana\/","url":"https:\/\/www.anticopomario.com\/prodotto\/pisana\/","name":"Acquista online la tua pianta di albicocche |\u00a0Pisana variet\u00e0 antica","isPartOf":{"@id":"https:\/\/www.anticopomario.com\/#website"},"primaryImageOfPage":{"@id":"https:\/\/www.anticopomario.com\/prodotto\/pisana\/#primaryimage"},"image":{"@id":"https:\/\/www.anticopomario.com\/prodotto\/pisana\/#primaryimage"},"thumbnailUrl":"https:\/\/www.anticopomario.com\/wp-content\/uploads\/2019\/10\/172615_20170419160534.jpg","datePublished":"2019-10-28T13:54:43+00:00","dateModified":"2026-03-31T07:51:03+00:00","description":"Pianta di albicocche PISANA. Scopri le vartit\u00e0 antiche della linea AnticoPomario-vivai Dalmonte, le piante e le viti per progettare il tuo frutteto.","breadcrumb":{"@id":"https:\/\/www.anticopomario.com\/prodotto\/pisana\/#breadcrumb"},"inLanguage":"en-US","potentialAction":[{"@type":"ReadAction","target":["https:\/\/www.anticopomario.com\/prodotto\/pisana\/"]}]},{"@type":"ImageObject","inLanguage":"en-US","@id":"https:\/\/www.anticopomario.com\/prodotto\/pisana\/#primaryimage","url":"https:\/\/www.anticopomario.com\/wp-content\/uploads\/2019\/10\/172615_20170419160534.jpg","contentUrl":"https:\/\/www.anticopomario.com\/wp-content\/uploads\/2019\/10\/172615_20170419160534.jpg","width":811,"height":800},{"@type":"BreadcrumbList","@id":"https:\/\/www.anticopomario.com\/prodotto\/pisana\/#breadcrumb","itemListElement":[{"@type":"ListItem","position":1,"name":"Home","item":"https:\/\/www.anticopomario.com\/"},{"@type":"ListItem","position":2,"name":"Shop","item":"https:\/\/www.anticopomario.com\/shop\/"},{"@type":"ListItem","position":3,"name":"ALBICOCCO PISANA"}]},{"@type":"WebSite","@id":"https:\/\/www.anticopomario.com\/#website","url":"https:\/\/www.anticopomario.com\/","name":"Antico Pomario","description":"Piante da frutto, variet\u00e0 antiche, barbatelle di vite e specie da riscoprire","publisher":{"@id":"https:\/\/www.anticopomario.com\/#organization"},"potentialAction":[{"@type":"SearchAction","target":{"@type":"EntryPoint","urlTemplate":"https:\/\/www.anticopomario.com\/?s={search_term_string}"},"query-input":{"@type":"PropertyValueSpecification","valueRequired":true,"valueName":"search_term_string"}}],"inLanguage":"en-US"},{"@type":"Organization","@id":"https:\/\/www.anticopomario.com\/#organization","name":"Dalmonte Guido e Vittorio Vivai","url":"https:\/\/www.anticopomario.com\/","logo":{"@type":"ImageObject","inLanguage":"en-US","@id":"https:\/\/www.anticopomario.com\/#\/schema\/logo\/image\/","url":"https:\/\/www.anticopomario.com\/wp-content\/uploads\/2019\/10\/Logo-Dalmonte-1.jpg","contentUrl":"https:\/\/www.anticopomario.com\/wp-content\/uploads\/2019\/10\/Logo-Dalmonte-1.jpg","width":504,"height":356,"caption":"Dalmonte Guido e Vittorio Vivai"},"image":{"@id":"https:\/\/www.anticopomario.com\/#\/schema\/logo\/image\/"},"sameAs":["https:\/\/www.facebook.com\/AnticoPomario"]}]}},"_links":{"self":[{"href":"https:\/\/www.anticopomario.com\/en\/wp-json\/wp\/v2\/product\/9575","targetHints":{"allow":["GET"]}}],"collection":[{"href":"https:\/\/www.anticopomario.com\/en\/wp-json\/wp\/v2\/product"}],"about":[{"href":"https:\/\/www.anticopomario.com\/en\/wp-json\/wp\/v2\/types\/product"}],"wp:featuredmedia":[{"embeddable":true,"href":"https:\/\/www.anticopomario.com\/en\/wp-json\/wp\/v2\/media\/13064"}],"wp:attachment":[{"href":"https:\/\/www.anticopomario.com\/en\/wp-json\/wp\/v2\/media?parent=9575"}],"wp:term":[{"taxonomy":"product_brand","embeddable":true,"href":"https:\/\/www.anticopomario.com\/en\/wp-json\/wp\/v2\/product_brand?post=9575"},{"taxonomy":"product_cat","embeddable":true,"href":"https:\/\/www.anticopomario.com\/en\/wp-json\/wp\/v2\/product_cat?post=9575"},{"taxonomy":"product_tag","embeddable":true,"href":"https:\/\/www.anticopomario.com\/en\/wp-json\/wp\/v2\/product_tag?post=9575"}],"curies":[{"name":"wp","href":"https:\/\/api.w.org\/{rel}","templated":true}]}}