{"id":9593,"date":"2019-10-28T14:29:18","date_gmt":"2019-10-28T14:29:18","guid":{"rendered":"https:\/\/www.anticopomario.com\/?post_type=product&#038;p=9593"},"modified":"2026-02-26T08:11:24","modified_gmt":"2026-02-26T08:11:24","slug":"ferrovia","status":"publish","type":"product","link":"https:\/\/www.anticopomario.com\/en\/product\/ferrovia\/","title":{"rendered":"CILIEGIO FERROVIA"},"content":{"rendered":"<div class=\"wpb-content-wrapper\"><p>[vc_row][vc_column][vc_column_text]<\/p>\n<div class=\"woocommerce-product-details__short-description\">\n<div class=\"woocommerce-product-details__short-description\">\n<p><strong>Caratteristiche:\u00a0<\/strong><em>Ferrovia<\/em> \u00e8 una cultivar di vigore medio \u2013 scarso, portamento assurgente- espanso, produttivit\u00e0 media, distribuzione dei frutti sulla pianta uniforme. <em>Ferrovia<\/em>presenta frutti di grossa pezzatura (peso medio 8,2 g) con peduncolo lungo. La buccia \u00e8\u00a0rosso brillante,\u00a0la polpa \u00e8 molto consistente, di colore rosa, pi\u00f9 scura vicino al nocciolo. La qualit\u00e0 gustativa \u00e8 buona.<\/p>\n<p><strong>Epoca di fioritura:<\/strong> I\u00b0 decade di Aprile<\/p>\n<p><strong>Impollinazione:<\/strong> Autosterile. Impollinatori consigliati: <a href=\"https:\/\/www.anticopomario.com\/index4.php?id0=0&amp;id1=3&amp;id2=50&amp;id3=13&amp;id4=19&amp;prodotti_id=25\" target=\"_blank\" rel=\"noopener noreferrer\" data-cke-saved-href=\"https:\/\/www.anticopomario.com\/index4.php?id0=0&amp;id1=3&amp;id2=50&amp;id3=13&amp;id4=19&amp;prodotti_id=25\"><em><strong>Giorgia<\/strong><\/em><\/a>,<a href=\"https:\/\/www.anticopomario.com\/index4.php?id0=0&amp;id1=3&amp;id2=50&amp;id3=13&amp;id4=19&amp;prodotti_id=26\" target=\"_blank\" rel=\"noopener noreferrer\" data-cke-saved-href=\"https:\/\/www.anticopomario.com\/index4.php?id0=0&amp;id1=3&amp;id2=50&amp;id3=13&amp;id4=19&amp;prodotti_id=26\"><em><strong> Lapins<\/strong><\/em><\/a><\/p>\n<p><strong>Utilizzo del frutto:<\/strong> Consumo fresco.<\/p>\n<p><strong>Epoca di raccolta:<\/strong>\u00a0II\u00b0 decade di Giugno (+ 24 Burlat).<\/p>\n<p><strong>Editore:<\/strong> libera da vincoli<\/p>\n<\/div>\n<\/div>\n<p>[\/vc_column_text][\/vc_column][\/vc_row]<\/p>\n<\/div>","protected":false},"excerpt":{"rendered":"<p><strong>Caratteristiche:\u00a0<\/strong><em>Ferrovia<\/em> \u00e8 una cultivar di vigore medio \u2013 scarso, portamento assurgente- espanso, produttivit\u00e0 media, distribuzione dei frutti sulla pianta uniforme. <em>Ferrovia<\/em>presenta frutti di grossa pezzatura (peso medio 8,2 g) con peduncolo lungo. La buccia \u00e8\u00a0rosso brillante,\u00a0la polpa \u00e8 molto consistente, di colore rosa, pi\u00f9 scura vicino al nocciolo. La qualit\u00e0 gustativa \u00e8 buona.<\/p>\n<p><strong>Epoca di fioritura:<\/strong> I\u00b0 decade di Aprile<\/p>\n<p><strong>Impollinazione:<\/strong> Autosterile. Impollinatori consigliati: <a href=\"https:\/\/www.anticopomario.com\/index4.php?id0=0&amp;id1=3&amp;id2=50&amp;id3=13&amp;id4=19&amp;prodotti_id=25\" target=\"_blank\" rel=\"noopener noreferrer\" data-cke-saved-href=\"https:\/\/www.anticopomario.com\/index4.php?id0=0&amp;id1=3&amp;id2=50&amp;id3=13&amp;id4=19&amp;prodotti_id=25\"><em><strong>Giorgia<\/strong><\/em><\/a>,<a href=\"https:\/\/www.anticopomario.com\/index4.php?id0=0&amp;id1=3&amp;id2=50&amp;id3=13&amp;id4=19&amp;prodotti_id=26\" target=\"_blank\" rel=\"noopener noreferrer\" data-cke-saved-href=\"https:\/\/www.anticopomario.com\/index4.php?id0=0&amp;id1=3&amp;id2=50&amp;id3=13&amp;id4=19&amp;prodotti_id=26\"><em><strong> Lapins<\/strong><\/em><\/a><\/p>\n<p><strong>Epoca<\/strong><strong>Utilizzo del frutto:<\/strong> Consumo fresco.<\/p>\n<p><strong>di raccolta:<\/strong>\u00a0II\u00b0 decade di Giugno (+ 24 Burlat).<\/p>\n<p><strong>Editore:<\/strong> libera da vincoli<\/p>\n","protected":false},"featured_media":11042,"template":"","meta":[],"product_brand":[],"product_cat":[234,109],"product_tag":[],"class_list":{"0":"post-9593","1":"product","2":"type-product","3":"status-publish","4":"has-post-thumbnail","6":"product_cat-albicocche-ciliegie","7":"product_cat-piante-da-frutto","8":"product_shipping_class-piante-da-frutto","10":"first","11":"outofstock","12":"shipping-taxable","13":"purchasable","14":"product-type-simple"},"yoast_head":"<!-- This site is optimized with the Yoast SEO plugin v27.3 - https:\/\/yoast.com\/product\/yoast-seo-wordpress\/ -->\n<title>Acquista online la tua pianta di ciliegie | FERROVIA cultivar interessante<\/title>\n<meta name=\"description\" content=\"Pianta di ciliegie FERROVIA confronta online le piante da frutto, le variet\u00e0 antiche e le viti dei vivai Dalmonte, progetta con noi il tuo frutteto.\" \/>\n<meta name=\"robots\" content=\"index, follow, max-snippet:-1, max-image-preview:large, max-video-preview:-1\" \/>\n<link rel=\"canonical\" href=\"https:\/\/www.anticopomario.com\/prodotto\/ferrovia\/\" \/>\n<meta property=\"og:locale\" content=\"en_US\" \/>\n<meta property=\"og:type\" content=\"article\" \/>\n<meta property=\"og:title\" content=\"Acquista online la tua pianta di ciliegie | FERROVIA cultivar interessante\" \/>\n<meta property=\"og:description\" content=\"Pianta di ciliegie FERROVIA confronta online le piante da frutto, le variet\u00e0 antiche e le viti dei vivai Dalmonte, progetta con noi il tuo frutteto.\" \/>\n<meta property=\"og:url\" content=\"https:\/\/www.anticopomario.com\/prodotto\/ferrovia\/\" \/>\n<meta property=\"og:site_name\" content=\"Antico Pomario\" \/>\n<meta property=\"article:publisher\" content=\"https:\/\/www.facebook.com\/AnticoPomario\" \/>\n<meta property=\"article:modified_time\" content=\"2026-02-26T08:11:24+00:00\" \/>\n<meta property=\"og:image\" content=\"https:\/\/www.anticopomario.com\/wp-content\/uploads\/2019\/10\/Ferrovia.jpg\" \/>\n\t<meta property=\"og:image:width\" content=\"466\" \/>\n\t<meta property=\"og:image:height\" content=\"350\" \/>\n\t<meta property=\"og:image:type\" content=\"image\/jpeg\" \/>\n<meta name=\"twitter:card\" content=\"summary_large_image\" \/>\n<script type=\"application\/ld+json\" class=\"yoast-schema-graph\">{\"@context\":\"https:\\\/\\\/schema.org\",\"@graph\":[{\"@type\":\"WebPage\",\"@id\":\"https:\\\/\\\/www.anticopomario.com\\\/prodotto\\\/ferrovia\\\/\",\"url\":\"https:\\\/\\\/www.anticopomario.com\\\/prodotto\\\/ferrovia\\\/\",\"name\":\"Acquista online la tua pianta di ciliegie | FERROVIA cultivar interessante\",\"isPartOf\":{\"@id\":\"https:\\\/\\\/www.anticopomario.com\\\/#website\"},\"primaryImageOfPage\":{\"@id\":\"https:\\\/\\\/www.anticopomario.com\\\/prodotto\\\/ferrovia\\\/#primaryimage\"},\"image\":{\"@id\":\"https:\\\/\\\/www.anticopomario.com\\\/prodotto\\\/ferrovia\\\/#primaryimage\"},\"thumbnailUrl\":\"https:\\\/\\\/www.anticopomario.com\\\/wp-content\\\/uploads\\\/2019\\\/10\\\/Ferrovia.jpg\",\"datePublished\":\"2019-10-28T14:29:18+00:00\",\"dateModified\":\"2026-02-26T08:11:24+00:00\",\"description\":\"Pianta di ciliegie FERROVIA confronta online le piante da frutto, le variet\u00e0 antiche e le viti dei vivai Dalmonte, progetta con noi il tuo frutteto.\",\"breadcrumb\":{\"@id\":\"https:\\\/\\\/www.anticopomario.com\\\/prodotto\\\/ferrovia\\\/#breadcrumb\"},\"inLanguage\":\"en-US\",\"potentialAction\":[{\"@type\":\"ReadAction\",\"target\":[\"https:\\\/\\\/www.anticopomario.com\\\/prodotto\\\/ferrovia\\\/\"]}]},{\"@type\":\"ImageObject\",\"inLanguage\":\"en-US\",\"@id\":\"https:\\\/\\\/www.anticopomario.com\\\/prodotto\\\/ferrovia\\\/#primaryimage\",\"url\":\"https:\\\/\\\/www.anticopomario.com\\\/wp-content\\\/uploads\\\/2019\\\/10\\\/Ferrovia.jpg\",\"contentUrl\":\"https:\\\/\\\/www.anticopomario.com\\\/wp-content\\\/uploads\\\/2019\\\/10\\\/Ferrovia.jpg\",\"width\":466,\"height\":350,\"caption\":\"foto dei frutti della pianta di ciliegie Ferrovia\"},{\"@type\":\"BreadcrumbList\",\"@id\":\"https:\\\/\\\/www.anticopomario.com\\\/prodotto\\\/ferrovia\\\/#breadcrumb\",\"itemListElement\":[{\"@type\":\"ListItem\",\"position\":1,\"name\":\"Home\",\"item\":\"https:\\\/\\\/www.anticopomario.com\\\/\"},{\"@type\":\"ListItem\",\"position\":2,\"name\":\"Shop\",\"item\":\"https:\\\/\\\/www.anticopomario.com\\\/shop\\\/\"},{\"@type\":\"ListItem\",\"position\":3,\"name\":\"CILIEGIO FERROVIA\"}]},{\"@type\":\"WebSite\",\"@id\":\"https:\\\/\\\/www.anticopomario.com\\\/#website\",\"url\":\"https:\\\/\\\/www.anticopomario.com\\\/\",\"name\":\"Antico Pomario\",\"description\":\"Piante da frutto, variet\u00e0 antiche, barbatelle di vite e specie da riscoprire\",\"publisher\":{\"@id\":\"https:\\\/\\\/www.anticopomario.com\\\/#organization\"},\"potentialAction\":[{\"@type\":\"SearchAction\",\"target\":{\"@type\":\"EntryPoint\",\"urlTemplate\":\"https:\\\/\\\/www.anticopomario.com\\\/?s={search_term_string}\"},\"query-input\":{\"@type\":\"PropertyValueSpecification\",\"valueRequired\":true,\"valueName\":\"search_term_string\"}}],\"inLanguage\":\"en-US\"},{\"@type\":\"Organization\",\"@id\":\"https:\\\/\\\/www.anticopomario.com\\\/#organization\",\"name\":\"Dalmonte Guido e Vittorio Vivai\",\"url\":\"https:\\\/\\\/www.anticopomario.com\\\/\",\"logo\":{\"@type\":\"ImageObject\",\"inLanguage\":\"en-US\",\"@id\":\"https:\\\/\\\/www.anticopomario.com\\\/#\\\/schema\\\/logo\\\/image\\\/\",\"url\":\"https:\\\/\\\/www.anticopomario.com\\\/wp-content\\\/uploads\\\/2019\\\/10\\\/Logo-Dalmonte-1.jpg\",\"contentUrl\":\"https:\\\/\\\/www.anticopomario.com\\\/wp-content\\\/uploads\\\/2019\\\/10\\\/Logo-Dalmonte-1.jpg\",\"width\":504,\"height\":356,\"caption\":\"Dalmonte Guido e Vittorio Vivai\"},\"image\":{\"@id\":\"https:\\\/\\\/www.anticopomario.com\\\/#\\\/schema\\\/logo\\\/image\\\/\"},\"sameAs\":[\"https:\\\/\\\/www.facebook.com\\\/AnticoPomario\"]}]}<\/script>\n<!-- \/ Yoast SEO plugin. -->","yoast_head_json":{"title":"Acquista online la tua pianta di ciliegie | FERROVIA cultivar interessante","description":"Pianta di ciliegie FERROVIA confronta online le piante da frutto, le variet\u00e0 antiche e le viti dei vivai Dalmonte, progetta con noi il tuo frutteto.","robots":{"index":"index","follow":"follow","max-snippet":"max-snippet:-1","max-image-preview":"max-image-preview:large","max-video-preview":"max-video-preview:-1"},"canonical":"https:\/\/www.anticopomario.com\/prodotto\/ferrovia\/","og_locale":"en_US","og_type":"article","og_title":"Acquista online la tua pianta di ciliegie | FERROVIA cultivar interessante","og_description":"Pianta di ciliegie FERROVIA confronta online le piante da frutto, le variet\u00e0 antiche e le viti dei vivai Dalmonte, progetta con noi il tuo frutteto.","og_url":"https:\/\/www.anticopomario.com\/prodotto\/ferrovia\/","og_site_name":"Antico Pomario","article_publisher":"https:\/\/www.facebook.com\/AnticoPomario","article_modified_time":"2026-02-26T08:11:24+00:00","og_image":[{"width":466,"height":350,"url":"https:\/\/www.anticopomario.com\/wp-content\/uploads\/2019\/10\/Ferrovia.jpg","type":"image\/jpeg"}],"twitter_card":"summary_large_image","schema":{"@context":"https:\/\/schema.org","@graph":[{"@type":"WebPage","@id":"https:\/\/www.anticopomario.com\/prodotto\/ferrovia\/","url":"https:\/\/www.anticopomario.com\/prodotto\/ferrovia\/","name":"Acquista online la tua pianta di ciliegie | FERROVIA cultivar interessante","isPartOf":{"@id":"https:\/\/www.anticopomario.com\/#website"},"primaryImageOfPage":{"@id":"https:\/\/www.anticopomario.com\/prodotto\/ferrovia\/#primaryimage"},"image":{"@id":"https:\/\/www.anticopomario.com\/prodotto\/ferrovia\/#primaryimage"},"thumbnailUrl":"https:\/\/www.anticopomario.com\/wp-content\/uploads\/2019\/10\/Ferrovia.jpg","datePublished":"2019-10-28T14:29:18+00:00","dateModified":"2026-02-26T08:11:24+00:00","description":"Pianta di ciliegie FERROVIA confronta online le piante da frutto, le variet\u00e0 antiche e le viti dei vivai Dalmonte, progetta con noi il tuo frutteto.","breadcrumb":{"@id":"https:\/\/www.anticopomario.com\/prodotto\/ferrovia\/#breadcrumb"},"inLanguage":"en-US","potentialAction":[{"@type":"ReadAction","target":["https:\/\/www.anticopomario.com\/prodotto\/ferrovia\/"]}]},{"@type":"ImageObject","inLanguage":"en-US","@id":"https:\/\/www.anticopomario.com\/prodotto\/ferrovia\/#primaryimage","url":"https:\/\/www.anticopomario.com\/wp-content\/uploads\/2019\/10\/Ferrovia.jpg","contentUrl":"https:\/\/www.anticopomario.com\/wp-content\/uploads\/2019\/10\/Ferrovia.jpg","width":466,"height":350,"caption":"foto dei frutti della pianta di ciliegie Ferrovia"},{"@type":"BreadcrumbList","@id":"https:\/\/www.anticopomario.com\/prodotto\/ferrovia\/#breadcrumb","itemListElement":[{"@type":"ListItem","position":1,"name":"Home","item":"https:\/\/www.anticopomario.com\/"},{"@type":"ListItem","position":2,"name":"Shop","item":"https:\/\/www.anticopomario.com\/shop\/"},{"@type":"ListItem","position":3,"name":"CILIEGIO FERROVIA"}]},{"@type":"WebSite","@id":"https:\/\/www.anticopomario.com\/#website","url":"https:\/\/www.anticopomario.com\/","name":"Antico Pomario","description":"Piante da frutto, variet\u00e0 antiche, barbatelle di vite e specie da riscoprire","publisher":{"@id":"https:\/\/www.anticopomario.com\/#organization"},"potentialAction":[{"@type":"SearchAction","target":{"@type":"EntryPoint","urlTemplate":"https:\/\/www.anticopomario.com\/?s={search_term_string}"},"query-input":{"@type":"PropertyValueSpecification","valueRequired":true,"valueName":"search_term_string"}}],"inLanguage":"en-US"},{"@type":"Organization","@id":"https:\/\/www.anticopomario.com\/#organization","name":"Dalmonte Guido e Vittorio Vivai","url":"https:\/\/www.anticopomario.com\/","logo":{"@type":"ImageObject","inLanguage":"en-US","@id":"https:\/\/www.anticopomario.com\/#\/schema\/logo\/image\/","url":"https:\/\/www.anticopomario.com\/wp-content\/uploads\/2019\/10\/Logo-Dalmonte-1.jpg","contentUrl":"https:\/\/www.anticopomario.com\/wp-content\/uploads\/2019\/10\/Logo-Dalmonte-1.jpg","width":504,"height":356,"caption":"Dalmonte Guido e Vittorio Vivai"},"image":{"@id":"https:\/\/www.anticopomario.com\/#\/schema\/logo\/image\/"},"sameAs":["https:\/\/www.facebook.com\/AnticoPomario"]}]}},"_links":{"self":[{"href":"https:\/\/www.anticopomario.com\/en\/wp-json\/wp\/v2\/product\/9593","targetHints":{"allow":["GET"]}}],"collection":[{"href":"https:\/\/www.anticopomario.com\/en\/wp-json\/wp\/v2\/product"}],"about":[{"href":"https:\/\/www.anticopomario.com\/en\/wp-json\/wp\/v2\/types\/product"}],"wp:featuredmedia":[{"embeddable":true,"href":"https:\/\/www.anticopomario.com\/en\/wp-json\/wp\/v2\/media\/11042"}],"wp:attachment":[{"href":"https:\/\/www.anticopomario.com\/en\/wp-json\/wp\/v2\/media?parent=9593"}],"wp:term":[{"taxonomy":"product_brand","embeddable":true,"href":"https:\/\/www.anticopomario.com\/en\/wp-json\/wp\/v2\/product_brand?post=9593"},{"taxonomy":"product_cat","embeddable":true,"href":"https:\/\/www.anticopomario.com\/en\/wp-json\/wp\/v2\/product_cat?post=9593"},{"taxonomy":"product_tag","embeddable":true,"href":"https:\/\/www.anticopomario.com\/en\/wp-json\/wp\/v2\/product_tag?post=9593"}],"curies":[{"name":"wp","href":"https:\/\/api.w.org\/{rel}","templated":true}]}}