{"id":9814,"date":"2019-10-29T16:51:25","date_gmt":"2019-10-29T16:51:25","guid":{"rendered":"https:\/\/www.anticopomario.com\/?post_type=product&#038;p=9814"},"modified":"2025-12-02T14:50:13","modified_gmt":"2025-12-02T14:50:13","slug":"mora-di-faenza","status":"publish","type":"product","link":"https:\/\/www.anticopomario.com\/en\/product\/mora-di-faenza\/","title":{"rendered":"PERO MORA DI FAENZA"},"content":{"rendered":"<div class=\"wpb-content-wrapper\"><p>[vc_row][vc_column][vc_column_text]<\/p>\n<div class=\"woocommerce-product-details__short-description\">\n<div class=\"woocommerce-product-details__short-description\">\n<p><strong>Caratteristiche:<\/strong>\u00a0<em>Mora di Faenza<\/em> \u00e8 una pera Invernale. Cultivar antichissima e molto rustica, presenta un albero di buon vigore a portamento semieretto. <em>Mora di Faenza<\/em> presenta frutti\u00a0di grosse dimensioni, irregolari, panciuti, un p\u00f2 ristretti verso il peduncolo che \u00e8 piuttosto lungo. La polpa \u00e8 abbastanza butirrosa, da bianca a giallognola, con granulazioni in prossimit\u00e0 del torsolo, compatta, un p\u00f2 grossolana, profumata, dolce e poco acida, poco succosa,\u00a0con retrogusto leggermente tannico<\/p>\n<p><strong>Epoca di fioritura:<\/strong>\u00a0I\u00b0 &#8211; II\u00b0 decade di Aprile<\/p>\n<p><strong>Impollinazione:<\/strong> Necessaria, impollinatori consigliati: <em><strong><a href=\"https:\/\/www.anticopomario.com\/index4.php?id0=0&amp;id1=3&amp;id2=50&amp;id3=13&amp;id4=29&amp;prodotti_id=216\" target=\"_blank\" rel=\"noopener noreferrer\" data-cke-saved-href=\"https:\/\/www.anticopomario.com\/index4.php?id0=0&amp;id1=3&amp;id2=50&amp;id3=13&amp;id4=29&amp;prodotti_id=216\">Williams<\/a><\/strong><\/em>, <em><strong><a href=\"https:\/\/www.anticopomario.com\/index4.php?id0=0&amp;id1=3&amp;id2=50&amp;id3=13&amp;id4=29&amp;prodotti_id=312\" target=\"_blank\" rel=\"noopener noreferrer\" data-cke-saved-href=\"https:\/\/www.anticopomario.com\/index4.php?id0=0&amp;id1=3&amp;id2=50&amp;id3=13&amp;id4=29&amp;prodotti_id=312\">Decana del Comizio<\/a><\/strong><\/em><\/p>\n<p><strong>Epoca di raccolta:<\/strong>\u00a0II\u00b0 decade di Ottobre (Tardiva)<\/p>\n<p><strong>Utilizzo del frutto:<\/strong>\u00a0Consumo fresco<\/p>\n<p><strong>Editore:<\/strong> libera da vincoli<\/p>\n<\/div>\n<\/div>\n<p>[\/vc_column_text][\/vc_column][\/vc_row]<\/p>\n<\/div>","protected":false},"excerpt":{"rendered":"<p><strong>Caratteristiche:<\/strong>\u00a0<em>Mora di Faenza<\/em> \u00e8 una pera Invernale. Cultivar antichissima e molto rustica, presenta un albero di buon vigore a portamento semieretto. <em>Mora di Faenza<\/em> presenta frutti\u00a0di grosse dimensioni, irregolari, panciuti, un p\u00f2 ristretti verso il peduncolo che \u00e8 piuttosto lungo. La polpa \u00e8 abbastanza butirrosa, da bianca a giallognola, con granulazioni in prossimit\u00e0 del torsolo, compatta, un p\u00f2 grossolana, profumata, dolce e poco acida, poco succosa,\u00a0con retrogusto leggermente tannico<\/p>\n<p><strong>Epoca di fioritura:<\/strong>\u00a0I\u00b0 &#8211; II\u00b0 decade di Aprile<\/p>\n<p><strong>Impollinazione:<\/strong> Necessaria, impollinatori consigliati: <em><strong><a href=\"https:\/\/www.anticopomario.com\/index4.php?id0=0&amp;id1=3&amp;id2=50&amp;id3=13&amp;id4=29&amp;prodotti_id=216\" target=\"_blank\" rel=\"noopener noreferrer\" data-cke-saved-href=\"https:\/\/www.anticopomario.com\/index4.php?id0=0&amp;id1=3&amp;id2=50&amp;id3=13&amp;id4=29&amp;prodotti_id=216\">Williams<\/a><\/strong><\/em>, <em><strong><a href=\"https:\/\/www.anticopomario.com\/index4.php?id0=0&amp;id1=3&amp;id2=50&amp;id3=13&amp;id4=29&amp;prodotti_id=312\" target=\"_blank\" rel=\"noopener noreferrer\" data-cke-saved-href=\"https:\/\/www.anticopomario.com\/index4.php?id0=0&amp;id1=3&amp;id2=50&amp;id3=13&amp;id4=29&amp;prodotti_id=312\">Decana del Comizio<\/a><\/strong><\/em><\/p>\n<p><strong>Epoca di raccolta:<\/strong>\u00a0II\u00b0 decade di Ottobre (Tardiva)<\/p>\n<p><strong>Utilizzo del frutto:<\/strong>\u00a0Consumo fresco<\/p>\n<p><strong>Editore:<\/strong> libera da vincoli<\/p>\n","protected":false},"featured_media":9815,"template":"","meta":[],"product_brand":[],"product_cat":[233,110],"product_tag":[],"class_list":{"0":"post-9814","1":"product","2":"type-product","3":"status-publish","4":"has-post-thumbnail","6":"product_cat-pere-antiche","7":"product_cat-varieta-antiche","8":"product_shipping_class-piante-da-frutto","10":"first","11":"outofstock","12":"shipping-taxable","13":"purchasable","14":"product-type-simple"},"yoast_head":"<!-- This site is optimized with the Yoast SEO plugin v27.3 - https:\/\/yoast.com\/product\/yoast-seo-wordpress\/ -->\n<title>Pianta di pere in vendita online | AnticoPomario MORA DI FAENZA<\/title>\n<meta name=\"description\" content=\"Pianta di pere MORA DI FAENZA. Confronta online le piante da frutto, le variet\u00e0 antiche e le viti dei vivai Dalmonte, progetta con noi il tuo frutteto.\" \/>\n<meta name=\"robots\" content=\"index, follow, max-snippet:-1, max-image-preview:large, max-video-preview:-1\" \/>\n<link rel=\"canonical\" href=\"https:\/\/www.anticopomario.com\/prodotto\/mora-di-faenza\/\" \/>\n<meta property=\"og:locale\" content=\"en_US\" \/>\n<meta property=\"og:type\" content=\"article\" \/>\n<meta property=\"og:title\" content=\"Pianta di pere in vendita online | AnticoPomario MORA DI FAENZA\" \/>\n<meta property=\"og:description\" content=\"Pianta di pere MORA DI FAENZA. Confronta online le piante da frutto, le variet\u00e0 antiche e le viti dei vivai Dalmonte, progetta con noi il tuo frutteto.\" \/>\n<meta property=\"og:url\" content=\"https:\/\/www.anticopomario.com\/prodotto\/mora-di-faenza\/\" \/>\n<meta property=\"og:site_name\" content=\"Antico Pomario\" \/>\n<meta property=\"article:publisher\" content=\"https:\/\/www.facebook.com\/AnticoPomario\" \/>\n<meta property=\"article:modified_time\" content=\"2025-12-02T14:50:13+00:00\" \/>\n<meta property=\"og:image\" content=\"https:\/\/www.anticopomario.com\/wp-content\/uploads\/2019\/10\/MoraFaenza-pere-variet\u00e0-antiche-albero-di-pero-.jpg\" \/>\n\t<meta property=\"og:image:width\" content=\"1000\" \/>\n\t<meta property=\"og:image:height\" content=\"1000\" \/>\n\t<meta property=\"og:image:type\" content=\"image\/jpeg\" \/>\n<meta name=\"twitter:card\" content=\"summary_large_image\" \/>\n<script type=\"application\/ld+json\" class=\"yoast-schema-graph\">{\"@context\":\"https:\\\/\\\/schema.org\",\"@graph\":[{\"@type\":\"WebPage\",\"@id\":\"https:\\\/\\\/www.anticopomario.com\\\/prodotto\\\/mora-di-faenza\\\/\",\"url\":\"https:\\\/\\\/www.anticopomario.com\\\/prodotto\\\/mora-di-faenza\\\/\",\"name\":\"Pianta di pere in vendita online | AnticoPomario MORA DI FAENZA\",\"isPartOf\":{\"@id\":\"https:\\\/\\\/www.anticopomario.com\\\/#website\"},\"primaryImageOfPage\":{\"@id\":\"https:\\\/\\\/www.anticopomario.com\\\/prodotto\\\/mora-di-faenza\\\/#primaryimage\"},\"image\":{\"@id\":\"https:\\\/\\\/www.anticopomario.com\\\/prodotto\\\/mora-di-faenza\\\/#primaryimage\"},\"thumbnailUrl\":\"https:\\\/\\\/www.anticopomario.com\\\/wp-content\\\/uploads\\\/2019\\\/10\\\/MoraFaenza-pere-variet\u00e0-antiche-albero-di-pero-.jpg\",\"datePublished\":\"2019-10-29T16:51:25+00:00\",\"dateModified\":\"2025-12-02T14:50:13+00:00\",\"description\":\"Pianta di pere MORA DI FAENZA. Confronta online le piante da frutto, le variet\u00e0 antiche e le viti dei vivai Dalmonte, progetta con noi il tuo frutteto.\",\"breadcrumb\":{\"@id\":\"https:\\\/\\\/www.anticopomario.com\\\/prodotto\\\/mora-di-faenza\\\/#breadcrumb\"},\"inLanguage\":\"en-US\",\"potentialAction\":[{\"@type\":\"ReadAction\",\"target\":[\"https:\\\/\\\/www.anticopomario.com\\\/prodotto\\\/mora-di-faenza\\\/\"]}]},{\"@type\":\"ImageObject\",\"inLanguage\":\"en-US\",\"@id\":\"https:\\\/\\\/www.anticopomario.com\\\/prodotto\\\/mora-di-faenza\\\/#primaryimage\",\"url\":\"https:\\\/\\\/www.anticopomario.com\\\/wp-content\\\/uploads\\\/2019\\\/10\\\/MoraFaenza-pere-variet\u00e0-antiche-albero-di-pero-.jpg\",\"contentUrl\":\"https:\\\/\\\/www.anticopomario.com\\\/wp-content\\\/uploads\\\/2019\\\/10\\\/MoraFaenza-pere-variet\u00e0-antiche-albero-di-pero-.jpg\",\"width\":1000,\"height\":1000},{\"@type\":\"BreadcrumbList\",\"@id\":\"https:\\\/\\\/www.anticopomario.com\\\/prodotto\\\/mora-di-faenza\\\/#breadcrumb\",\"itemListElement\":[{\"@type\":\"ListItem\",\"position\":1,\"name\":\"Home\",\"item\":\"https:\\\/\\\/www.anticopomario.com\\\/\"},{\"@type\":\"ListItem\",\"position\":2,\"name\":\"Shop\",\"item\":\"https:\\\/\\\/www.anticopomario.com\\\/shop\\\/\"},{\"@type\":\"ListItem\",\"position\":3,\"name\":\"PERO MORA DI FAENZA\"}]},{\"@type\":\"WebSite\",\"@id\":\"https:\\\/\\\/www.anticopomario.com\\\/#website\",\"url\":\"https:\\\/\\\/www.anticopomario.com\\\/\",\"name\":\"Antico Pomario\",\"description\":\"Piante da frutto, variet\u00e0 antiche, barbatelle di vite e specie da riscoprire\",\"publisher\":{\"@id\":\"https:\\\/\\\/www.anticopomario.com\\\/#organization\"},\"potentialAction\":[{\"@type\":\"SearchAction\",\"target\":{\"@type\":\"EntryPoint\",\"urlTemplate\":\"https:\\\/\\\/www.anticopomario.com\\\/?s={search_term_string}\"},\"query-input\":{\"@type\":\"PropertyValueSpecification\",\"valueRequired\":true,\"valueName\":\"search_term_string\"}}],\"inLanguage\":\"en-US\"},{\"@type\":\"Organization\",\"@id\":\"https:\\\/\\\/www.anticopomario.com\\\/#organization\",\"name\":\"Dalmonte Guido e Vittorio Vivai\",\"url\":\"https:\\\/\\\/www.anticopomario.com\\\/\",\"logo\":{\"@type\":\"ImageObject\",\"inLanguage\":\"en-US\",\"@id\":\"https:\\\/\\\/www.anticopomario.com\\\/#\\\/schema\\\/logo\\\/image\\\/\",\"url\":\"https:\\\/\\\/www.anticopomario.com\\\/wp-content\\\/uploads\\\/2019\\\/10\\\/Logo-Dalmonte-1.jpg\",\"contentUrl\":\"https:\\\/\\\/www.anticopomario.com\\\/wp-content\\\/uploads\\\/2019\\\/10\\\/Logo-Dalmonte-1.jpg\",\"width\":504,\"height\":356,\"caption\":\"Dalmonte Guido e Vittorio Vivai\"},\"image\":{\"@id\":\"https:\\\/\\\/www.anticopomario.com\\\/#\\\/schema\\\/logo\\\/image\\\/\"},\"sameAs\":[\"https:\\\/\\\/www.facebook.com\\\/AnticoPomario\"]}]}<\/script>\n<!-- \/ Yoast SEO plugin. -->","yoast_head_json":{"title":"Pianta di pere in vendita online | AnticoPomario MORA DI FAENZA","description":"Pianta di pere MORA DI FAENZA. Confronta online le piante da frutto, le variet\u00e0 antiche e le viti dei vivai Dalmonte, progetta con noi il tuo frutteto.","robots":{"index":"index","follow":"follow","max-snippet":"max-snippet:-1","max-image-preview":"max-image-preview:large","max-video-preview":"max-video-preview:-1"},"canonical":"https:\/\/www.anticopomario.com\/prodotto\/mora-di-faenza\/","og_locale":"en_US","og_type":"article","og_title":"Pianta di pere in vendita online | AnticoPomario MORA DI FAENZA","og_description":"Pianta di pere MORA DI FAENZA. Confronta online le piante da frutto, le variet\u00e0 antiche e le viti dei vivai Dalmonte, progetta con noi il tuo frutteto.","og_url":"https:\/\/www.anticopomario.com\/prodotto\/mora-di-faenza\/","og_site_name":"Antico Pomario","article_publisher":"https:\/\/www.facebook.com\/AnticoPomario","article_modified_time":"2025-12-02T14:50:13+00:00","og_image":[{"width":1000,"height":1000,"url":"https:\/\/www.anticopomario.com\/wp-content\/uploads\/2019\/10\/MoraFaenza-pere-variet\u00e0-antiche-albero-di-pero-.jpg","type":"image\/jpeg"}],"twitter_card":"summary_large_image","schema":{"@context":"https:\/\/schema.org","@graph":[{"@type":"WebPage","@id":"https:\/\/www.anticopomario.com\/prodotto\/mora-di-faenza\/","url":"https:\/\/www.anticopomario.com\/prodotto\/mora-di-faenza\/","name":"Pianta di pere in vendita online | AnticoPomario MORA DI FAENZA","isPartOf":{"@id":"https:\/\/www.anticopomario.com\/#website"},"primaryImageOfPage":{"@id":"https:\/\/www.anticopomario.com\/prodotto\/mora-di-faenza\/#primaryimage"},"image":{"@id":"https:\/\/www.anticopomario.com\/prodotto\/mora-di-faenza\/#primaryimage"},"thumbnailUrl":"https:\/\/www.anticopomario.com\/wp-content\/uploads\/2019\/10\/MoraFaenza-pere-variet\u00e0-antiche-albero-di-pero-.jpg","datePublished":"2019-10-29T16:51:25+00:00","dateModified":"2025-12-02T14:50:13+00:00","description":"Pianta di pere MORA DI FAENZA. Confronta online le piante da frutto, le variet\u00e0 antiche e le viti dei vivai Dalmonte, progetta con noi il tuo frutteto.","breadcrumb":{"@id":"https:\/\/www.anticopomario.com\/prodotto\/mora-di-faenza\/#breadcrumb"},"inLanguage":"en-US","potentialAction":[{"@type":"ReadAction","target":["https:\/\/www.anticopomario.com\/prodotto\/mora-di-faenza\/"]}]},{"@type":"ImageObject","inLanguage":"en-US","@id":"https:\/\/www.anticopomario.com\/prodotto\/mora-di-faenza\/#primaryimage","url":"https:\/\/www.anticopomario.com\/wp-content\/uploads\/2019\/10\/MoraFaenza-pere-variet\u00e0-antiche-albero-di-pero-.jpg","contentUrl":"https:\/\/www.anticopomario.com\/wp-content\/uploads\/2019\/10\/MoraFaenza-pere-variet\u00e0-antiche-albero-di-pero-.jpg","width":1000,"height":1000},{"@type":"BreadcrumbList","@id":"https:\/\/www.anticopomario.com\/prodotto\/mora-di-faenza\/#breadcrumb","itemListElement":[{"@type":"ListItem","position":1,"name":"Home","item":"https:\/\/www.anticopomario.com\/"},{"@type":"ListItem","position":2,"name":"Shop","item":"https:\/\/www.anticopomario.com\/shop\/"},{"@type":"ListItem","position":3,"name":"PERO MORA DI FAENZA"}]},{"@type":"WebSite","@id":"https:\/\/www.anticopomario.com\/#website","url":"https:\/\/www.anticopomario.com\/","name":"Antico Pomario","description":"Piante da frutto, variet\u00e0 antiche, barbatelle di vite e specie da riscoprire","publisher":{"@id":"https:\/\/www.anticopomario.com\/#organization"},"potentialAction":[{"@type":"SearchAction","target":{"@type":"EntryPoint","urlTemplate":"https:\/\/www.anticopomario.com\/?s={search_term_string}"},"query-input":{"@type":"PropertyValueSpecification","valueRequired":true,"valueName":"search_term_string"}}],"inLanguage":"en-US"},{"@type":"Organization","@id":"https:\/\/www.anticopomario.com\/#organization","name":"Dalmonte Guido e Vittorio Vivai","url":"https:\/\/www.anticopomario.com\/","logo":{"@type":"ImageObject","inLanguage":"en-US","@id":"https:\/\/www.anticopomario.com\/#\/schema\/logo\/image\/","url":"https:\/\/www.anticopomario.com\/wp-content\/uploads\/2019\/10\/Logo-Dalmonte-1.jpg","contentUrl":"https:\/\/www.anticopomario.com\/wp-content\/uploads\/2019\/10\/Logo-Dalmonte-1.jpg","width":504,"height":356,"caption":"Dalmonte Guido e Vittorio Vivai"},"image":{"@id":"https:\/\/www.anticopomario.com\/#\/schema\/logo\/image\/"},"sameAs":["https:\/\/www.facebook.com\/AnticoPomario"]}]}},"_links":{"self":[{"href":"https:\/\/www.anticopomario.com\/en\/wp-json\/wp\/v2\/product\/9814","targetHints":{"allow":["GET"]}}],"collection":[{"href":"https:\/\/www.anticopomario.com\/en\/wp-json\/wp\/v2\/product"}],"about":[{"href":"https:\/\/www.anticopomario.com\/en\/wp-json\/wp\/v2\/types\/product"}],"wp:featuredmedia":[{"embeddable":true,"href":"https:\/\/www.anticopomario.com\/en\/wp-json\/wp\/v2\/media\/9815"}],"wp:attachment":[{"href":"https:\/\/www.anticopomario.com\/en\/wp-json\/wp\/v2\/media?parent=9814"}],"wp:term":[{"taxonomy":"product_brand","embeddable":true,"href":"https:\/\/www.anticopomario.com\/en\/wp-json\/wp\/v2\/product_brand?post=9814"},{"taxonomy":"product_cat","embeddable":true,"href":"https:\/\/www.anticopomario.com\/en\/wp-json\/wp\/v2\/product_cat?post=9814"},{"taxonomy":"product_tag","embeddable":true,"href":"https:\/\/www.anticopomario.com\/en\/wp-json\/wp\/v2\/product_tag?post=9814"}],"curies":[{"name":"wp","href":"https:\/\/api.w.org\/{rel}","templated":true}]}}