{"id":9930,"date":"2019-10-30T10:51:13","date_gmt":"2019-10-30T10:51:13","guid":{"rendered":"https:\/\/www.anticopomario.com\/?post_type=product&#038;p=9930"},"modified":"2025-12-02T14:52:27","modified_gmt":"2025-12-02T14:52:27","slug":"gelata","status":"publish","type":"product","link":"https:\/\/www.anticopomario.com\/en\/product\/gelata\/","title":{"rendered":"MELO GELATA"},"content":{"rendered":"<div class=\"wpb-content-wrapper\"><p>[vc_row][vc_column][vc_column_text]<strong>Caratteristiche:<\/strong>\u00a0<em>Gelata<\/em> \u00e8 una cultivar antica, infatti \u00e8 citata \u00e8 in diversi trattati pomologici fra cui quello del Gallesio ed \u00e8 raffigurata in quadri storici realizzati dal Bimbi alla fine XVII\u00b0 secolo. Agli inizi del XX\u00b0 secolo era molto diffusa nel centro e sud Italia., infatti \u00e8 citata dal Molon ed anche dal Tamaro. Dal punto di vista agronomico <em>Gelata<\/em> \u00e8 una cultivar poco vigorosa, presenta un albero di taglia modesta che entra in produzione rapidamente. <em>Gelata<\/em> si adatta e riesce a produrre in diversi areali, anche se tende ad alternare. <em>Gelata<\/em> presenta frutti di medie dimensioni (peso medio 135 g), picciolo corto e diritto, forma tondeggiante, schiacciata, lievemente asimmetrica. La buccia \u00e8 sottile, liscia, di colore verde che diviene giallo intenso durante la conservazione, con sovracolore rosso chiaro &#8211; rosato sul 30% della superficie. La polpa \u00e8 bianca, succosa, molto zuccherina ed aromatica.<\/p>\n<p><strong>Epoca di fioritura:<\/strong>\u00a0II\u00b0 decade di Aprile<\/p>\n<p><strong>Impollinazione:<\/strong> Autosterile, impollinatori consigliati: <em><strong><a href=\"https:\/\/www.anticopomario.com\/index4.php?id0=0&amp;id1=3&amp;id2=50&amp;id3=6&amp;id4=10&amp;prodotti_id=530\" target=\"_blank\" rel=\"noopener noreferrer\" data-cke-saved-href=\"https:\/\/www.anticopomario.com\/index4.php?id0=0&amp;id1=3&amp;id2=50&amp;id3=6&amp;id4=10&amp;prodotti_id=530\">Abbondanza<\/a><\/strong><\/em>, <em><strong><a href=\"https:\/\/www.anticopomario.com\/index4.php?id0=0&amp;id1=3&amp;id2=50&amp;id3=6&amp;id4=10&amp;prodotti_id=536\" target=\"_blank\" rel=\"noopener noreferrer\" data-cke-saved-href=\"https:\/\/www.anticopomario.com\/index4.php?id0=0&amp;id1=3&amp;id2=50&amp;id3=6&amp;id4=10&amp;prodotti_id=536\">Mela Rosa<\/a><\/strong><\/em>, <strong><em><a href=\"https:\/\/www.anticopomario.com\/index4.php?id0=0&amp;id1=3&amp;id2=50&amp;id3=13&amp;id4=27&amp;prodotti_id=197\" target=\"_blank\" rel=\"noopener noreferrer\" data-cke-saved-href=\"https:\/\/www.anticopomario.com\/index4.php?id0=0&amp;id1=3&amp;id2=50&amp;id3=13&amp;id4=27&amp;prodotti_id=197\">Golden Delicious clone B<\/a><\/em><\/strong><\/p>\n<p><strong>Epoca di raccolta:<\/strong>\u00a0II\u00b0 decade di Ottobre<\/p>\n<p><strong>Utilizzo del frutto:<\/strong>\u00a0Consumo fresco<\/p>\n<p><strong>Editore:<\/strong> libera da vincoli[\/vc_column_text][\/vc_column][\/vc_row]<\/p>\n<\/div>","protected":false},"excerpt":{"rendered":"<p><strong>Caratteristiche:<\/strong>\u00a0<em>Gelata<\/em> \u00e8 una cultivar antica, infatti \u00e8 citata \u00e8 in diversi trattati pomologici fra cui quello del Gallesio ed \u00e8 raffigurata in quadri storici realizzati dal Bimbi alla fine XVII\u00b0 secolo. Agli inizi del XX\u00b0 secolo era molto diffusa nel centro e sud Italia., infatti \u00e8 citata dal Molon ed anche dal Tamaro. Dal punto di vista agronomico <em>Gelata<\/em> \u00e8 una cultivar poco vigorosa, presenta un albero di taglia modesta che entra in produzione rapidamente. <em>Gelata<\/em> si adatta e riesce a produrre in diversi areali, anche se tende ad alternare. <em>Gelata<\/em> presenta frutti di medie dimensioni (peso medio 135 g), picciolo corto e diritto, forma tondeggiante, schiacciata, lievemente asimmetrica. La buccia \u00e8 sottile, liscia, di colore verde che diviene giallo intenso durante la conservazione, con sovracolore rosso chiaro &#8211; rosato sul 30% della superficie. La polpa \u00e8 bianca, succosa, molto zuccherina ed aromatica.<\/p>\n<p><strong>Epoca di fioritura:<\/strong>\u00a0II\u00b0 decade di Aprile<\/p>\n<p><strong>Impollinazione:<\/strong> Autosterile, impollinatori consigliati: <em><strong><a href=\"https:\/\/www.anticopomario.com\/index4.php?id0=0&amp;id1=3&amp;id2=50&amp;id3=6&amp;id4=10&amp;prodotti_id=530\" target=\"_blank\" rel=\"noopener noreferrer\" data-cke-saved-href=\"https:\/\/www.anticopomario.com\/index4.php?id0=0&amp;id1=3&amp;id2=50&amp;id3=6&amp;id4=10&amp;prodotti_id=530\">Abbondanza<\/a><\/strong><\/em>, <em><strong><a href=\"https:\/\/www.anticopomario.com\/index4.php?id0=0&amp;id1=3&amp;id2=50&amp;id3=6&amp;id4=10&amp;prodotti_id=536\" target=\"_blank\" rel=\"noopener noreferrer\" data-cke-saved-href=\"https:\/\/www.anticopomario.com\/index4.php?id0=0&amp;id1=3&amp;id2=50&amp;id3=6&amp;id4=10&amp;prodotti_id=536\">Mela Rosa<\/a><\/strong><\/em>, <strong><em><a href=\"https:\/\/www.anticopomario.com\/index4.php?id0=0&amp;id1=3&amp;id2=50&amp;id3=13&amp;id4=27&amp;prodotti_id=197\" target=\"_blank\" rel=\"noopener noreferrer\" data-cke-saved-href=\"https:\/\/www.anticopomario.com\/index4.php?id0=0&amp;id1=3&amp;id2=50&amp;id3=13&amp;id4=27&amp;prodotti_id=197\">Golden Delicious clone B<\/a><\/em><\/strong><\/p>\n<p><strong>Epoca di raccolta:<\/strong>\u00a0II\u00b0 decade di Ottobre<\/p>\n<p><strong>Utilizzo del frutto:<\/strong>\u00a0Consumo fresco<\/p>\n<p><strong>Editore:<\/strong> libera da vincoli<\/p>\n","protected":false},"featured_media":9931,"template":"","meta":[],"product_brand":[],"product_cat":[232,110],"product_tag":[],"class_list":{"0":"post-9930","1":"product","2":"type-product","3":"status-publish","4":"has-post-thumbnail","6":"product_cat-mele-antiche","7":"product_cat-varieta-antiche","8":"product_shipping_class-piante-da-frutto","10":"first","11":"outofstock","12":"shipping-taxable","13":"purchasable","14":"product-type-simple"},"yoast_head":"<!-- This site is optimized with the Yoast SEO plugin v27.3 - https:\/\/yoast.com\/product\/yoast-seo-wordpress\/ -->\n<title>Piante di mele online su AnticoPomario | melo GELATA<\/title>\n<meta name=\"description\" content=\"Acquista online la tua pianta di mele,consegna a domicilio.Melo GELATA.Confronta le piante da frutto,le variet\u00e0 antiche e le viti dei vivai Dalmonte.\" \/>\n<meta name=\"robots\" content=\"index, follow, max-snippet:-1, max-image-preview:large, max-video-preview:-1\" \/>\n<link rel=\"canonical\" href=\"https:\/\/www.anticopomario.com\/prodotto\/gelata\/\" \/>\n<meta property=\"og:locale\" content=\"en_US\" \/>\n<meta property=\"og:type\" content=\"article\" \/>\n<meta property=\"og:title\" content=\"Piante di mele online su AnticoPomario | melo GELATA\" \/>\n<meta property=\"og:description\" content=\"Acquista online la tua pianta di mele,consegna a domicilio.Melo GELATA.Confronta le piante da frutto,le variet\u00e0 antiche e le viti dei vivai Dalmonte.\" \/>\n<meta property=\"og:url\" content=\"https:\/\/www.anticopomario.com\/prodotto\/gelata\/\" \/>\n<meta property=\"og:site_name\" content=\"Antico Pomario\" \/>\n<meta property=\"article:publisher\" content=\"https:\/\/www.facebook.com\/AnticoPomario\" \/>\n<meta property=\"article:modified_time\" content=\"2025-12-02T14:52:27+00:00\" \/>\n<meta property=\"og:image\" content=\"https:\/\/www.anticopomario.com\/wp-content\/uploads\/2019\/10\/m_gelata_6.jpg\" \/>\n\t<meta property=\"og:image:width\" content=\"1024\" \/>\n\t<meta property=\"og:image:height\" content=\"768\" \/>\n\t<meta property=\"og:image:type\" content=\"image\/jpeg\" \/>\n<meta name=\"twitter:card\" content=\"summary_large_image\" \/>\n<script type=\"application\/ld+json\" class=\"yoast-schema-graph\">{\"@context\":\"https:\\\/\\\/schema.org\",\"@graph\":[{\"@type\":\"WebPage\",\"@id\":\"https:\\\/\\\/www.anticopomario.com\\\/prodotto\\\/gelata\\\/\",\"url\":\"https:\\\/\\\/www.anticopomario.com\\\/prodotto\\\/gelata\\\/\",\"name\":\"Piante di mele online su AnticoPomario | melo GELATA\",\"isPartOf\":{\"@id\":\"https:\\\/\\\/www.anticopomario.com\\\/#website\"},\"primaryImageOfPage\":{\"@id\":\"https:\\\/\\\/www.anticopomario.com\\\/prodotto\\\/gelata\\\/#primaryimage\"},\"image\":{\"@id\":\"https:\\\/\\\/www.anticopomario.com\\\/prodotto\\\/gelata\\\/#primaryimage\"},\"thumbnailUrl\":\"https:\\\/\\\/www.anticopomario.com\\\/wp-content\\\/uploads\\\/2019\\\/10\\\/m_gelata_6.jpg\",\"datePublished\":\"2019-10-30T10:51:13+00:00\",\"dateModified\":\"2025-12-02T14:52:27+00:00\",\"description\":\"Acquista online la tua pianta di mele,consegna a domicilio.Melo GELATA.Confronta le piante da frutto,le variet\u00e0 antiche e le viti dei vivai Dalmonte.\",\"breadcrumb\":{\"@id\":\"https:\\\/\\\/www.anticopomario.com\\\/prodotto\\\/gelata\\\/#breadcrumb\"},\"inLanguage\":\"en-US\",\"potentialAction\":[{\"@type\":\"ReadAction\",\"target\":[\"https:\\\/\\\/www.anticopomario.com\\\/prodotto\\\/gelata\\\/\"]}]},{\"@type\":\"ImageObject\",\"inLanguage\":\"en-US\",\"@id\":\"https:\\\/\\\/www.anticopomario.com\\\/prodotto\\\/gelata\\\/#primaryimage\",\"url\":\"https:\\\/\\\/www.anticopomario.com\\\/wp-content\\\/uploads\\\/2019\\\/10\\\/m_gelata_6.jpg\",\"contentUrl\":\"https:\\\/\\\/www.anticopomario.com\\\/wp-content\\\/uploads\\\/2019\\\/10\\\/m_gelata_6.jpg\",\"width\":1024,\"height\":768,\"caption\":\"VLUU L310 W \\\/ Samsung L310 W\"},{\"@type\":\"BreadcrumbList\",\"@id\":\"https:\\\/\\\/www.anticopomario.com\\\/prodotto\\\/gelata\\\/#breadcrumb\",\"itemListElement\":[{\"@type\":\"ListItem\",\"position\":1,\"name\":\"Home\",\"item\":\"https:\\\/\\\/www.anticopomario.com\\\/\"},{\"@type\":\"ListItem\",\"position\":2,\"name\":\"Shop\",\"item\":\"https:\\\/\\\/www.anticopomario.com\\\/shop\\\/\"},{\"@type\":\"ListItem\",\"position\":3,\"name\":\"MELO GELATA\"}]},{\"@type\":\"WebSite\",\"@id\":\"https:\\\/\\\/www.anticopomario.com\\\/#website\",\"url\":\"https:\\\/\\\/www.anticopomario.com\\\/\",\"name\":\"Antico Pomario\",\"description\":\"Piante da frutto, variet\u00e0 antiche, barbatelle di vite e specie da riscoprire\",\"publisher\":{\"@id\":\"https:\\\/\\\/www.anticopomario.com\\\/#organization\"},\"potentialAction\":[{\"@type\":\"SearchAction\",\"target\":{\"@type\":\"EntryPoint\",\"urlTemplate\":\"https:\\\/\\\/www.anticopomario.com\\\/?s={search_term_string}\"},\"query-input\":{\"@type\":\"PropertyValueSpecification\",\"valueRequired\":true,\"valueName\":\"search_term_string\"}}],\"inLanguage\":\"en-US\"},{\"@type\":\"Organization\",\"@id\":\"https:\\\/\\\/www.anticopomario.com\\\/#organization\",\"name\":\"Dalmonte Guido e Vittorio Vivai\",\"url\":\"https:\\\/\\\/www.anticopomario.com\\\/\",\"logo\":{\"@type\":\"ImageObject\",\"inLanguage\":\"en-US\",\"@id\":\"https:\\\/\\\/www.anticopomario.com\\\/#\\\/schema\\\/logo\\\/image\\\/\",\"url\":\"https:\\\/\\\/www.anticopomario.com\\\/wp-content\\\/uploads\\\/2019\\\/10\\\/Logo-Dalmonte-1.jpg\",\"contentUrl\":\"https:\\\/\\\/www.anticopomario.com\\\/wp-content\\\/uploads\\\/2019\\\/10\\\/Logo-Dalmonte-1.jpg\",\"width\":504,\"height\":356,\"caption\":\"Dalmonte Guido e Vittorio Vivai\"},\"image\":{\"@id\":\"https:\\\/\\\/www.anticopomario.com\\\/#\\\/schema\\\/logo\\\/image\\\/\"},\"sameAs\":[\"https:\\\/\\\/www.facebook.com\\\/AnticoPomario\"]}]}<\/script>\n<!-- \/ Yoast SEO plugin. -->","yoast_head_json":{"title":"Piante di mele online su AnticoPomario | melo GELATA","description":"Acquista online la tua pianta di mele,consegna a domicilio.Melo GELATA.Confronta le piante da frutto,le variet\u00e0 antiche e le viti dei vivai Dalmonte.","robots":{"index":"index","follow":"follow","max-snippet":"max-snippet:-1","max-image-preview":"max-image-preview:large","max-video-preview":"max-video-preview:-1"},"canonical":"https:\/\/www.anticopomario.com\/prodotto\/gelata\/","og_locale":"en_US","og_type":"article","og_title":"Piante di mele online su AnticoPomario | melo GELATA","og_description":"Acquista online la tua pianta di mele,consegna a domicilio.Melo GELATA.Confronta le piante da frutto,le variet\u00e0 antiche e le viti dei vivai Dalmonte.","og_url":"https:\/\/www.anticopomario.com\/prodotto\/gelata\/","og_site_name":"Antico Pomario","article_publisher":"https:\/\/www.facebook.com\/AnticoPomario","article_modified_time":"2025-12-02T14:52:27+00:00","og_image":[{"width":1024,"height":768,"url":"https:\/\/www.anticopomario.com\/wp-content\/uploads\/2019\/10\/m_gelata_6.jpg","type":"image\/jpeg"}],"twitter_card":"summary_large_image","schema":{"@context":"https:\/\/schema.org","@graph":[{"@type":"WebPage","@id":"https:\/\/www.anticopomario.com\/prodotto\/gelata\/","url":"https:\/\/www.anticopomario.com\/prodotto\/gelata\/","name":"Piante di mele online su AnticoPomario | melo GELATA","isPartOf":{"@id":"https:\/\/www.anticopomario.com\/#website"},"primaryImageOfPage":{"@id":"https:\/\/www.anticopomario.com\/prodotto\/gelata\/#primaryimage"},"image":{"@id":"https:\/\/www.anticopomario.com\/prodotto\/gelata\/#primaryimage"},"thumbnailUrl":"https:\/\/www.anticopomario.com\/wp-content\/uploads\/2019\/10\/m_gelata_6.jpg","datePublished":"2019-10-30T10:51:13+00:00","dateModified":"2025-12-02T14:52:27+00:00","description":"Acquista online la tua pianta di mele,consegna a domicilio.Melo GELATA.Confronta le piante da frutto,le variet\u00e0 antiche e le viti dei vivai Dalmonte.","breadcrumb":{"@id":"https:\/\/www.anticopomario.com\/prodotto\/gelata\/#breadcrumb"},"inLanguage":"en-US","potentialAction":[{"@type":"ReadAction","target":["https:\/\/www.anticopomario.com\/prodotto\/gelata\/"]}]},{"@type":"ImageObject","inLanguage":"en-US","@id":"https:\/\/www.anticopomario.com\/prodotto\/gelata\/#primaryimage","url":"https:\/\/www.anticopomario.com\/wp-content\/uploads\/2019\/10\/m_gelata_6.jpg","contentUrl":"https:\/\/www.anticopomario.com\/wp-content\/uploads\/2019\/10\/m_gelata_6.jpg","width":1024,"height":768,"caption":"VLUU L310 W \/ Samsung L310 W"},{"@type":"BreadcrumbList","@id":"https:\/\/www.anticopomario.com\/prodotto\/gelata\/#breadcrumb","itemListElement":[{"@type":"ListItem","position":1,"name":"Home","item":"https:\/\/www.anticopomario.com\/"},{"@type":"ListItem","position":2,"name":"Shop","item":"https:\/\/www.anticopomario.com\/shop\/"},{"@type":"ListItem","position":3,"name":"MELO GELATA"}]},{"@type":"WebSite","@id":"https:\/\/www.anticopomario.com\/#website","url":"https:\/\/www.anticopomario.com\/","name":"Antico Pomario","description":"Piante da frutto, variet\u00e0 antiche, barbatelle di vite e specie da riscoprire","publisher":{"@id":"https:\/\/www.anticopomario.com\/#organization"},"potentialAction":[{"@type":"SearchAction","target":{"@type":"EntryPoint","urlTemplate":"https:\/\/www.anticopomario.com\/?s={search_term_string}"},"query-input":{"@type":"PropertyValueSpecification","valueRequired":true,"valueName":"search_term_string"}}],"inLanguage":"en-US"},{"@type":"Organization","@id":"https:\/\/www.anticopomario.com\/#organization","name":"Dalmonte Guido e Vittorio Vivai","url":"https:\/\/www.anticopomario.com\/","logo":{"@type":"ImageObject","inLanguage":"en-US","@id":"https:\/\/www.anticopomario.com\/#\/schema\/logo\/image\/","url":"https:\/\/www.anticopomario.com\/wp-content\/uploads\/2019\/10\/Logo-Dalmonte-1.jpg","contentUrl":"https:\/\/www.anticopomario.com\/wp-content\/uploads\/2019\/10\/Logo-Dalmonte-1.jpg","width":504,"height":356,"caption":"Dalmonte Guido e Vittorio Vivai"},"image":{"@id":"https:\/\/www.anticopomario.com\/#\/schema\/logo\/image\/"},"sameAs":["https:\/\/www.facebook.com\/AnticoPomario"]}]}},"_links":{"self":[{"href":"https:\/\/www.anticopomario.com\/en\/wp-json\/wp\/v2\/product\/9930","targetHints":{"allow":["GET"]}}],"collection":[{"href":"https:\/\/www.anticopomario.com\/en\/wp-json\/wp\/v2\/product"}],"about":[{"href":"https:\/\/www.anticopomario.com\/en\/wp-json\/wp\/v2\/types\/product"}],"wp:featuredmedia":[{"embeddable":true,"href":"https:\/\/www.anticopomario.com\/en\/wp-json\/wp\/v2\/media\/9931"}],"wp:attachment":[{"href":"https:\/\/www.anticopomario.com\/en\/wp-json\/wp\/v2\/media?parent=9930"}],"wp:term":[{"taxonomy":"product_brand","embeddable":true,"href":"https:\/\/www.anticopomario.com\/en\/wp-json\/wp\/v2\/product_brand?post=9930"},{"taxonomy":"product_cat","embeddable":true,"href":"https:\/\/www.anticopomario.com\/en\/wp-json\/wp\/v2\/product_cat?post=9930"},{"taxonomy":"product_tag","embeddable":true,"href":"https:\/\/www.anticopomario.com\/en\/wp-json\/wp\/v2\/product_tag?post=9930"}],"curies":[{"name":"wp","href":"https:\/\/api.w.org\/{rel}","templated":true}]}}