{"id":9937,"date":"2019-10-30T10:57:12","date_gmt":"2019-10-30T10:57:12","guid":{"rendered":"https:\/\/www.anticopomario.com\/?post_type=product&#038;p=9937"},"modified":"2026-03-31T07:52:31","modified_gmt":"2026-03-31T07:52:31","slug":"giugno-2","status":"publish","type":"product","link":"https:\/\/www.anticopomario.com\/en\/product\/giugno-2\/","title":{"rendered":"MELO GIUGNO"},"content":{"rendered":"<div class=\"wpb-content-wrapper\"><p>[vc_row][vc_column][vc_column_text]<strong>Caratteristiche:<\/strong>\u00a0<em>Giugno<\/em> \u00e8 una cultivar di vigore e produttivit\u00e0 elevate. La chioma\u00a0dell&#8217;albero \u00e8\u00a0aperta e compatta, con rami eretti colore marrone chiaro &#8211; verdastro. <em>Giugno<\/em> presenta frutti molto grossi ed appiattiti. Il peduncolo \u00e8 molto corto, di spessore medio, la buccia \u00e8 verde con sovracolore rosso slavato, senza rugginosit\u00e0, liscia. La polpa \u00e8 di tessitura media, colore bianco crema, fondente, mediamente succosa, abbastanza dolce, dal sapore pi\u00f9 che discreto<\/p>\n<p><strong>Epoca di fioritura:<\/strong>\u00a0Precoce<\/p>\n<p><strong>Epoca di raccolta:<\/strong>\u00a0II\u00b0 decade di Giugno &#8211; I\u00b0 decade di Luglio<\/p>\n<p><strong>Utilizzo del frutto:<\/strong>\u00a0Consumo fresco<\/p>\n<p><strong>Editore:<\/strong> libera da vincoli[\/vc_column_text][\/vc_column][\/vc_row]<\/p>\n<\/div>","protected":false},"excerpt":{"rendered":"<p>medio, la buccia \u00e8 verde con sovracolore rosso slavato, senza rugginosit\u00e0, liscia. La polpa \u00e8 di tessitura media, colore bianco crema, fondente, mediamente succosa, abbastanza dolce, dal sapore pi\u00f9 che discreto<\/p>\n<p><strong>Epoca di fioritura:<\/strong>\u00a0Precoce<\/p>\n<p><strong>Epoca di raccolta:<\/strong>\u00a0II\u00b0 decade di Giugno &#8211; I\u00b0 decade di Luglio<\/p>\n<p><strong>Utilizzo del frutto:<\/strong>\u00a0Consumo fresco<\/p>\n<p><strong>Editore:<\/strong> libera da vincoli<\/p>\n","protected":false},"featured_media":9942,"template":"","meta":[],"product_brand":[],"product_cat":[232,110],"product_tag":[],"class_list":{"0":"post-9937","1":"product","2":"type-product","3":"status-publish","4":"has-post-thumbnail","6":"product_cat-mele-antiche","7":"product_cat-varieta-antiche","8":"product_shipping_class-piante-da-frutto","10":"first","11":"outofstock","12":"shipping-taxable","13":"purchasable","14":"product-type-simple"},"yoast_head":"<!-- This site is optimized with the Yoast SEO plugin v27.3 - https:\/\/yoast.com\/product\/yoast-seo-wordpress\/ -->\n<title>Piante di mele online su AnticoPomario | melo GIUGNO<\/title>\n<meta name=\"description\" content=\"Acquista online la tua pianta di mele, consegna a domicilio. Melo GIUGNO. Confronta le piante da frutto,le variet\u00e0 antiche e le viti dei vivai Dalmonte.\" \/>\n<meta name=\"robots\" content=\"index, follow, max-snippet:-1, max-image-preview:large, max-video-preview:-1\" \/>\n<link rel=\"canonical\" href=\"https:\/\/www.anticopomario.com\/prodotto\/giugno-2\/\" \/>\n<meta property=\"og:locale\" content=\"en_US\" \/>\n<meta property=\"og:type\" content=\"article\" \/>\n<meta property=\"og:title\" content=\"Piante di mele online su AnticoPomario | melo GIUGNO\" \/>\n<meta property=\"og:description\" content=\"Acquista online la tua pianta di mele, consegna a domicilio. Melo GIUGNO. Confronta le piante da frutto,le variet\u00e0 antiche e le viti dei vivai Dalmonte.\" \/>\n<meta property=\"og:url\" content=\"https:\/\/www.anticopomario.com\/prodotto\/giugno-2\/\" \/>\n<meta property=\"og:site_name\" content=\"Antico Pomario\" \/>\n<meta property=\"article:publisher\" content=\"https:\/\/www.facebook.com\/AnticoPomario\" \/>\n<meta property=\"article:modified_time\" content=\"2026-03-31T07:52:31+00:00\" \/>\n<meta property=\"og:image\" content=\"https:\/\/www.anticopomario.com\/wp-content\/uploads\/2019\/10\/m_giugno_1.jpg\" \/>\n\t<meta property=\"og:image:width\" content=\"1733\" \/>\n\t<meta property=\"og:image:height\" content=\"1300\" \/>\n\t<meta property=\"og:image:type\" content=\"image\/jpeg\" \/>\n<meta name=\"twitter:card\" content=\"summary_large_image\" \/>\n<script type=\"application\/ld+json\" class=\"yoast-schema-graph\">{\"@context\":\"https:\\\/\\\/schema.org\",\"@graph\":[{\"@type\":\"WebPage\",\"@id\":\"https:\\\/\\\/www.anticopomario.com\\\/prodotto\\\/giugno-2\\\/\",\"url\":\"https:\\\/\\\/www.anticopomario.com\\\/prodotto\\\/giugno-2\\\/\",\"name\":\"Piante di mele online su AnticoPomario | melo GIUGNO\",\"isPartOf\":{\"@id\":\"https:\\\/\\\/www.anticopomario.com\\\/#website\"},\"primaryImageOfPage\":{\"@id\":\"https:\\\/\\\/www.anticopomario.com\\\/prodotto\\\/giugno-2\\\/#primaryimage\"},\"image\":{\"@id\":\"https:\\\/\\\/www.anticopomario.com\\\/prodotto\\\/giugno-2\\\/#primaryimage\"},\"thumbnailUrl\":\"https:\\\/\\\/www.anticopomario.com\\\/wp-content\\\/uploads\\\/2019\\\/10\\\/m_giugno_1.jpg\",\"datePublished\":\"2019-10-30T10:57:12+00:00\",\"dateModified\":\"2026-03-31T07:52:31+00:00\",\"description\":\"Acquista online la tua pianta di mele, consegna a domicilio. Melo GIUGNO. Confronta le piante da frutto,le variet\u00e0 antiche e le viti dei vivai Dalmonte.\",\"breadcrumb\":{\"@id\":\"https:\\\/\\\/www.anticopomario.com\\\/prodotto\\\/giugno-2\\\/#breadcrumb\"},\"inLanguage\":\"en-US\",\"potentialAction\":[{\"@type\":\"ReadAction\",\"target\":[\"https:\\\/\\\/www.anticopomario.com\\\/prodotto\\\/giugno-2\\\/\"]}]},{\"@type\":\"ImageObject\",\"inLanguage\":\"en-US\",\"@id\":\"https:\\\/\\\/www.anticopomario.com\\\/prodotto\\\/giugno-2\\\/#primaryimage\",\"url\":\"https:\\\/\\\/www.anticopomario.com\\\/wp-content\\\/uploads\\\/2019\\\/10\\\/m_giugno_1.jpg\",\"contentUrl\":\"https:\\\/\\\/www.anticopomario.com\\\/wp-content\\\/uploads\\\/2019\\\/10\\\/m_giugno_1.jpg\",\"width\":1733,\"height\":1300,\"caption\":\"foto di mela variet\u00e0 giugno\"},{\"@type\":\"BreadcrumbList\",\"@id\":\"https:\\\/\\\/www.anticopomario.com\\\/prodotto\\\/giugno-2\\\/#breadcrumb\",\"itemListElement\":[{\"@type\":\"ListItem\",\"position\":1,\"name\":\"Home\",\"item\":\"https:\\\/\\\/www.anticopomario.com\\\/\"},{\"@type\":\"ListItem\",\"position\":2,\"name\":\"Shop\",\"item\":\"https:\\\/\\\/www.anticopomario.com\\\/shop\\\/\"},{\"@type\":\"ListItem\",\"position\":3,\"name\":\"MELO GIUGNO\"}]},{\"@type\":\"WebSite\",\"@id\":\"https:\\\/\\\/www.anticopomario.com\\\/#website\",\"url\":\"https:\\\/\\\/www.anticopomario.com\\\/\",\"name\":\"Antico Pomario\",\"description\":\"Piante da frutto, variet\u00e0 antiche, barbatelle di vite e specie da riscoprire\",\"publisher\":{\"@id\":\"https:\\\/\\\/www.anticopomario.com\\\/#organization\"},\"potentialAction\":[{\"@type\":\"SearchAction\",\"target\":{\"@type\":\"EntryPoint\",\"urlTemplate\":\"https:\\\/\\\/www.anticopomario.com\\\/?s={search_term_string}\"},\"query-input\":{\"@type\":\"PropertyValueSpecification\",\"valueRequired\":true,\"valueName\":\"search_term_string\"}}],\"inLanguage\":\"en-US\"},{\"@type\":\"Organization\",\"@id\":\"https:\\\/\\\/www.anticopomario.com\\\/#organization\",\"name\":\"Dalmonte Guido e Vittorio Vivai\",\"url\":\"https:\\\/\\\/www.anticopomario.com\\\/\",\"logo\":{\"@type\":\"ImageObject\",\"inLanguage\":\"en-US\",\"@id\":\"https:\\\/\\\/www.anticopomario.com\\\/#\\\/schema\\\/logo\\\/image\\\/\",\"url\":\"https:\\\/\\\/www.anticopomario.com\\\/wp-content\\\/uploads\\\/2019\\\/10\\\/Logo-Dalmonte-1.jpg\",\"contentUrl\":\"https:\\\/\\\/www.anticopomario.com\\\/wp-content\\\/uploads\\\/2019\\\/10\\\/Logo-Dalmonte-1.jpg\",\"width\":504,\"height\":356,\"caption\":\"Dalmonte Guido e Vittorio Vivai\"},\"image\":{\"@id\":\"https:\\\/\\\/www.anticopomario.com\\\/#\\\/schema\\\/logo\\\/image\\\/\"},\"sameAs\":[\"https:\\\/\\\/www.facebook.com\\\/AnticoPomario\"]}]}<\/script>\n<!-- \/ Yoast SEO plugin. -->","yoast_head_json":{"title":"Piante di mele online su AnticoPomario | melo GIUGNO","description":"Acquista online la tua pianta di mele, consegna a domicilio. Melo GIUGNO. Confronta le piante da frutto,le variet\u00e0 antiche e le viti dei vivai Dalmonte.","robots":{"index":"index","follow":"follow","max-snippet":"max-snippet:-1","max-image-preview":"max-image-preview:large","max-video-preview":"max-video-preview:-1"},"canonical":"https:\/\/www.anticopomario.com\/prodotto\/giugno-2\/","og_locale":"en_US","og_type":"article","og_title":"Piante di mele online su AnticoPomario | melo GIUGNO","og_description":"Acquista online la tua pianta di mele, consegna a domicilio. Melo GIUGNO. Confronta le piante da frutto,le variet\u00e0 antiche e le viti dei vivai Dalmonte.","og_url":"https:\/\/www.anticopomario.com\/prodotto\/giugno-2\/","og_site_name":"Antico Pomario","article_publisher":"https:\/\/www.facebook.com\/AnticoPomario","article_modified_time":"2026-03-31T07:52:31+00:00","og_image":[{"width":1733,"height":1300,"url":"https:\/\/www.anticopomario.com\/wp-content\/uploads\/2019\/10\/m_giugno_1.jpg","type":"image\/jpeg"}],"twitter_card":"summary_large_image","schema":{"@context":"https:\/\/schema.org","@graph":[{"@type":"WebPage","@id":"https:\/\/www.anticopomario.com\/prodotto\/giugno-2\/","url":"https:\/\/www.anticopomario.com\/prodotto\/giugno-2\/","name":"Piante di mele online su AnticoPomario | melo GIUGNO","isPartOf":{"@id":"https:\/\/www.anticopomario.com\/#website"},"primaryImageOfPage":{"@id":"https:\/\/www.anticopomario.com\/prodotto\/giugno-2\/#primaryimage"},"image":{"@id":"https:\/\/www.anticopomario.com\/prodotto\/giugno-2\/#primaryimage"},"thumbnailUrl":"https:\/\/www.anticopomario.com\/wp-content\/uploads\/2019\/10\/m_giugno_1.jpg","datePublished":"2019-10-30T10:57:12+00:00","dateModified":"2026-03-31T07:52:31+00:00","description":"Acquista online la tua pianta di mele, consegna a domicilio. Melo GIUGNO. Confronta le piante da frutto,le variet\u00e0 antiche e le viti dei vivai Dalmonte.","breadcrumb":{"@id":"https:\/\/www.anticopomario.com\/prodotto\/giugno-2\/#breadcrumb"},"inLanguage":"en-US","potentialAction":[{"@type":"ReadAction","target":["https:\/\/www.anticopomario.com\/prodotto\/giugno-2\/"]}]},{"@type":"ImageObject","inLanguage":"en-US","@id":"https:\/\/www.anticopomario.com\/prodotto\/giugno-2\/#primaryimage","url":"https:\/\/www.anticopomario.com\/wp-content\/uploads\/2019\/10\/m_giugno_1.jpg","contentUrl":"https:\/\/www.anticopomario.com\/wp-content\/uploads\/2019\/10\/m_giugno_1.jpg","width":1733,"height":1300,"caption":"foto di mela variet\u00e0 giugno"},{"@type":"BreadcrumbList","@id":"https:\/\/www.anticopomario.com\/prodotto\/giugno-2\/#breadcrumb","itemListElement":[{"@type":"ListItem","position":1,"name":"Home","item":"https:\/\/www.anticopomario.com\/"},{"@type":"ListItem","position":2,"name":"Shop","item":"https:\/\/www.anticopomario.com\/shop\/"},{"@type":"ListItem","position":3,"name":"MELO GIUGNO"}]},{"@type":"WebSite","@id":"https:\/\/www.anticopomario.com\/#website","url":"https:\/\/www.anticopomario.com\/","name":"Antico Pomario","description":"Piante da frutto, variet\u00e0 antiche, barbatelle di vite e specie da riscoprire","publisher":{"@id":"https:\/\/www.anticopomario.com\/#organization"},"potentialAction":[{"@type":"SearchAction","target":{"@type":"EntryPoint","urlTemplate":"https:\/\/www.anticopomario.com\/?s={search_term_string}"},"query-input":{"@type":"PropertyValueSpecification","valueRequired":true,"valueName":"search_term_string"}}],"inLanguage":"en-US"},{"@type":"Organization","@id":"https:\/\/www.anticopomario.com\/#organization","name":"Dalmonte Guido e Vittorio Vivai","url":"https:\/\/www.anticopomario.com\/","logo":{"@type":"ImageObject","inLanguage":"en-US","@id":"https:\/\/www.anticopomario.com\/#\/schema\/logo\/image\/","url":"https:\/\/www.anticopomario.com\/wp-content\/uploads\/2019\/10\/Logo-Dalmonte-1.jpg","contentUrl":"https:\/\/www.anticopomario.com\/wp-content\/uploads\/2019\/10\/Logo-Dalmonte-1.jpg","width":504,"height":356,"caption":"Dalmonte Guido e Vittorio Vivai"},"image":{"@id":"https:\/\/www.anticopomario.com\/#\/schema\/logo\/image\/"},"sameAs":["https:\/\/www.facebook.com\/AnticoPomario"]}]}},"_links":{"self":[{"href":"https:\/\/www.anticopomario.com\/en\/wp-json\/wp\/v2\/product\/9937","targetHints":{"allow":["GET"]}}],"collection":[{"href":"https:\/\/www.anticopomario.com\/en\/wp-json\/wp\/v2\/product"}],"about":[{"href":"https:\/\/www.anticopomario.com\/en\/wp-json\/wp\/v2\/types\/product"}],"wp:featuredmedia":[{"embeddable":true,"href":"https:\/\/www.anticopomario.com\/en\/wp-json\/wp\/v2\/media\/9942"}],"wp:attachment":[{"href":"https:\/\/www.anticopomario.com\/en\/wp-json\/wp\/v2\/media?parent=9937"}],"wp:term":[{"taxonomy":"product_brand","embeddable":true,"href":"https:\/\/www.anticopomario.com\/en\/wp-json\/wp\/v2\/product_brand?post=9937"},{"taxonomy":"product_cat","embeddable":true,"href":"https:\/\/www.anticopomario.com\/en\/wp-json\/wp\/v2\/product_cat?post=9937"},{"taxonomy":"product_tag","embeddable":true,"href":"https:\/\/www.anticopomario.com\/en\/wp-json\/wp\/v2\/product_tag?post=9937"}],"curies":[{"name":"wp","href":"https:\/\/api.w.org\/{rel}","templated":true}]}}